{"id":4167,"date":"2020-04-09T13:29:00","date_gmt":"2020-04-09T11:29:01","guid":{"rendered":"https:\/\/www.monkeysoil.com\/?post_type=product&#038;p=4167"},"modified":"2024-10-07T13:55:20","modified_gmt":"2024-10-07T11:55:20","slug":"monkey-coco-lite","status":"publish","type":"product","link":"https:\/\/monkeysoil.com\/it\/prodotto\/monkey-coco-lite\/","title":{"rendered":"Monkey Coco Lite"},"content":{"rendered":"<p>Substrato di fibra di cocco con perlite<\/p>\n","protected":false},"excerpt":{"rendered":"<h3>Substrato di fibra di cocco con perlite<\/h3>\n<p class=\"p1\"><strong>Sacco da 50 litri<\/strong><\/p>\n<p>Monkey Coco Lite \u00e8 un substrato di coltivazione a base di torba di cocco e perlite a grana grossa, progettato per la coltivazione intensiva in cocco; con un&#8217;ottima areazione e capacit\u00e0 di ritenzione dell&#8217;umidit\u00e0 del suolo. \u00c8 adatto per l&#8217;agricoltura biologica e la produzione di prodotti GMP.<\/p>\n<p>Prodotto utilizzabile in Agricoltura Biologica secondo il Regolamento CE n. 834\/2007 e 889\/2008, NOP e JAS.<\/p>\n<p>Controllo Ecocert S.A F-32600 70.<\/p>\n","protected":false},"featured_media":7429,"menu_order":16,"comment_status":"closed","ping_status":"closed","template":"","meta":{"_acf_changed":false,"_et_pb_use_builder":"","_et_pb_old_content":"","_et_gb_content_width":""},"product_brand":[],"product_cat":[164],"product_tag":[312,315,230,247,319,318,314,264,310,316,311,313],"class_list":{"0":"post-4167","1":"product","2":"type-product","3":"status-publish","4":"has-post-thumbnail","6":"product_cat-substrati","7":"product_tag-cultivo-it","8":"product_tag-ecologico-it","9":"product_tag-ecosoil-it","10":"product_tag-monkey-it","11":"product_tag-monkey-coco-lite-it","12":"product_tag-monkey-cocolite-it","13":"product_tag-organico-it","14":"product_tag-substrati","15":"product_tag-sustrato-it","16":"product_tag-terapeutico-it","17":"product_tag-tierra-it","18":"product_tag-tierras-it","20":"first","21":"instock","22":"taxable","23":"shipping-taxable","24":"purchasable","25":"product-type-simple"},"acf":[],"_links":{"self":[{"href":"https:\/\/monkeysoil.com\/it\/wp-json\/wp\/v2\/product\/4167","targetHints":{"allow":["GET"]}}],"collection":[{"href":"https:\/\/monkeysoil.com\/it\/wp-json\/wp\/v2\/product"}],"about":[{"href":"https:\/\/monkeysoil.com\/it\/wp-json\/wp\/v2\/types\/product"}],"replies":[{"embeddable":true,"href":"https:\/\/monkeysoil.com\/it\/wp-json\/wp\/v2\/comments?post=4167"}],"wp:featuredmedia":[{"embeddable":true,"href":"https:\/\/monkeysoil.com\/it\/wp-json\/wp\/v2\/media\/7429"}],"wp:attachment":[{"href":"https:\/\/monkeysoil.com\/it\/wp-json\/wp\/v2\/media?parent=4167"}],"wp:term":[{"taxonomy":"product_brand","embeddable":true,"href":"https:\/\/monkeysoil.com\/it\/wp-json\/wp\/v2\/product_brand?post=4167"},{"taxonomy":"product_cat","embeddable":true,"href":"https:\/\/monkeysoil.com\/it\/wp-json\/wp\/v2\/product_cat?post=4167"},{"taxonomy":"product_tag","embeddable":true,"href":"https:\/\/monkeysoil.com\/it\/wp-json\/wp\/v2\/product_tag?post=4167"}],"curies":[{"name":"wp","href":"https:\/\/api.w.org\/{rel}","templated":true}]}}