{"id":1800,"date":"2002-03-03T10:34:23","date_gmt":"2002-03-03T09:34:23","guid":{"rendered":"https:\/\/www.monkeysoil.com\/producto\/monkey-coco\/"},"modified":"2024-09-18T12:38:10","modified_gmt":"2024-09-18T10:38:10","slug":"monkey-coco","status":"publish","type":"product","link":"https:\/\/monkeysoil.com\/it\/prodotto\/monkey-coco\/","title":{"rendered":"Monkey Coco"},"content":{"rendered":"<p>Cocco di granulometria media con sistema buffer<\/p>\n","protected":false},"excerpt":{"rendered":"<h2>COCCO DI GRANULOMETRIA MEDIA CON SISTEMA BUFFER<\/h2>\n<p><strong>Sacco da 50 litri<\/strong><\/p>\n<p>Monkey Coco \u00e8 un substrato di granulometria media con sistema buffer; organico, naturale e rinnovabile. Ha una grande capacit\u00e0 di resistenza alle situazioni di stress e fornisce alla pianta un equilibrio ottimale tra ritenzione idrica e capacit\u00e0 di aerazione. Mantiene una struttura ossigenata durante tutto il ciclo di coltivazione.<\/p>\n<p>Substrato di cocco che contiene torba di cocco, fibra di cocco medio, nitrato calcico e NPK.<\/p>\n<p>&nbsp;<\/p>\n","protected":false},"featured_media":7454,"menu_order":15,"comment_status":"closed","ping_status":"closed","template":"","meta":{"_acf_changed":false,"_et_pb_use_builder":"","_et_pb_old_content":"","_et_gb_content_width":""},"product_brand":[],"product_cat":[164],"product_tag":[226,312,248,264,310,313],"class_list":{"0":"post-1800","1":"product","2":"type-product","3":"status-publish","4":"has-post-thumbnail","6":"product_cat-substrati","7":"product_tag-coco-it","8":"product_tag-cultivo-it","9":"product_tag-monkey-soil-it","10":"product_tag-substrati","11":"product_tag-sustrato-it","12":"product_tag-tierras-it","14":"first","15":"instock","16":"featured","17":"taxable","18":"shipping-taxable","19":"purchasable","20":"product-type-simple"},"acf":[],"_links":{"self":[{"href":"https:\/\/monkeysoil.com\/it\/wp-json\/wp\/v2\/product\/1800","targetHints":{"allow":["GET"]}}],"collection":[{"href":"https:\/\/monkeysoil.com\/it\/wp-json\/wp\/v2\/product"}],"about":[{"href":"https:\/\/monkeysoil.com\/it\/wp-json\/wp\/v2\/types\/product"}],"replies":[{"embeddable":true,"href":"https:\/\/monkeysoil.com\/it\/wp-json\/wp\/v2\/comments?post=1800"}],"wp:featuredmedia":[{"embeddable":true,"href":"https:\/\/monkeysoil.com\/it\/wp-json\/wp\/v2\/media\/7454"}],"wp:attachment":[{"href":"https:\/\/monkeysoil.com\/it\/wp-json\/wp\/v2\/media?parent=1800"}],"wp:term":[{"taxonomy":"product_brand","embeddable":true,"href":"https:\/\/monkeysoil.com\/it\/wp-json\/wp\/v2\/product_brand?post=1800"},{"taxonomy":"product_cat","embeddable":true,"href":"https:\/\/monkeysoil.com\/it\/wp-json\/wp\/v2\/product_cat?post=1800"},{"taxonomy":"product_tag","embeddable":true,"href":"https:\/\/monkeysoil.com\/it\/wp-json\/wp\/v2\/product_tag?post=1800"}],"curies":[{"name":"wp","href":"https:\/\/api.w.org\/{rel}","templated":true}]}}