{"id":1797,"date":"2003-03-04T10:34:41","date_gmt":"2003-03-04T09:34:41","guid":{"rendered":"https:\/\/www.monkeysoil.com\/producto\/monkey-coco-pro\/"},"modified":"2024-05-06T12:02:23","modified_gmt":"2024-05-06T10:02:23","slug":"monkey-coco-pro","status":"publish","type":"product","link":"https:\/\/monkeysoil.com\/it\/prodotto\/monkey-coco-pro\/","title":{"rendered":"Monkey Coco Pro"},"content":{"rendered":"<p>Substrato di Cocco di alta qualit\u00e0<\/p>\n","protected":false},"excerpt":{"rendered":"<h2>Substrato di Cocco di alta qualit\u00e0<\/h2>\n<p><strong>Sacco da 50 litri<\/strong><\/p>\n<p>Monkey Coco Pro \u00e8 un substrato di cocco di alta qualit\u00e0 con elevata ritenzione idrica, che contiene fertilizzante minerale di quarta generazione a rilascio lento. \u00c8 un&#8217;opzione di coltura altamente produttiva che genera nelle piante un\u2019ottima resistenza a parassiti e funghi.<\/p>\n<p>Substrato di cocco contenente torba di cocco, fibra di cocco medio, nitrato di calcio e NPK.<\/p>\n","protected":false},"featured_media":7445,"menu_order":35,"comment_status":"closed","ping_status":"closed","template":"","meta":{"_acf_changed":false,"_et_pb_use_builder":"","_et_pb_old_content":"","_et_gb_content_width":""},"product_brand":[],"product_cat":[164],"product_tag":[228,312,247,248,264,310,311,313],"class_list":{"0":"post-1797","1":"product","2":"type-product","3":"status-publish","4":"has-post-thumbnail","6":"product_cat-substrati","7":"product_tag-coco-pro-it","8":"product_tag-cultivo-it","9":"product_tag-monkey-it","10":"product_tag-monkey-soil-it","11":"product_tag-substrati","12":"product_tag-sustrato-it","13":"product_tag-tierra-it","14":"product_tag-tierras-it","16":"first","17":"instock","18":"taxable","19":"shipping-taxable","20":"purchasable","21":"product-type-simple"},"acf":[],"_links":{"self":[{"href":"https:\/\/monkeysoil.com\/it\/wp-json\/wp\/v2\/product\/1797","targetHints":{"allow":["GET"]}}],"collection":[{"href":"https:\/\/monkeysoil.com\/it\/wp-json\/wp\/v2\/product"}],"about":[{"href":"https:\/\/monkeysoil.com\/it\/wp-json\/wp\/v2\/types\/product"}],"replies":[{"embeddable":true,"href":"https:\/\/monkeysoil.com\/it\/wp-json\/wp\/v2\/comments?post=1797"}],"wp:featuredmedia":[{"embeddable":true,"href":"https:\/\/monkeysoil.com\/it\/wp-json\/wp\/v2\/media\/7445"}],"wp:attachment":[{"href":"https:\/\/monkeysoil.com\/it\/wp-json\/wp\/v2\/media?parent=1797"}],"wp:term":[{"taxonomy":"product_brand","embeddable":true,"href":"https:\/\/monkeysoil.com\/it\/wp-json\/wp\/v2\/product_brand?post=1797"},{"taxonomy":"product_cat","embeddable":true,"href":"https:\/\/monkeysoil.com\/it\/wp-json\/wp\/v2\/product_cat?post=1797"},{"taxonomy":"product_tag","embeddable":true,"href":"https:\/\/monkeysoil.com\/it\/wp-json\/wp\/v2\/product_tag?post=1797"}],"curies":[{"name":"wp","href":"https:\/\/api.w.org\/{rel}","templated":true}]}}