{"id":1788,"date":"2006-03-06T16:58:18","date_gmt":"2006-03-06T15:58:18","guid":{"rendered":"https:\/\/www.monkeysoil.com\/producto\/monkey-ecosoil-outdoor\/"},"modified":"2024-05-06T11:52:57","modified_gmt":"2024-05-06T09:52:57","slug":"monkey-ecosoil-outdoor","status":"publish","type":"product","link":"https:\/\/monkeysoil.com\/it\/prodotto\/monkey-ecosoil-outdoor\/","title":{"rendered":"Monkey EcoSoil Outdoor"},"content":{"rendered":"<p>Substrato Ecologico 100% organico<\/p>\n","protected":false},"excerpt":{"rendered":"<h2>Substrato Ecologico 100% organico<\/h2>\n<p><strong>Sacco da 50 litri<\/strong><\/p>\n<p>Monkey Ecosoil Outdoor \u00e8 un terriccio adatto per l&#8217;agricoltura biol\u00f3gica con Control Ecocert SA F-32600. Non contiene nessun tipo di metallo pesante ed \u00e8 adatta alla coltivazione per uso terapeutico. \u00c8 un substrato inerte e completo; con torba di prima qualit\u00e0 estratta in blocchi 7-20, prefertilizzato naturalmente, permette la coltivazione senza nacessita di concimare nel periodo di crescimanto della pianta. Inoltre contiene fibra di cocco che favorisce lo sviluppo delle radici.<\/p>\n<p>Ecosoil Outdoor \u00e8 una mescola di terricci preparata in grana grossa, perfetta per la ritenzione idrica e il rilascio graduale.<\/p>\n<p>Prodotto utilizzabile in agricoltura biologica secondo il Regolamento CE n\u00b0 834\/2007 e 889\/2008, NOP e JAS.<\/p>\n<p>Controllo Ecocert SA F-32600.<\/p>\n","protected":false},"featured_media":7466,"menu_order":36,"comment_status":"closed","ping_status":"closed","template":"","meta":{"_acf_changed":false,"_et_pb_use_builder":"","_et_pb_old_content":"","_et_gb_content_width":""},"product_brand":[],"product_cat":[164],"product_tag":[312,315,230,247,245,314,264,310,316,311,313],"class_list":{"0":"post-1788","1":"product","2":"type-product","3":"status-publish","4":"has-post-thumbnail","6":"product_cat-substrati","7":"product_tag-cultivo-it","8":"product_tag-ecologico-it","9":"product_tag-ecosoil-it","10":"product_tag-monkey-it","11":"product_tag-monkey-ecosoil-it","12":"product_tag-organico-it","13":"product_tag-substrati","14":"product_tag-sustrato-it","15":"product_tag-terapeutico-it","16":"product_tag-tierra-it","17":"product_tag-tierras-it","19":"first","20":"instock","21":"taxable","22":"shipping-taxable","23":"purchasable","24":"product-type-simple"},"acf":[],"_links":{"self":[{"href":"https:\/\/monkeysoil.com\/it\/wp-json\/wp\/v2\/product\/1788","targetHints":{"allow":["GET"]}}],"collection":[{"href":"https:\/\/monkeysoil.com\/it\/wp-json\/wp\/v2\/product"}],"about":[{"href":"https:\/\/monkeysoil.com\/it\/wp-json\/wp\/v2\/types\/product"}],"replies":[{"embeddable":true,"href":"https:\/\/monkeysoil.com\/it\/wp-json\/wp\/v2\/comments?post=1788"}],"wp:featuredmedia":[{"embeddable":true,"href":"https:\/\/monkeysoil.com\/it\/wp-json\/wp\/v2\/media\/7466"}],"wp:attachment":[{"href":"https:\/\/monkeysoil.com\/it\/wp-json\/wp\/v2\/media?parent=1788"}],"wp:term":[{"taxonomy":"product_brand","embeddable":true,"href":"https:\/\/monkeysoil.com\/it\/wp-json\/wp\/v2\/product_brand?post=1788"},{"taxonomy":"product_cat","embeddable":true,"href":"https:\/\/monkeysoil.com\/it\/wp-json\/wp\/v2\/product_cat?post=1788"},{"taxonomy":"product_tag","embeddable":true,"href":"https:\/\/monkeysoil.com\/it\/wp-json\/wp\/v2\/product_tag?post=1788"}],"curies":[{"name":"wp","href":"https:\/\/api.w.org\/{rel}","templated":true}]}}