{"id":5450,"date":"2020-11-09T16:53:22","date_gmt":"2020-11-09T15:53:22","guid":{"rendered":"https:\/\/www.monkeysoil.com\/?page_id=5450"},"modified":"2025-08-06T18:07:06","modified_gmt":"2025-08-06T16:07:06","slug":"condizioni-duso-del-web","status":"publish","type":"page","link":"https:\/\/monkeysoil.com\/it\/condizioni-duso-del-web\/","title":{"rendered":"CONDIZIONI D&#8217;USO DEL WEB"},"content":{"rendered":"<p>[et_pb_section fb_built=&#8221;1&#8243; custom_padding_last_edited=&#8221;on|desktop&#8221; admin_label=&#8221;section&#8221; _builder_version=&#8221;3.22&#8243; background_color=&#8221;rgba(255,255,255,0)&#8221; custom_padding_tablet=&#8221;50px|0|50px|0&#8243; custom_padding_phone=&#8221;&#8221; transparent_background=&#8221;on&#8221; padding_mobile=&#8221;off&#8221; make_fullwidth=&#8221;off&#8221; use_custom_width=&#8221;off&#8221; width_unit=&#8221;on&#8221; global_colors_info=&#8221;{}&#8221;][et_pb_row admin_label=&#8221;row&#8221; _builder_version=&#8221;3.25&#8243; background_size=&#8221;initial&#8221; background_position=&#8221;top_left&#8221; background_repeat=&#8221;repeat&#8221; global_colors_info=&#8221;{}&#8221;][et_pb_column type=&#8221;4_4&#8243; _builder_version=&#8221;3.25&#8243; custom_padding=&#8221;|||&#8221; global_colors_info=&#8221;{}&#8221; custom_padding__hover=&#8221;|||&#8221;][et_pb_blurb content_max_width=&#8221;1100px&#8221; admin_label=&#8221;Pol\u00edtica de Privacidad&#8221; module_class=&#8221;anuncio_basico politica-privacidad&#8221; _builder_version=&#8221;4.14.1&#8243; header_text_color=&#8221;#3a3a3a&#8221; body_text_color=&#8221;#6b6b6b&#8221; background_size=&#8221;initial&#8221; background_position=&#8221;top_left&#8221; background_repeat=&#8221;repeat&#8221; background_layout=&#8221;dark&#8221; max_width_tablet=&#8221;50px&#8221; hover_enabled=&#8221;0&#8243; use_border_color=&#8221;off&#8221; global_colors_info=&#8221;{}&#8221; sticky_enabled=&#8221;0&#8243;]<\/p>\n<div class=\"rte\">\n<p> <strong>CONDIZIONI D&#8217;USO DEL WEB<\/strong><\/p>\n<ol>\n<li><strong> SCOPO:<\/strong><\/li>\n<\/ol>\n<p> Le presenti Condizioni d&#8217;uso del Sito stabiliscono le condizioni generali che regolano sia l&#8217;accesso che la navigazione, nonch\u00e9 l&#8217;utilizzo dei contenuti di questo sito.<\/p>\n<p>Le informazioni contenute in questa pagina web si riferiscono ai prodotti commercializzati da Monkey Fertilizers SL, attraverso il marchio MONKEY SOIL (di seguito MONKEYSOIL) <strong>.<\/strong> La presente informativa ha scopo puramente illustrativo e non costituisce in alcun modo un&#8217;offerta vincolante che obbliga l&#8217;utente all&#8217;acquisto dei prodotti pubblicati. MONKEYSOIL si riserva il diritto di modificare le informazioni qui contenute quando lo ritenga opportuno e senza preavviso, non essendo responsabile dell&#8217;accuratezza, insufficienza o autenticit\u00e0 delle informazioni fornite. Puoi trovare i dettagli sulle condizioni di reso dei prodotti che hai acquistato nel link corrispondente che troverai pubblicato su questo sito.<\/p>\n<p>MONKEYSOIL, a sua volta, si riserva il diritto di modificare il contenuto del documento delle Condizioni d&#8217;uso di questo sito web. L&#8217;Utente, pertanto, deve leggere attentamente questo documento in ciascuna delle occasioni in cui intende utilizzare il sito Web poich\u00e9 esso e le sue condizioni di utilizzo contenute in questo documento possono essere modificate.<\/p>\n<p> La fornitura del servizio di questo sito web ha una durata limitata nel momento in cui l&#8217;Utente \u00e8 connesso al sito web o ad uno qualsiasi dei servizi che vengono forniti attraverso di esso.<\/p>\n<ol start=\"2\">\n<li><strong>CONDIZIONI D&#8217;USO DEL WEB:<\/strong><\/li>\n<\/ol>\n<p>Con il semplice accesso, navigazione o utilizzo del sito web si ha lo stato di utente. L&#8217;utente accetta integralmente e senza alcuna riserva le condizioni contenute nelle presenti Condizioni d&#8217;uso del sito web.<\/p>\n<p> L&#8217;utente si impegna a utilizzare il sito web insieme ai suoi servizi e contenuti, in modo lecito, in conformit\u00e0 con la legislazione vigente, gli usi generalmente accettati, la buona fede e l&#8217;ordine pubblico.<\/p>\n<p> L&#8217;utente si impegna a non intraprendere azioni che possano causare danni alla pagina web, renderla inutile, sovraccaricarla o deteriorarla in qualsiasi modo, o impedire ad altri utenti il &#038;ZeroWidthSpace;&#038;ZeroWidthSpace;libero accesso, utilizzo o godimento della pagina web.<\/p>\n<ol start=\"3\">\n<li><strong>PROPRIET\u00c0 INTELLETTUALE E UTILIZZO DEI CONTENUTI:<\/strong><\/li>\n<\/ol>\n<p>Monkey Fertilizers SL \u00e8 titolare dei diritti di propriet\u00e0 intellettuale e industriale di questo sito Web e di tutti i suoi contenuti (a titolo esemplificativo: marchio e logo MONKEYSOIL, testi, fotografie e altri contenuti audiovisivi, software, design grafico, ecc.) o dispone della licenza o autorizzazione corrispondente per il suo utilizzo. L&#8217;accesso alla navigazione e all&#8217;utilizzo di questo sito web da parte dell&#8217;utente non implica in nessun caso rinuncia, trasmissione, licenza o cessione totale o parziale degli stessi.<\/p>\n<p> \u00c8 vietato riprodurre, modificare, riutilizzare, sfruttare, comunicare pubblicamente, caricare file, inviare per posta, trasmettere, utilizzare, elaborare o distribuire in qualsiasi modo tutto o parte dei contenuti inclusi in questo sito Web per scopi pubblici o commerciali, se non Hai l&#8217;espressa autorizzazione scritta di MONKEYSOIL.<\/p>\n<ol start=\"4\">\n<li><strong>Link<\/strong><\/li>\n<\/ol>\n<p> <strong>4.1. LINK AD ALTRI SITI WEB ESTERNI:<\/strong><\/p>\n<p>MONKEYSOIL declina ogni responsabilit\u00e0 per qualsiasi informazione sul World Wide Web non prodotta da MONKEYSOIL o non pubblicata sotto il suo nome. Il sito Web pu\u00f2 contenere collegamenti ipertestuali ad altre pagine del World Wide Web che sono completamente indipendenti da questo sito Web. MONKEYSOIL non risponder\u00e0 n\u00e9 garantir\u00e0, in alcun modo, l&#8217;accuratezza, l&#8217;insufficienza o l&#8217;autenticit\u00e0 delle informazioni fornite da qualsiasi persona o entit\u00e0, fisica o giuridica, con o senza una propria personalit\u00e0 giuridica, attraverso detti collegamenti ipertestuali.<\/p>\n<p> <strong>4.2. LINK ESTERNI AI <\/strong><strong>SITI WEB <\/strong><strong>DI <\/strong><strong>MONKEYSOIL<\/strong> :<\/p>\n<p> Se qualsiasi altro sito Web, utente o entit\u00e0 desidera stabilire un collegamento a https:\/\/monkeysoil.com, tale collegamento deve essere soggetto alle condizioni descritte di seguito:<\/p>\n<ol>\n<li>Il collegamento sar\u00e0 diretto alla pagina principale oa una delle sue sezioni. Il collegamento, in ogni caso, deve essere assoluto e completo, portando l&#8217;utente con un solo clic all&#8217;URL della pagina principale o all&#8217;URL di una qualsiasi delle sue sezioni. Il collegamento deve coprire l&#8217;intera estensione dello schermo del sito Web di https:\/\/monkeysoil.com<\/li>\n<li>In nessun caso, se non espressamente autorizzato per iscritto da MONKEYSOIL, il sito Web che stabilisce il collegamento pu\u00f2 riprodurre in qualsiasi modo https:\/\/monkeysoil.com, includendolo come parte integrante del proprio sito Web, utilizzando frame, reindirizzamenti o altro misura che comporta l&#8217;occultamento dell&#8217;origine dell&#8217;informazione.<\/li>\n<li>Non \u00e8 autorizzata la creazione di un collegamento a https:\/\/monkeysoil.com, da siti Web che contengano contenuti illeciti, illegali, degradanti o osceni, contrari alla morale o all&#8217;ordine pubblico.<\/li>\n<\/ol>\n<p>Il servizio di accesso al sito web comprende dispositivi tecnici di collegamento, directory e anche strumenti di ricerca che consentono all&#8217;Utente di accedere ad altre pagine e portali Internet (di seguito, &#8216;Siti Collegati&#8217;). In questi casi, MONKEYSOIL agisce come prestatore di servizi di intermediazione in conformit\u00e0 con la Legge sui Servizi Informativi e sul Commercio Elettronico e sar\u00e0 responsabile dei contenuti e dei servizi forniti sui Siti Collegati solo nella misura in cui abbia effettiva conoscenza dell&#8217;illegalit\u00e0 e non ha disattivato il collegamento con la dovuta diligenza. Nel caso in cui l&#8217;Utente ritenga che ci sia un Sito Collegato con contenuti illegali o inappropriati, pu\u00f2 avvisare MONKEYSOIL inviando un messaggio a <a href=\"mailto:info@monkeysoil.com?_x_tr_sl=es&amp;_x_tr_tl=it&amp;_x_tr_hl=es&amp;_x_tr_pto=ajax,elem\">info@monkeysoil.com<\/a>, senza che in nessun caso tale comunicazione comporti l&#8217;obbligo di rimuovere il link corrispondente.<\/p>\n<p> In nessun caso, l&#8217;esistenza di Siti Collegati deve presupporre l&#8217;esistenza di accordi con i responsabili o titolari di questi, n\u00e9 la raccomandazione, la promozione o l&#8217;identificazione di MONKEYSOIL con le dichiarazioni, i contenuti oi servizi forniti.<\/p>\n<p> MONKEYSOIL non conosce i contenuti e i servizi dei Siti Collegati e pertanto non \u00e8 responsabile dei danni causati dall&#8217;illegalit\u00e0, qualit\u00e0, obsolescenza, indisponibilit\u00e0, errore e inutilit\u00e0 dei contenuti e\/o servizi dei Siti Collegati o da qualsiasi altro danno non direttamente imputabile a MONKEYSOIL<\/p>\n<ol start=\"5\">\n<li><strong>ESCLUSIONE DI RESPONSABILITA&#8217;:&nbsp;<\/strong><\/li>\n<\/ol>\n<p> La responsabilit\u00e0 per l&#8217;uso di questo Sito Web spetta solo ed esclusivamente all&#8217;Utente.<\/p>\n<p> MONKEYSOIL non \u00e8 in nessun caso responsabile per danni di qualsiasi natura che possano essere causati da:<\/p>\n<ol>\n<li>L&#8217;indisponibilit\u00e0, la manutenzione e il funzionamento del Web o dei suoi servizi o contenuti, poich\u00e9 richiede forniture e servizi da parte di terzi.<\/li>\n<li>Errori ed omissioni nelle informazioni pubblicate, nonch\u00e9 la mancanza di utilit\u00e0, adeguatezza o validit\u00e0 del sito web o dei suoi servizi o contenuti per soddisfare le esigenze, attivit\u00e0 o risultati specifici o aspettative degli Utenti.<\/li>\n<\/ol>\n<p>L&#8217;accesso al Portale non implica l&#8217;obbligo da parte di MONKEYSOIL di controllare l&#8217;assenza di virus o qualsiasi altro elemento informatico dannoso. In ogni caso, l&#8217;Utente \u00e8 responsabile della disponibilit\u00e0 di strumenti adeguati per l&#8217;individuazione e la disinfezione di programmi informatici dannosi. MONKEYSOIL non \u00e8 responsabile per i danni prodotti nelle apparecchiature informatiche degli Utenti o di terzi durante l&#8217;utilizzo del web.<\/p>\n<ol start=\"6\">\n<li><strong> LEGISLAZIONE E GIURISDIZIONE<\/strong><\/li>\n<\/ol>\n<p>Le Condizioni d&#8217;uso del sito web sono regolate in ogni suo estremo dalla legge spagnola e dal Regolamento generale sulla protezione dei dati dell&#8217;Unione Europea. Qualsiasi controversia derivante da questioni relative a questo sito Web sar\u00e0 soggetta esclusivamente alla giurisdizione dei tribunali della citt\u00e0 di Barcellona.<\/p>\n<ol start=\"7\">\n<li><strong> aggiornamento<\/strong><\/li>\n<\/ol>\n<p>Il documento \u00e8 stato rivisto l&#8217;ultima volta nel <strong>settembre 2020 <\/strong><strong>.<\/strong><\/p>\n<\/p><\/div>\n<p>[\/et_pb_blurb][\/et_pb_column][\/et_pb_row][\/et_pb_section]<\/p>\n","protected":false},"excerpt":{"rendered":"<p>CONDIZIONI D&#8217;USO DEL WEB SCOPO: Le presenti Condizioni d&#8217;uso del Sito stabiliscono le condizioni generali che regolano sia l&#8217;accesso che la navigazione, nonch\u00e9 l&#8217;utilizzo dei contenuti di questo sito. Le informazioni contenute in questa pagina web si riferiscono ai prodotti commercializzati da Monkey Fertilizers SL, attraverso il marchio MONKEY SOIL (di seguito MONKEYSOIL) . La [&hellip;]<\/p>\n","protected":false},"author":3,"featured_media":0,"parent":0,"menu_order":100,"comment_status":"closed","ping_status":"closed","template":"","meta":{"_acf_changed":false,"_et_pb_use_builder":"on","_et_pb_old_content":"","_et_gb_content_width":"","footnotes":""},"class_list":["post-5450","page","type-page","status-publish","hentry"],"acf":[],"_links":{"self":[{"href":"https:\/\/monkeysoil.com\/it\/wp-json\/wp\/v2\/pages\/5450","targetHints":{"allow":["GET"]}}],"collection":[{"href":"https:\/\/monkeysoil.com\/it\/wp-json\/wp\/v2\/pages"}],"about":[{"href":"https:\/\/monkeysoil.com\/it\/wp-json\/wp\/v2\/types\/page"}],"author":[{"embeddable":true,"href":"https:\/\/monkeysoil.com\/it\/wp-json\/wp\/v2\/users\/3"}],"replies":[{"embeddable":true,"href":"https:\/\/monkeysoil.com\/it\/wp-json\/wp\/v2\/comments?post=5450"}],"version-history":[{"count":0,"href":"https:\/\/monkeysoil.com\/it\/wp-json\/wp\/v2\/pages\/5450\/revisions"}],"wp:attachment":[{"href":"https:\/\/monkeysoil.com\/it\/wp-json\/wp\/v2\/media?parent=5450"}],"curies":[{"name":"wp","href":"https:\/\/api.w.org\/{rel}","templated":true}]}}