{"id":3232,"date":"2019-07-17T17:58:30","date_gmt":"2019-07-17T15:58:30","guid":{"rendered":"https:\/\/www.monkeysoil.com\/?page_id=3232"},"modified":"2025-08-06T18:12:46","modified_gmt":"2025-08-06T16:12:46","slug":"privacy-policy","status":"publish","type":"page","link":"https:\/\/monkeysoil.com\/it\/privacy-policy\/","title":{"rendered":"Politica di privacit\u00e0"},"content":{"rendered":"<p>[et_pb_section fb_built=&#8221;1&#8243; custom_padding_last_edited=&#8221;on|desktop&#8221; admin_label=&#8221;section&#8221; _builder_version=&#8221;3.22&#8243; background_color=&#8221;rgba(255,255,255,0)&#8221; custom_padding_tablet=&#8221;50px|0|50px|0&#8243; custom_padding_phone=&#8221;&#8221; transparent_background=&#8221;on&#8221; padding_mobile=&#8221;off&#8221; make_fullwidth=&#8221;off&#8221; use_custom_width=&#8221;off&#8221; width_unit=&#8221;on&#8221; global_colors_info=&#8221;{}&#8221;][et_pb_row admin_label=&#8221;row&#8221; _builder_version=&#8221;3.25&#8243; background_size=&#8221;initial&#8221; background_position=&#8221;top_left&#8221; background_repeat=&#8221;repeat&#8221; global_colors_info=&#8221;{}&#8221;][et_pb_column type=&#8221;4_4&#8243; _builder_version=&#8221;3.25&#8243; custom_padding=&#8221;|||&#8221; global_colors_info=&#8221;{}&#8221; custom_padding__hover=&#8221;|||&#8221;][et_pb_blurb title=&#8221;ESERCIZIO DEI DIRITTI SUI TUOI DATI PERSONALI&#8221; content_max_width=&#8221;100%&#8221; admin_label=&#8221;ESERCIZIO DEI DIRITTI SUI TUOI DATI PERSONALI&#8221; module_class=&#8221;anuncio_basico&#8221; _builder_version=&#8221;4.14.1&#8243; header_text_color=&#8221;#3a3a3a&#8221; body_text_color=&#8221;#6b6b6b&#8221; background_size=&#8221;initial&#8221; background_position=&#8221;top_left&#8221; background_repeat=&#8221;repeat&#8221; background_layout=&#8221;dark&#8221; max_width_tablet=&#8221;50px&#8221; hover_enabled=&#8221;0&#8243; use_border_color=&#8221;off&#8221; global_colors_info=&#8221;{}&#8221; sticky_enabled=&#8221;0&#8243;]<\/p>\n<div class=\"rte\">\n<p><strong>POLITICA SULLA RISERVATEZZA<\/strong><\/p>\n<p id=\"responsable\"><strong>1 &#8211; CHI \u00c8 RESPONSABILE DEL TRATTAMENTO DEI TUOI DATI?<\/strong><\/p>\n<p>Il responsabile dei dati e proprietario del marchio e del sito Web https:\/\/monkeysoil.com \u00e8 Monkey Fertilizers SL, una societ\u00e0 commerciale con sede legale in c \/ Col\u00f3n, 586 Nave 9 08228 Terrassa, con NIF: ESB75968362 (di seguito Monkey Soil)<\/p>\n<p>L&#8217;indirizzo di Monkey Soil \u00e8:<\/p>\n<p>c \/ Colom, 586 Nave 9 &#8211; 08228 Terrassa, Barcellona<\/p>\n<p>T. +34 937 006 548<br \/><a href=\"mailto:info@monkeysoil.com\">info@monkeysoil.com<\/a><\/p>\n<p id=\"tratamiento\"><strong>2- PER QUALE SCOPO TRATTIAMO I TUOI DATI PERSONALI?<\/strong><\/p>\n<p>In Monkey Soil trattiamo i dati personali che ci fornisci per rispondere alla richiesta di informazioni che ci invii, fornirti informazioni sui nostri prodotti, gestire internamente ed esternamente gli ordini online che ci fai, nonch\u00e9 ottemperare agli obblighi legali derivanti da tali attivit\u00e0.<\/p>\n<p>I dati raccolti durante la tua navigazione sono trattati con la finalit\u00e0 di fornire l&#8217;accesso ai contenuti on line del web, nonch\u00e9 per rispondere alle richieste degli utenti del web, tenendo un registro statistico delle visite (indirizzi IP, dati del browser, paese, pagina visitata , ecc.) per fini statistici o per applicare misure volte a migliorare la sicurezza del web.<\/p>\n<p id=\"legitimacion\"><strong>3- QUAL \u00c8 LA LEGITTIMAZIONE PER IL TRATTAMENTO DEI TUOI DATI?<\/strong><\/p>\n<p>La base giuridica per il trattamento dei tuoi dati personali \u00e8 il tuo consenso espresso quando li fornisci per richiedere informazioni, o l&#8217;esecuzione del contratto che si genera quando contratta uno qualsiasi dei nostri prodotti. La legittimit\u00e0 per il trattamento dei dati personali dei nostri fornitori si basa sul rapporto contrattuale che si genera quando stipuliamo un contratto con loro. La base giuridica che legittima il trattamento dei dati personali dei nostri lavoratori si basa sul rapporto di lavoro che ci unisce.<\/p>\n<p id=\"conservacion\"><strong>4- PERIODO DI CONSERVAZIONE Per quanto tempo conserveremo i tuoi dati?<\/strong><\/p>\n<p>I dati personali che ci fornisci saranno conservati per il tempo necessario per gestire le informazioni richieste, nonch\u00e9 per gestire gli acquisti che fai dei nostri prodotti o, per l&#8217;adempimento di qualsiasi contratto che viene generato tra <strong>MONKEY FERTILIZERS SL<\/strong> e terzi o, l&#8217;adempimento degli obblighi di legge che ci riguardano.<\/p>\n<p>Una volta che i dati hanno soddisfatto le esigenze per cui sono stati raccolti, li cancelleremo definitivamente. Tuttavia, conserveremo i tuoi dati pi\u00f9 a lungo se necessario per adempiere a obblighi di legge. Parimenti, potrebbe essere necessario conservarli per il tempo necessario alla prescrizione delle responsabilit\u00e0 contrattuali o legali che si generano.<\/p>\n<p id=\"destinatarios\"><strong>5- A QUALI DESTINATARI VERRANNO COMUNICATI I TUOI DATI?<\/strong><\/p>\n<p>All&#8217;interno della nostra organizzazione i Suoi dati personali saranno trattati da personale debitamente autorizzato e, ove necessario o pratico per adempiere alle finalit\u00e0 sopra indicate, potranno essere trattati, in taluni casi, da soggetti terzi.<\/p>\n<p>Le categorie di destinatari ai quali i tuoi Dati Personali possono essere comunicati sono le seguenti:<\/p>\n<p>a. Nominati soggetti terzi incaricati del trattamento, quali fornitori di servizi informatici, consulenti e consulenti e altre societ\u00e0.<\/p>\n<p>B. enti e autorit\u00e0, anche, esclusivamente al fine di adempiere ad obblighi di legge e regolamentari, nonch\u00e9 ad obblighi delle autorit\u00e0 di polizia su loro richiesta.<\/p>\n<p>C. altri fornitori a cui, se del caso, i tuoi dati personali possono essere trasferiti ad altre entit\u00e0, per il nostro normale funzionamento come istituti finanziari, compagnie assicurative, fornitori di servizi logistici, tra gli altri.<\/p>\n<p>In ogni caso, tutti avranno preventivamente sottoscritto il corrispondente impegno di riservatezza ai sensi della vigente normativa in materia di protezione dei dati personali o saranno soggetti all&#8217;obbligo del segreto professionale previsto dalla normativa di settore che li riguarda.<\/p>\n<p id=\"derechos\"><strong>6- QUALI SONO I TUOI DIRITTI QUANDO CI FORNISCI I TUOI DATI?<\/strong><\/p>\n<p>Se desideri esercitare i diritti che le norme sulla protezione dei dati ti riconoscono, inviaci una e-mail al seguente indirizzo <a href=\"mailto:info@monkeysoil.com\">info@monkeysoil.com<\/a> inserendo nell&#8217;oggetto il diritto che desideri esercitare e allegando una copia del tuo documento di identit\u00e0 nazionale o passaporto o inviando lo stesso contenuto per posta a MONKEY FERTILIZERS SL c \/ Colom, 586 Nave 9 08228 Terrassa, Barcellona.<\/p>\n<p>I Diritti che le vigenti normative le riconoscono e che, ove opportuno, Lei potr\u00e0 esercitare sono:<\/p>\n<p><span style=\"text-decoration: underline;\">Diritto di accesso ai dati:<\/span><\/p>\n<p>Hai il diritto per il Titolare del trattamento di informarti se \u00e8 o meno in corso un trattamento dei tuoi dati personali e, qualora il trattamento sia confermato, consentir\u00e0 il tuo accesso fornendo le seguenti informazioni:<\/p>\n<p>-Le finalit\u00e0 del trattamento.<br \/>-Le categorie di dati in questione.<br \/>-Il termine oi criteri per la conservazione dei dati.<\/p>\n<p><span style=\"text-decoration: underline;\">Diritto di rettifica dei dati:<\/span><\/p>\n<p>Avrai il diritto per il Titolare del trattamento di rettificare i tuoi dati quando sono inesatti o incompleti mediante una dichiarazione di rettifica aggiuntiva.<\/p>\n<p><span style=\"text-decoration: underline;\">Diritto alla cancellazione dei dati:<\/span><br \/>L&#8217;interessato avr\u00e0 diritto per il Titolare del trattamento alla cancellazione dei propri dati, quando:<br \/>-Il trattamento \u00e8 illecito.<br \/>-L&#8217;interessato ha revocato il proprio consenso.<br \/>-Non sono pi\u00f9 necessari rispetto alle finalit\u00e0 per le quali sono stati raccolti o trattati.<br \/>-L&#8217;interessato ha esercitato il diritto di opposizione e non prevalgono altri motivi legittimi al trattamento.<br \/>-I dati devono essere cancellati per adempiere un obbligo legale del Titolare.<\/p>\n<p>L&#8217;interessato non avr\u00e0 il diritto per il Titolare del trattamento di cancellare i propri dati quando il trattamento \u00e8 necessario:<\/p>\n<p>-Esercitare il diritto alla libert\u00e0 di espressione e di informazione.<br \/>-Per adempiere ad un obbligo legale del Titolare.<br \/>-Per la formulazione, l&#8217;esercizio o la difesa di rivendicazioni.<br \/>-Per l&#8217;interesse pubblico in base alla normativa vigente per motivi di salute pubblica o per fini storici, statistici o di ricerca scientifica.<\/p>\n<p><span style=\"text-decoration: underline;\">Diritto alla portabilit\u00e0 dei dati:<\/span><\/p>\n<p>Hai il diritto per il Titolare del trattamento di trasmettere i tuoi dati ad altro Titolare o al medesimo interessato, attraverso un formato strutturato di uso regolare e lettura meccanica, quando il trattamento \u00e8 effettuato con mezzi automatizzati e si basa su:<\/p>\n<p>-Il consenso dell&#8217;interessato per specifiche finalit\u00e0.<br \/>-L&#8217;esecuzione di un contratto o pre-contratto con l&#8217;interessato.<\/p>\n<p>Il diritto alla portabilit\u00e0 dei dati non si applica quando:<\/p>\n<p>-La trasmissione \u00e8 tecnicamente impossibile.<br \/>-Potrebbe incidere negativamente sui diritti e le libert\u00e0 di terzi.<br \/>-Il trattamento ha una missione di interesse pubblico in base alla normativa vigente.<\/p>\n<p><span style=\"text-decoration: underline;\">Diritto di limitazione di trattamento:<\/span><\/p>\n<p>L&#8217;interessato avr\u00e0 diritto di opporsi al trattamento dei suoi dati effettuato dal Titolare per motivi connessi alla sua situazione particolare, quando il trattamento si basi su:<\/p>\n<p>-Marketing diretto.<br \/>-Sviluppo del profilo.<br \/>-Legittimo interesse del Responsabile o di terzi, a condizione che non prevalgano gli interessi oi diritti e le libert\u00e0 dell&#8217;interessato, soprattutto se si tratta di un minore.<br \/>-Ricerche storiche, statistiche o scientifiche, salvo che il trattamento sia necessario per motivi di interesse pubblico.<\/p>\n<p>Anche qualora l&#8217;interessato si opponga al trattamento dei propri dati, il Responsabile pu\u00f2 continuare a trattarli purch\u00e9 prevalga il legittimo interesse del Responsabile sugli interessi o sui diritti e libert\u00e0 dell&#8217;interessato in un procedimento giudiziario che lo giustifichi.<br \/>Il Responsabile deve informare l&#8217;interessato del diritto di opporsi al trattamento dei propri dati in modo esplicito, chiaro e separato da ogni altra informazione, al momento della prima comunicazione.<\/p>\n<p><span style=\"text-decoration: underline;\">Diritto di opposizione:<\/span><\/p>\n<p>E&#8217; diritto di non effettuare il loro trattamento o di cessarlo quando il loro consenso al trattamento non \u00e8 necessario, per il concorso di un motivo legittimo e fondato, riferito alla loro specifica situazione personale, che lo giustifichi., e a condizione che una Legge non disponga diversamente.<\/p>\n<p><span style=\"text-decoration: underline;\">Diritto a non essere oggetto di profilazione:<\/span><\/p>\n<p>L&#8217;interessato avr\u00e0 diritto di non essere sottoposto a profilazione finalizzata all&#8217;adozione di decisioni individuali basate su trattamenti automatizzati di dati e volte a valutare, analizzare o prevedere i seguenti aspetti personali:<\/p>\n<p>-Prestazioni professionali.<br \/>-Situazione economica.<br \/>-Salute.<br \/>-Preferenze o interessi personali.<br \/>-Affidabilit\u00e0.<br \/>-Comportamento.<br \/>-Posizione o movimenti della persona.<\/p>\n<p>Quando la profilazione si basa esclusivamente su un trattamento automatizzato:<\/p>\n<p>-L&#8217;interessato avr\u00e0 diritto di essere informato se la decisione eventualmente adottata potr\u00e0 produrre effetti giuridici che lo riguardino in modo significativo.<br \/>-L&#8217;interessato avr\u00e0 diritto di ottenere l&#8217;intervento umano del Responsabile, di esprimere il proprio punto di vista e di impugnare la decisione, qualora il trattamento sia stato autorizzato da:<br \/>-L&#8217;espresso consenso dell&#8217;interessato.<br \/>-Un contratto tra il Responsabile e l&#8217;interessato.<\/p>\n<p>Non si applicher\u00e0 al diritto a non essere oggetto di profilazione quando la decisione che potr\u00e0 essere presa in conseguenza di essa \u00e8 autorizzata da:<\/p>\n<p>-Il consenso esplicito dell&#8217;interessato.<br \/>-Un contratto tra il Responsabile e l&#8217;interessato.<br \/>-Un trattamento basato sulla normativa vigente.<\/p>\n<p id=\"reclamacion\"><strong>7-RELAMINARE ALL&#8217;AUTORIT\u00c0 DI CONTROLLO:<\/strong><\/p>\n<p>Nel caso in cui ritieni che Monkey Soil abbia violato uno qualsiasi dei tuoi diritti tutelati dalle norme sulla protezione dei dati personali o che abbia violato qualsiasi obbligo in materia di protezione dei Dati personali, hai il diritto di presentare un reclamo all&#8217;autorit\u00e0 di controllo competente quella in Spagna \u00e8 l&#8217;Agenzia spagnola per la protezione dei dati con sede in Calle Jorge Juan, 6. 28001 &#8211; Madrid. Tel. 901 100 099 &#8211; 912 663 517<\/p>\n<p>Puoi anche presentare un reclamo elettronico attraverso la sede elettronica disponibile sul suo sito web <a href=\"https:\/\/www.aepd.es\/\">https:\/\/www.aepd.es\/<\/a><\/p>\n<p id=\"legislacion\"><strong>8-LEGISLAZIONE E GIURISDIZIONE<\/strong><\/p>\n<p>La presente privacy policy \u00e8 disciplinata in ogni suo estremo dal Regolamento (UE) 2016\/679 del Parlamento Europeo e del Consiglio, del 27 aprile 2016, relativo alla protezione delle persone fisiche con riguardo al trattamento dei dati personali dati e la libera circolazione di tali dati.<br \/>\u00c8 inoltre disciplinato dalla Legge Organica 3\/2018, del 5 dicembre, sulla protezione dei dati personali e la garanzia dei diritti digitali. Allo stesso modo, il nostro sito Web \u00e8 disciplinato dalla legge 34\/2002, dell&#8217;11 luglio, sui servizi della societ\u00e0 dell&#8217;informazione e sul commercio elettronico.<\/p>\n<p>Qualsiasi controversia derivante da questioni relative a questo sito Web sar\u00e0 soggetta esclusivamente alla giurisdizione dei tribunali della citt\u00e0 di Barcellona.<\/p>\n<p id=\"actualizacion\"><strong>9-AGGIORNAMENTO<\/strong><\/p>\n<p>La presente Informativa sulla privacy \u00e8 stata aggiornata l&#8217;ultima volta a <strong>settembre 2020<\/strong> ma pu\u00f2 essere aggiornata in qualsiasi momento. Ti consigliamo di consultarlo ogni volta che accedi alla nostra pagina nel caso sia stato alterato.<\/p>\n<\/div>\n<p>[\/et_pb_blurb][\/et_pb_column][\/et_pb_row][\/et_pb_section]<\/p>\n","protected":false},"excerpt":{"rendered":"<p>POLITICA SULLA RISERVATEZZA 1 &#8211; CHI \u00c8 RESPONSABILE DEL TRATTAMENTO DEI TUOI DATI? Il responsabile dei dati e proprietario del marchio e del sito Web https:\/\/monkeysoil.com \u00e8 Monkey Fertilizers SL, una societ\u00e0 commerciale con sede legale in c \/ Col\u00f3n, 586 Nave 9 08228 Terrassa, con NIF: ESB75968362 (di seguito Monkey Soil) L&#8217;indirizzo di Monkey [&hellip;]<\/p>\n","protected":false},"author":3,"featured_media":0,"parent":0,"menu_order":100,"comment_status":"closed","ping_status":"closed","template":"","meta":{"_acf_changed":false,"_et_pb_use_builder":"on","_et_pb_old_content":"","_et_gb_content_width":"","footnotes":""},"class_list":["post-3232","page","type-page","status-publish","hentry"],"acf":[],"_links":{"self":[{"href":"https:\/\/monkeysoil.com\/it\/wp-json\/wp\/v2\/pages\/3232","targetHints":{"allow":["GET"]}}],"collection":[{"href":"https:\/\/monkeysoil.com\/it\/wp-json\/wp\/v2\/pages"}],"about":[{"href":"https:\/\/monkeysoil.com\/it\/wp-json\/wp\/v2\/types\/page"}],"author":[{"embeddable":true,"href":"https:\/\/monkeysoil.com\/it\/wp-json\/wp\/v2\/users\/3"}],"replies":[{"embeddable":true,"href":"https:\/\/monkeysoil.com\/it\/wp-json\/wp\/v2\/comments?post=3232"}],"version-history":[{"count":0,"href":"https:\/\/monkeysoil.com\/it\/wp-json\/wp\/v2\/pages\/3232\/revisions"}],"wp:attachment":[{"href":"https:\/\/monkeysoil.com\/it\/wp-json\/wp\/v2\/media?parent=3232"}],"curies":[{"name":"wp","href":"https:\/\/api.w.org\/{rel}","templated":true}]}}