{"id":3201,"date":"2019-07-17T17:45:54","date_gmt":"2019-07-17T15:45:54","guid":{"rendered":"https:\/\/www.monkeysoil.com\/?page_id=3201"},"modified":"2021-09-21T12:09:03","modified_gmt":"2021-09-21T10:09:03","slug":"esercita-tuoi-diritti","status":"publish","type":"page","link":"https:\/\/monkeysoil.com\/it\/esercita-tuoi-diritti\/","title":{"rendered":"Esercita i tuoi diritti"},"content":{"rendered":"<p>[et_pb_section fb_built=&#8221;1&#8243; custom_padding_last_edited=&#8221;on|desktop&#8221; admin_label=&#8221;section&#8221; _builder_version=&#8221;3.22&#8243; background_color=&#8221;rgba(255,255,255,0)&#8221; custom_padding_tablet=&#8221;50px|0|50px|0&#8243; custom_padding_phone=&#8221;&#8221; transparent_background=&#8221;on&#8221; padding_mobile=&#8221;off&#8221; make_fullwidth=&#8221;off&#8221; use_custom_width=&#8221;off&#8221; width_unit=&#8221;on&#8221;][et_pb_row admin_label=&#8221;row&#8221; _builder_version=&#8221;3.25&#8243; background_size=&#8221;initial&#8221; background_position=&#8221;top_left&#8221; background_repeat=&#8221;repeat&#8221;][et_pb_column type=&#8221;4_4&#8243; _builder_version=&#8221;3.25&#8243; custom_padding=&#8221;|||&#8221; custom_padding__hover=&#8221;|||&#8221;][et_pb_blurb title=&#8221;ESERCIZIO DEI DIRITTI RIGUARDANTI I SUOI DATI PERSONALI&#8221; admin_label=&#8221;Ejerce tus Derechos&#8221; module_class=&#8221;anuncio_basico&#8221; _builder_version=&#8221;4.9.7&#8243; header_text_color=&#8221;#3a3a3a&#8221; body_text_color=&#8221;#6b6b6b&#8221; background_size=&#8221;initial&#8221; background_position=&#8221;top_left&#8221; background_repeat=&#8221;repeat&#8221; background_layout=&#8221;dark&#8221; max_width_tablet=&#8221;50px&#8221; hover_enabled=&#8221;0&#8243; use_border_color=&#8221;off&#8221; content_max_width=&#8221;100%&#8221; sticky_enabled=&#8221;0&#8243;]    <\/p>\n<p style=\"text-align: left;\">Se desideri esercitare i diritti che le norme sulla protezione dei dati ti riconoscono, inviaci una mail al seguente indirizzo <a href=\"mailto:info@monkeysoil.com\">info@monkeysoil.com<\/a> indicando in oggetto il diritto esercitato e allegando copia del tuo documento di identit\u00e0 nazionale o passaporto.<\/p>\n<p style=\"text-align: left;\">I diritti che puoi esercitare sono:<\/p>\n<ul style=\"text-align: left;\">\n<li>Accesso ai dati<\/li>\n<li>Rettifica dei dati<\/li>\n<li>Cancellazione dei dati<\/li>\n<li>Portabilit\u00e0 dei dati<\/li>\n<li>Limitazione del trattamento<\/li>\n<li>Opposizione al trattamento<\/li>\n<li>Non essere oggetto di profilazione<\/li>\n<\/ul>\n<p style=\"text-align: left;\"><strong><u>Diritto di accesso ai dati:<\/u><\/strong><\/p>\n<p style=\"text-align: left;\">Hai il diritto di farti comunicare dal Responsabile se i tuoi dati personali sono trattati o meno e, nel caso in cui il trattamento sia confermato, consentir\u00e0 il tuo accesso fornendo le seguenti informazioni:<\/p>\n<ul style=\"text-align: left;\">\n<li>Le finalit\u00e0 del trattamento.<\/li>\n<li>Le categorie di dati in questione.<\/li>\n<li>Il termine oi criteri di conservazione.<\/li>\n<\/ul>\n<p style=\"text-align: left;\"><strong><u>Diritto di rettifica dei dati:<\/u><\/strong><\/p>\n<p style=\"text-align: left;\">Avrai il diritto per il Responsabile di rettificare i tuoi dati quando sono inesatti o incompleti mediante una dichiarazione di rettifica aggiuntiva.<\/p>\n<p style=\"text-align: left;\"><strong><u>Diritto di cancellare i dati<\/u><\/strong><\/p>\n<p style=\"text-align: left;\">L&#8217;interessato avr\u00e0 diritto di far cancellare i propri dati dal Responsabile, quando:<\/p>\n<ul style=\"text-align: left;\">\n<li>Il trattamento \u00e8 illegale.<\/li>\n<li>L&#8217;interessato ha revocato il proprio consenso.<\/li>\n<li>Non sono pi\u00f9 necessari rispetto alle finalit\u00e0 per le quali sono stati raccolti o trattati.<\/li>\n<li>L&#8217;interessato ha esercitato il diritto di opposizione e non prevalgono altri motivi legittimi al trattamento.<\/li>\n<li>I dati devono essere cancellati per adempiere ad un obbligo legale del Responsabile.<\/li>\n<\/ul>\n<p style=\"text-align: left;\">L&#8217;interessato non avr\u00e0 il diritto di far cancellare al Responsabile i propri dati quando il trattamento \u00e8 necessario:<\/p>\n<ul style=\"text-align: left;\">\n<li>Per esercitare il diritto alla libert\u00e0 di espressione e di informazione.<\/li>\n<li>Per adempiere ad un obbligo legale del Responsabile.<\/li>\n<li>Per la formulazione, l&#8217;esercizio o la difesa di rivendicazioni.<\/li>\n<li>Per interesse pubblico in base alla normativa vigente per motivi di salute pubblica o per finalit\u00e0 storiche, statistiche o di ricerca scientifica.<\/li>\n<\/ul>\n<p style=\"text-align: left;\"><strong><u>Diritto alla portabilit\u00e0 dei dati:<\/u><\/strong><\/p>\n<p style=\"text-align: left;\">Hai il diritto per il Titolare del trattamento di trasmettere i tuoi dati ad altro Titolare o al medesimo interessato, attraverso un formato strutturato di uso regolare e lettura meccanica, quando il trattamento \u00e8 effettuato con mezzi automatizzati e si basa su:<\/p>\n<ul style=\"text-align: left;\">\n<li>Il consenso dell&#8217;interessato per specifiche finalit\u00e0.<\/li>\n<li>L&#8217;esecuzione di un contratto o pre-contratto con l&#8217;interessato.<\/li>\n<\/ul>\n<p style=\"text-align: left;\">Il diritto alla portabilit\u00e0 dei dati non si applica quando:<\/p>\n<ul style=\"text-align: left;\">\n<li>La trasmissione \u00e8 tecnicamente impossibile.<\/li>\n<li>Pu\u00f2 ledere i diritti e le libert\u00e0 di terzi.<\/li>\n<li>Il trattamento ha una missione di interesse pubblico in base alla normativa vigente.<\/li>\n<\/ul>\n<p style=\"text-align: left;\"><strong><u>Diritto di limitazione del trattamento:<\/u><\/strong><\/p>\n<p style=\"text-align: left;\">L&#8217;interessato avr\u00e0 diritto di opporsi al trattamento dei suoi dati effettuato dal Responsabile per motivi connessi alla sua situazione particolare, quando il trattamento si basi su:<\/p>\n<ul style=\"text-align: left;\">\n<li>Marketing diretto.<\/li>\n<li>Profilazione.<\/li>\n<li>Interesse legittimo del Responsabile o di terzi, a condizione che non prevalgano gli interessi oi diritti e le libert\u00e0 dell&#8217;interessato, soprattutto se si tratta di un minore.<\/li>\n<li>Ricerche storiche, statistiche o scientifiche, salvo che il trattamento sia necessario per motivi di interesse pubblico.<\/li>\n<\/ul>\n<p style=\"text-align: left;\">Anche qualora l&#8217;interessato si opponga al trattamento dei propri dati, il Responsabile pu\u00f2 continuare a trattarli purch\u00e9 prevalga il legittimo interesse del Responsabile sugli interessi o sui diritti e libert\u00e0 dell&#8217;interessato in un procedimento giudiziario che lo giustifichi.<\/p>\n<p style=\"text-align: left;\">Il Responsabile deve informare l&#8217;interessato del diritto di opporsi al trattamento dei propri dati in modo esplicito, chiaro e separato da ogni altra informazione, al momento della prima comunicazione.<\/p>\n<p style=\"text-align: left;\"><strong><u>Diritto di opposizione<\/u><\/strong><\/p>\n<p style=\"text-align: left;\">E&#8217; diritto di non effettuare il loro trattamento o di cessarlo quando il loro consenso al trattamento non \u00e8 necessario, per il concorso di un motivo legittimo e fondato, riferito alla loro specifica situazione personale, che lo giustifichi., e a condizione che una Legge non disponga diversamente.<\/p>\n<p style=\"text-align: left;\"><strong><u>Diritto a non essere oggetto di profilazione<\/u><\/strong><\/p>\n<p style=\"text-align: left;\">L&#8217;interessato avr\u00e0 diritto di non essere sottoposto a profilazione finalizzata all&#8217;adozione di decisioni individuali basate su trattamenti automatizzati di dati e volte a valutare, analizzare o prevedere i seguenti aspetti personali:<\/p>\n<ul style=\"text-align: left;\">\n<li>Prestazioni professionali.<\/li>\n<li>Situazione economica.<\/li>\n<li>Salute<\/li>\n<li>Preferenze o interessi personali.<\/li>\n<li>Affidabilit\u00e0<\/li>\n<li>Comportamento<\/li>\n<li>Posizione o movimenti della persona.<\/li>\n<\/ul>\n<p style=\"text-align: left;\">Quando la profilazione si basa esclusivamente su un trattamento automatizzato:<\/p>\n<ul style=\"text-align: left;\">\n<li>L&#8217;interessato avr\u00e0 diritto di essere informato nel caso in cui la decisione eventualmente adottata possa produrre effetti giuridici che lo riguardino significativamente.<\/li>\n<li>L&#8217;interessato avr\u00e0 diritto di ottenere l&#8217;intervento umano del Responsabile, di esprimere il proprio punto di vista e di impugnare la decisione, qualora il trattamento sia stato autorizzato da:\n<ul>\n<li>Il consenso esplicito dell&#8217;interessato.<\/li>\n<li>Un contratto tra il Responsabile e l&#8217;interessato.<\/li>\n<\/ul>\n<\/li>\n<\/ul>\n<p style=\"text-align: left;\">Non si applicher\u00e0 al diritto a non essere oggetto di profilazione quando la decisione che potr\u00e0 essere presa in conseguenza di essa \u00e8 autorizzata da:<\/p>\n<ul>\n<li style=\"text-align: left;\">Il consenso esplicito dell&#8217;interessato.<\/li>\n<li style=\"text-align: left;\">Un contratto tra il Responsabile e l&#8217;interessato.<\/li>\n<li style=\"text-align: left;\">Un trattamento basato sulla normativa vigente.<\/li>\n<\/ul>\n<p>[\/et_pb_blurb][\/et_pb_column][\/et_pb_row][\/et_pb_section]<\/p>\n","protected":false},"excerpt":{"rendered":"<p>Se desideri esercitare i diritti che le norme sulla protezione dei dati ti riconoscono, inviaci una mail al seguente indirizzo info@monkeysoil.com indicando in oggetto il diritto esercitato e allegando copia del tuo documento di identit\u00e0 nazionale o passaporto. I diritti che puoi esercitare sono: Accesso ai dati Rettifica dei dati Cancellazione dei dati Portabilit\u00e0 dei [&hellip;]<\/p>\n","protected":false},"author":3,"featured_media":0,"parent":0,"menu_order":100,"comment_status":"closed","ping_status":"closed","template":"","meta":{"_acf_changed":false,"_et_pb_use_builder":"on","_et_pb_old_content":"","_et_gb_content_width":"","footnotes":""},"class_list":["post-3201","page","type-page","status-publish","hentry"],"acf":[],"_links":{"self":[{"href":"https:\/\/monkeysoil.com\/it\/wp-json\/wp\/v2\/pages\/3201","targetHints":{"allow":["GET"]}}],"collection":[{"href":"https:\/\/monkeysoil.com\/it\/wp-json\/wp\/v2\/pages"}],"about":[{"href":"https:\/\/monkeysoil.com\/it\/wp-json\/wp\/v2\/types\/page"}],"author":[{"embeddable":true,"href":"https:\/\/monkeysoil.com\/it\/wp-json\/wp\/v2\/users\/3"}],"replies":[{"embeddable":true,"href":"https:\/\/monkeysoil.com\/it\/wp-json\/wp\/v2\/comments?post=3201"}],"version-history":[{"count":0,"href":"https:\/\/monkeysoil.com\/it\/wp-json\/wp\/v2\/pages\/3201\/revisions"}],"wp:attachment":[{"href":"https:\/\/monkeysoil.com\/it\/wp-json\/wp\/v2\/media?parent=3201"}],"curies":[{"name":"wp","href":"https:\/\/api.w.org\/{rel}","templated":true}]}}