{"id":3072,"date":"2018-04-09T18:02:13","date_gmt":"2018-04-09T16:02:13","guid":{"rendered":"https:\/\/www.monkeysoil.com\/?page_id=3072"},"modified":"2024-02-19T17:21:42","modified_gmt":"2024-02-19T16:21:42","slug":"monkey-soil","status":"publish","type":"page","link":"https:\/\/monkeysoil.com\/it\/monkey-soil\/","title":{"rendered":"Monkey Soil"},"content":{"rendered":"<p>[et_pb_section fb_built=&#8221;1&#8243; custom_padding_last_edited=&#8221;on|desktop&#8221; admin_label=&#8221;section&#8221; _builder_version=&#8221;4.14.1&#8243; background_color=&#8221;rgba(255,255,255,0)&#8221; module_alignment=&#8221;center&#8221; custom_padding_tablet=&#8221;50px|0|50px|0&#8243; custom_padding_phone=&#8221;&#8221; transparent_background=&#8221;on&#8221; padding_mobile=&#8221;off&#8221; make_fullwidth=&#8221;off&#8221; use_custom_width=&#8221;off&#8221; width_unit=&#8221;on&#8221; global_colors_info=&#8221;{}&#8221;][et_pb_row column_structure=&#8221;1_4,3_4&#8243; admin_label=&#8221;row&#8221; _builder_version=&#8221;4.14.1&#8243; background_size=&#8221;initial&#8221; background_position=&#8221;top_left&#8221; background_repeat=&#8221;repeat&#8221; width=&#8221;875px&#8221; module_alignment=&#8221;center&#8221; global_colors_info=&#8221;{}&#8221;][et_pb_column type=&#8221;1_4&#8243; _builder_version=&#8221;3.25&#8243; custom_padding=&#8221;|||&#8221; global_colors_info=&#8221;{}&#8221; custom_padding__hover=&#8221;|||&#8221;][\/et_pb_column][et_pb_column type=&#8221;3_4&#8243; _builder_version=&#8221;3.25&#8243; custom_padding=&#8221;|||&#8221; global_colors_info=&#8221;{}&#8221; custom_padding__hover=&#8221;|||&#8221;][et_pb_text _builder_version=&#8221;4.14.1&#8243; _module_preset=&#8221;default&#8221; hover_enabled=&#8221;0&#8243; global_colors_info=&#8221;{}&#8221; sticky_enabled=&#8221;0&#8243;]<\/p>\n<h1>MONKEY SOIL<\/h1>\n<p><strong>Monkey Soil<\/strong> consente di coltivare in modo naturale, seguendo i principi che osserviamo nei cicli biologici che si verificano in natura. In questo modo \u00e8 possibile esaltare la vera personalit\u00e0 di ogni genetica e specie.<\/p>\n<p>Crediamo nella sostenibilit\u00e0 delle coltivazioni e nella conservazione dell&#8217;ambiente. Per questo motivo creiamo prodotti di alta qualit\u00e0 provenienti dall&#8217;economia circolare, utilizzando composti organici al 100% nella maggior parte delle nostre formulazioni.<\/p>\n<p>Visita il sito di Monkey Soil dove potrai scoprire soluzioni e prodotti per tutte le tendenze. Qualunque sia il tuo profilo di coltivatore, troverai la formula Monkey che fa per te!<\/p>\n<p>[\/et_pb_text][\/et_pb_column][\/et_pb_row][et_pb_row column_structure=&#8221;1_4,3_4&#8243; admin_label=&#8221;row&#8221; _builder_version=&#8221;4.14.1&#8243; background_size=&#8221;initial&#8221; background_position=&#8221;top_left&#8221; background_repeat=&#8221;repeat&#8221; width=&#8221;875px&#8221; module_alignment=&#8221;center&#8221; global_colors_info=&#8221;{}&#8221;][et_pb_column type=&#8221;1_4&#8243; _builder_version=&#8221;3.25&#8243; custom_padding=&#8221;|||&#8221; global_colors_info=&#8221;{}&#8221; custom_padding__hover=&#8221;|||&#8221;][et_pb_image src=&#8221;https:\/\/monkeysoil.com\/wp-content\/uploads\/formula-pro.png&#8221; title_text=&#8221;formula-pro&#8221; align_tablet=&#8221;center&#8221; align_phone=&#8221;&#8221; align_last_edited=&#8221;on|desktop&#8221; disabled_on=&#8221;on||&#8221; _builder_version=&#8221;4.14.1&#8243; always_center_on_mobile=&#8221;on&#8221; global_colors_info=&#8221;{}&#8221;][\/et_pb_image][\/et_pb_column][et_pb_column type=&#8221;3_4&#8243; _builder_version=&#8221;3.25&#8243; custom_padding=&#8221;|||&#8221; global_colors_info=&#8221;{}&#8221; custom_padding__hover=&#8221;|||&#8221;][et_pb_text _builder_version=&#8221;4.14.1&#8243; _module_preset=&#8221;default&#8221; global_colors_info=&#8221;{}&#8221;]<\/p>\n<h2>FORMULA PRO<\/h2>\n<h3>FERTILIZZANTI LIQUIDI FORMULATI CON AMINOACIDI<\/h3>\n<p>Monkey Soil lancia la sua nuova linea di nutrienti per alimentare le piante con <strong>prodotti liquidi<\/strong> secondo la filosofia di coltivazione Monkey. La sua rivoluzionaria formulazione contiene <strong>minerali essenziali, probiotici, oligoelementi e aminoacidi liberi<\/strong>.<\/p>\n<p>Gli <strong>aminoacidi<\/strong> regolano la pianta in situazioni di <strong>stress<\/strong> e migliorano la sua capacit\u00e0 di <strong>assorbire nutrienti<\/strong> e acqua. Ogni prodotto della linea Formula Pro contiene nella sua composizione una percentuale maggiore degli aminoacidi che la pianta sintetizzerebbe in ogni fase. Si tratta di aminoacidi liberi, totalmente fruibili dalla pianta.<\/p>\n<p>[\/et_pb_text][et_pb_button button_url=&#8221;https:\/\/monkeysoil.com\/it\/prodotti\/#fertilizzanti-liquidi&#8221; button_text=&#8221;Vai FORMULA PRO&#8221; _builder_version=&#8221;4.14.1&#8243; _module_preset=&#8221;default&#8221; custom_button=&#8221;on&#8221; button_text_size=&#8221;16px&#8221; button_border_radius=&#8221;0px&#8221; button_use_icon=&#8221;off&#8221; global_colors_info=&#8221;{}&#8221;][\/et_pb_button][\/et_pb_column][\/et_pb_row][et_pb_row column_structure=&#8221;1_4,3_4&#8243; admin_label=&#8221;row&#8221; _builder_version=&#8221;4.14.1&#8243; background_size=&#8221;initial&#8221; background_position=&#8221;top_left&#8221; background_repeat=&#8221;repeat&#8221; width=&#8221;875px&#8221; module_alignment=&#8221;center&#8221; global_colors_info=&#8221;{}&#8221;][et_pb_column type=&#8221;1_4&#8243; _builder_version=&#8221;3.25&#8243; custom_padding=&#8221;|||&#8221; global_colors_info=&#8221;{}&#8221; custom_padding__hover=&#8221;|||&#8221;][et_pb_image src=&#8221;https:\/\/monkeysoil.com\/wp-content\/uploads\/super-soil-web.png&#8221; title_text=&#8221;super-soil-web&#8221; align_tablet=&#8221;center&#8221; align_phone=&#8221;&#8221; align_last_edited=&#8221;on|desktop&#8221; disabled_on=&#8221;on||&#8221; _builder_version=&#8221;4.14.1&#8243; always_center_on_mobile=&#8221;on&#8221; global_colors_info=&#8221;{}&#8221;][\/et_pb_image][\/et_pb_column][et_pb_column type=&#8221;3_4&#8243; _builder_version=&#8221;3.25&#8243; custom_padding=&#8221;|||&#8221; global_colors_info=&#8221;{}&#8221; custom_padding__hover=&#8221;|||&#8221;][et_pb_text admin_label=&#8221;super soil text&#8221; _builder_version=&#8221;4.14.1&#8243; _module_preset=&#8221;default&#8221; global_colors_info=&#8221;{}&#8221;]<\/p>\n<h2>SUPER SOIL<\/h2>\n<h3>COLTIVARE CON I SUBSTRATI VIVI<\/h3>\n<p>Il concetto di <strong>super suolo<\/strong> consiste nel creare un super substrato che possieda le propriet\u00e0 di un <strong>terreno fertile naturale e sostenibile<\/strong> al 100%, dove la pianta riceve il nutrimento ottimale per crescere forte e sana durante tutto il suo ciclo di vita. Concimando il substrato con prodotti organici a lento assorbimento, <strong>la pianta pu\u00f2 disporre dei diversi nutrienti quando ne ha bisogno e nella giusta quantit\u00e0<\/strong>.<\/p>\n<p>Nei terreni fertili ed equilibrati si forma un ecosistema composto da minerali, materia organica, aria, acqua, piccola fauna e microrganismi vegetali e animali.<\/p>\n<p>Tutti questi elementi sono interconnessi e sono responsabili del <strong>rilascio dei nutrienti<\/strong>, del mantenimento, di una <strong>buona struttura<\/strong> del suolo e della <strong>protezione dalle malattie<\/strong>.<\/p>\n<p>[\/et_pb_text][et_pb_button button_url=&#8221;https:\/\/monkeysoil.com\/it\/prodotti\/#fertilizzanti-solidi&#8221; button_text=&#8221;Vai ai SUPER SOIL&#8221; _builder_version=&#8221;4.14.1&#8243; _module_preset=&#8221;default&#8221; custom_button=&#8221;on&#8221; button_text_size=&#8221;16px&#8221; button_border_radius=&#8221;0px&#8221; button_use_icon=&#8221;off&#8221; global_colors_info=&#8221;{}&#8221;][\/et_pb_button][\/et_pb_column][\/et_pb_row][et_pb_row column_structure=&#8221;1_4,3_4&#8243; admin_label=&#8221;row&#8221; _builder_version=&#8221;4.14.1&#8243; background_size=&#8221;initial&#8221; background_position=&#8221;top_left&#8221; background_repeat=&#8221;repeat&#8221; width=&#8221;875px&#8221; module_alignment=&#8221;center&#8221; global_colors_info=&#8221;{}&#8221;][et_pb_column type=&#8221;1_4&#8243; _builder_version=&#8221;3.25&#8243; custom_padding=&#8221;|||&#8221; global_colors_info=&#8221;{}&#8221; custom_padding__hover=&#8221;|||&#8221;][et_pb_image src=&#8221;https:\/\/monkeysoil.com\/wp-content\/uploads\/living-soil-web.png&#8221; title_text=&#8221;living-soil-web&#8221; align_tablet=&#8221;center&#8221; align_phone=&#8221;&#8221; align_last_edited=&#8221;on|desktop&#8221; disabled_on=&#8221;on||&#8221; _builder_version=&#8221;4.14.1&#8243; always_center_on_mobile=&#8221;on&#8221; global_colors_info=&#8221;{}&#8221;][\/et_pb_image][\/et_pb_column][et_pb_column type=&#8221;3_4&#8243; _builder_version=&#8221;3.25&#8243; custom_padding=&#8221;|||&#8221; global_colors_info=&#8221;{}&#8221; custom_padding__hover=&#8221;|||&#8221;][et_pb_text admin_label=&#8221;living soil Text&#8221; _builder_version=&#8221;4.14.1&#8243; _module_preset=&#8221;default&#8221; global_colors_info=&#8221;{}&#8221;]<\/p>\n<h2>LIVING SOIL<\/h2>\n<h3>COLTIVARE CON I SUBSTRATI VIVI<\/h3>\n<p>Il terreno vivo \u00e8 un substrato vivo in cui i <strong>microrganismi sono i protagonisti<\/strong>. Questi vivono nel terreno e mantengono un rapporto simbiotico con le piante, in cui entrambi si aiutano a vicenda per sopravvivere. I <strong>microrganismi <\/strong>proteggono le piante da malattie, parassiti e stress idrico e <strong>contribuiscono a mantenere la salute e la struttura del suolo<\/strong>.<\/p>\n<p>I microrganismi scompongono la materia organica presente nel suolo e la trasformano in semplici molecole inorganiche, che le piante possono assimilare facilmente. I funghi aiutano le radici ad assorbire meglio i nutrienti e l&#8217;acqua, regolano il pH del suolo e lo ossigenano. In cambio, le piante forniscono loro nutrienti sotto forma di zuccheri e carbonio, che assorbono dall&#8217;atmosfera sotto forma di CO2.<\/p>\n<p>[\/et_pb_text][et_pb_button button_url=&#8221;https:\/\/monkeysoil.com\/it\/prodotti\/#microvita&#8221; button_text=&#8221;Vai LIVING SOIL&#8221; _builder_version=&#8221;4.14.1&#8243; _module_preset=&#8221;default&#8221; custom_button=&#8221;on&#8221; button_text_size=&#8221;16px&#8221; button_border_radius=&#8221;0px&#8221; button_use_icon=&#8221;off&#8221; global_colors_info=&#8221;{}&#8221;][\/et_pb_button][\/et_pb_column][\/et_pb_row][et_pb_row column_structure=&#8221;1_4,3_4&#8243; admin_label=&#8221;row&#8221; _builder_version=&#8221;4.14.1&#8243; background_size=&#8221;initial&#8221; background_position=&#8221;top_left&#8221; background_repeat=&#8221;repeat&#8221; width=&#8221;875px&#8221; module_alignment=&#8221;center&#8221; global_colors_info=&#8221;{}&#8221;][et_pb_column type=&#8221;1_4&#8243; _builder_version=&#8221;3.25&#8243; custom_padding=&#8221;|||&#8221; global_colors_info=&#8221;{}&#8221; custom_padding__hover=&#8221;|||&#8221;][et_pb_image src=&#8221;https:\/\/monkeysoil.com\/wp-content\/uploads\/premium-substrates-web.png&#8221; title_text=&#8221;premium-substrates-web&#8221; align_tablet=&#8221;center&#8221; align_phone=&#8221;&#8221; align_last_edited=&#8221;on|desktop&#8221; disabled_on=&#8221;on||&#8221; _builder_version=&#8221;4.14.1&#8243; always_center_on_mobile=&#8221;on&#8221; global_colors_info=&#8221;{}&#8221;][\/et_pb_image][\/et_pb_column][et_pb_column type=&#8221;3_4&#8243; _builder_version=&#8221;3.25&#8243; custom_padding=&#8221;|||&#8221; global_colors_info=&#8221;{}&#8221; custom_padding__hover=&#8221;|||&#8221;][et_pb_text admin_label=&#8221;premium substrates Text&#8221; _builder_version=&#8221;4.14.1&#8243; _module_preset=&#8221;default&#8221; global_colors_info=&#8221;{}&#8221;]<\/p>\n<h2>SUBSTRATI DI ALTA QUALIT\u00c0<\/h2>\n<h3>TERRA DI LIVELLO SUPERIORE<\/h3>\n<p>Per Monkey Soil <strong>il suolo \u00e8 la madre delle piante<\/strong>. Il substrato \u00e8 la base dove si stabiliranno e si svilupperanno per tutto il loro ciclo di vita. La scelta del giusto substrato di coltivazione \u00e8 il primo passo per creare le condizioni adatte affinch\u00e9 ogni genetica e specie vegetale possa esprimere le proprie qualit\u00e0 autentiche.<\/p>\n<p><strong>I substrati sono una delle specialit\u00e0 di Monkey Soil<\/strong>. Per anni abbiamo creato e ricercato nuove ricette di terra per soddisfare i coltivatori pi\u00f9 esigenti. Prestiamo grande attenzione alla <strong>selezione delle materie prime<\/strong>, utilizzando solo <strong>ingredienti di alta qualit\u00e0<\/strong> ottenuti attraverso processi ecosostenibili.<\/p>\n<p>[\/et_pb_text][et_pb_button button_url=&#8221;https:\/\/monkeysoil.com\/it\/prodotti\/#substrati&#8221; button_text=&#8221;Vai SUBSTRATI&#8221; _builder_version=&#8221;4.14.1&#8243; _module_preset=&#8221;default&#8221; custom_button=&#8221;on&#8221; button_text_size=&#8221;16px&#8221; button_border_radius=&#8221;0px&#8221; button_use_icon=&#8221;off&#8221; global_colors_info=&#8221;{}&#8221;][\/et_pb_button][\/et_pb_column][\/et_pb_row][\/et_pb_section][et_pb_section fb_built=&#8221;1&#8243; custom_padding_last_edited=&#8221;on|desktop&#8221; disabled_on=&#8221;on|on|on&#8221; admin_label=&#8221;section&#8221; _builder_version=&#8221;4.14.1&#8243; background_color=&#8221;rgba(255,255,255,0)&#8221; custom_padding_tablet=&#8221;50px|0|50px|0&#8243; custom_padding_phone=&#8221;&#8221; transparent_background=&#8221;on&#8221; padding_mobile=&#8221;off&#8221; make_fullwidth=&#8221;off&#8221; use_custom_width=&#8221;off&#8221; width_unit=&#8221;on&#8221; disabled=&#8221;on&#8221; global_colors_info=&#8221;{}&#8221;][et_pb_row _builder_version=&#8221;3.25&#8243; background_size=&#8221;initial&#8221; background_position=&#8221;top_left&#8221; background_repeat=&#8221;repeat&#8221; global_colors_info=&#8221;{}&#8221;][et_pb_column type=&#8221;4_4&#8243; _builder_version=&#8221;3.25&#8243; custom_padding=&#8221;|||&#8221; global_colors_info=&#8221;{}&#8221; custom_padding__hover=&#8221;|||&#8221;][et_pb_text _builder_version=&#8221;4.6.6&#8243; header_text_color=&#8221;#3a3a3a&#8221; text_orientation=&#8221;center&#8221; background_layout=&#8221;dark&#8221; global_colors_info=&#8221;{}&#8221;]<\/p>\n<h1>PRODUCTOS DESTACADOS<\/h1>\n<p>[\/et_pb_text][et_pb_shop type=&#8221;featured&#8221; columns_number=&#8221;4&#8243; orderby=&#8221;menu_order&#8221; _builder_version=&#8221;3.0.106&#8243; global_colors_info=&#8221;{}&#8221;][\/et_pb_shop][\/et_pb_column][\/et_pb_row][\/et_pb_section]<\/p>\n","protected":false},"excerpt":{"rendered":"<p>MONKEY SOIL Monkey Soil consente di coltivare in modo naturale, seguendo i principi che osserviamo nei cicli biologici che si verificano in natura. In questo modo \u00e8 possibile esaltare la vera personalit\u00e0 di ogni genetica e specie. Crediamo nella sostenibilit\u00e0 delle coltivazioni e nella conservazione dell&#8217;ambiente. Per questo motivo creiamo prodotti di alta qualit\u00e0 provenienti [&hellip;]<\/p>\n","protected":false},"author":3,"featured_media":0,"parent":0,"menu_order":10,"comment_status":"closed","ping_status":"closed","template":"","meta":{"_acf_changed":false,"_et_pb_use_builder":"on","_et_pb_old_content":"","_et_gb_content_width":"","footnotes":""},"class_list":["post-3072","page","type-page","status-publish","hentry"],"acf":[],"_links":{"self":[{"href":"https:\/\/monkeysoil.com\/it\/wp-json\/wp\/v2\/pages\/3072","targetHints":{"allow":["GET"]}}],"collection":[{"href":"https:\/\/monkeysoil.com\/it\/wp-json\/wp\/v2\/pages"}],"about":[{"href":"https:\/\/monkeysoil.com\/it\/wp-json\/wp\/v2\/types\/page"}],"author":[{"embeddable":true,"href":"https:\/\/monkeysoil.com\/it\/wp-json\/wp\/v2\/users\/3"}],"replies":[{"embeddable":true,"href":"https:\/\/monkeysoil.com\/it\/wp-json\/wp\/v2\/comments?post=3072"}],"version-history":[{"count":0,"href":"https:\/\/monkeysoil.com\/it\/wp-json\/wp\/v2\/pages\/3072\/revisions"}],"wp:attachment":[{"href":"https:\/\/monkeysoil.com\/it\/wp-json\/wp\/v2\/media?parent=3072"}],"curies":[{"name":"wp","href":"https:\/\/api.w.org\/{rel}","templated":true}]}}