{"id":9280,"date":"2022-05-23T16:15:49","date_gmt":"2022-05-23T14:15:49","guid":{"rendered":"https:\/\/www.monkeysoil.com\/?post_type=product&#038;p=9280"},"modified":"2024-07-24T16:03:41","modified_gmt":"2024-07-24T14:03:41","slug":"monkey-roots","status":"publish","type":"product","link":"https:\/\/monkeysoil.com\/fr\/produit\/monkey-roots\/","title":{"rendered":"Monkey Roots"},"content":{"rendered":"<p class=\"p1\">Stimulant racinaire avec 55% d&#8217;acides amin\u00e9s libres<\/p>\n","protected":false},"excerpt":{"rendered":"<h2>STIMULANT RACINAIRE AVEC 55% D&#8217;ACIDES AMIN\u00c9S LIBRES<\/h2>\n<p><strong>Sachet de 100 g &#8211; 1 kg<\/strong><\/p>\n<p><strong>Monkey Roots<\/strong> est un physiofortifiant organique qui stimule le <strong>d\u00e9veloppement des plantes et des racines<\/strong>. Sa formulation innovante facilite l&#8217;<strong>absorption des nutriments et r\u00e9duit le stress<\/strong> dans les situations \u00e0 risque telles que la transplantation ou les changements de temp\u00e9rature. En outre, sa teneur \u00e9lev\u00e9e en <strong>acides amin\u00e9s libres encapsul\u00e9s favorise la circulation de la nitrog\u00e8ne <\/strong> dans tout le syst\u00e8me de la plante.<\/p>\n","protected":false},"featured_media":9277,"menu_order":97,"comment_status":"closed","ping_status":"closed","template":"","meta":{"_acf_changed":false,"_et_pb_use_builder":"","_et_pb_old_content":"","_et_gb_content_width":""},"product_brand":[],"product_cat":[423,126],"product_tag":[396,397,398],"class_list":{"0":"post-9280","1":"product","2":"type-product","3":"status-publish","4":"has-post-thumbnail","6":"product_cat-engrais-solides","7":"product_cat-engrais","8":"product_tag-fertilizante-fr","9":"product_tag-monkey-roots-fr","10":"product_tag-raices-fr","12":"first","13":"instock","14":"featured","15":"taxable","16":"shipping-taxable","17":"purchasable","18":"product-type-variable"},"acf":[],"_links":{"self":[{"href":"https:\/\/monkeysoil.com\/fr\/wp-json\/wp\/v2\/product\/9280","targetHints":{"allow":["GET"]}}],"collection":[{"href":"https:\/\/monkeysoil.com\/fr\/wp-json\/wp\/v2\/product"}],"about":[{"href":"https:\/\/monkeysoil.com\/fr\/wp-json\/wp\/v2\/types\/product"}],"replies":[{"embeddable":true,"href":"https:\/\/monkeysoil.com\/fr\/wp-json\/wp\/v2\/comments?post=9280"}],"wp:featuredmedia":[{"embeddable":true,"href":"https:\/\/monkeysoil.com\/fr\/wp-json\/wp\/v2\/media\/9277"}],"wp:attachment":[{"href":"https:\/\/monkeysoil.com\/fr\/wp-json\/wp\/v2\/media?parent=9280"}],"wp:term":[{"taxonomy":"product_brand","embeddable":true,"href":"https:\/\/monkeysoil.com\/fr\/wp-json\/wp\/v2\/product_brand?post=9280"},{"taxonomy":"product_cat","embeddable":true,"href":"https:\/\/monkeysoil.com\/fr\/wp-json\/wp\/v2\/product_cat?post=9280"},{"taxonomy":"product_tag","embeddable":true,"href":"https:\/\/monkeysoil.com\/fr\/wp-json\/wp\/v2\/product_tag?post=9280"}],"curies":[{"name":"wp","href":"https:\/\/api.w.org\/{rel}","templated":true}]}}