{"id":9271,"date":"2022-05-23T13:30:00","date_gmt":"2022-05-23T11:30:00","guid":{"rendered":"https:\/\/www.monkeysoil.com\/?post_type=product&#038;p=9271"},"modified":"2024-04-16T13:17:30","modified_gmt":"2024-04-16T11:17:30","slug":"supersoil","status":"publish","type":"product","link":"https:\/\/monkeysoil.com\/fr\/produit\/supersoil\/","title":{"rendered":"Super Soil"},"content":{"rendered":"<p class=\"p1\"><span class=\"s1\">Compos\u00e9 organique de nutriments et micro-vie pour les super substrats<\/span><\/p>\n","protected":false},"excerpt":{"rendered":"<h2>COMPOS\u00c9 ORGANIQUE DE NUTRIMENTS ET DE MICRO-VIE POUR LES SUPER SUBSTRATS<\/h2>\n<p><strong>Sachet de 900 g<\/strong><\/p>\n<p>Le Monkey <strong>Super Soil<\/strong> est un produit r\u00e9volutionnaire qui permet de franchir la derni\u00e8re \u00e9tape de la culture biologique avec un <strong>super substrat<\/strong> et de cr\u00e9er un v\u00e9ritable <strong>living soil<\/strong>. Il s&#8217;agit d&#8217;une recette sp\u00e9ciale de <strong>nutriments et de micro-vie<\/strong> que vous devez m\u00e9langer au substrat au d\u00e9but de votre culture ; elle fournira \u00e0 vos plantes tout ce dont elles ont besoin pendant <strong>tout leur cycle de vie<\/strong>. Avec Super Soil, tout ce que vous avez \u00e0 faire est d&#8217;arroser et de prendre plaisir \u00e0 regarder vos plantes pousser et fleurir de mani\u00e8re forte et vigoureuse gr\u00e2ce \u00e0 une <strong>nutrition 100% naturelle<\/strong>.<\/p>\n<p>Le produit est fourni dans un <strong>grand sachet<\/strong> avec le m\u00e9lange d&#8217;<strong>engrais solides<\/strong>. A l&#8217;int\u00e9rieur se trouve un autre <strong>petit sachet<\/strong> contenant les doses de <strong>micro-vie<\/strong>. Chaque sac de Super Soil est mesur\u00e9 pour \u00eatre m\u00e9lang\u00e9 \u00e0 <strong>1 sac de 50 litres de substrat.<\/strong><\/p>\n","protected":false},"featured_media":9267,"menu_order":102,"comment_status":"closed","ping_status":"closed","template":"","meta":{"_acf_changed":false,"_et_pb_use_builder":"","_et_pb_old_content":"","_et_gb_content_width":""},"product_brand":[],"product_cat":[423,126],"product_tag":[396],"class_list":{"0":"post-9271","1":"product","2":"type-product","3":"status-publish","4":"has-post-thumbnail","6":"product_cat-engrais-solides","7":"product_cat-engrais","8":"product_tag-fertilizante-fr","10":"first","11":"instock","12":"featured","13":"taxable","14":"shipping-taxable","15":"purchasable","16":"product-type-simple"},"acf":[],"_links":{"self":[{"href":"https:\/\/monkeysoil.com\/fr\/wp-json\/wp\/v2\/product\/9271","targetHints":{"allow":["GET"]}}],"collection":[{"href":"https:\/\/monkeysoil.com\/fr\/wp-json\/wp\/v2\/product"}],"about":[{"href":"https:\/\/monkeysoil.com\/fr\/wp-json\/wp\/v2\/types\/product"}],"replies":[{"embeddable":true,"href":"https:\/\/monkeysoil.com\/fr\/wp-json\/wp\/v2\/comments?post=9271"}],"wp:featuredmedia":[{"embeddable":true,"href":"https:\/\/monkeysoil.com\/fr\/wp-json\/wp\/v2\/media\/9267"}],"wp:attachment":[{"href":"https:\/\/monkeysoil.com\/fr\/wp-json\/wp\/v2\/media?parent=9271"}],"wp:term":[{"taxonomy":"product_brand","embeddable":true,"href":"https:\/\/monkeysoil.com\/fr\/wp-json\/wp\/v2\/product_brand?post=9271"},{"taxonomy":"product_cat","embeddable":true,"href":"https:\/\/monkeysoil.com\/fr\/wp-json\/wp\/v2\/product_cat?post=9271"},{"taxonomy":"product_tag","embeddable":true,"href":"https:\/\/monkeysoil.com\/fr\/wp-json\/wp\/v2\/product_tag?post=9271"}],"curies":[{"name":"wp","href":"https:\/\/api.w.org\/{rel}","templated":true}]}}