{"id":9252,"date":"2022-05-23T12:19:08","date_gmt":"2022-05-23T10:19:08","guid":{"rendered":"https:\/\/www.monkeysoil.com\/?post_type=product&#038;p=9252"},"modified":"2024-03-04T16:23:15","modified_gmt":"2024-03-04T15:23:15","slug":"monkey-punch","status":"publish","type":"product","link":"https:\/\/monkeysoil.com\/fr\/produit\/monkey-punch\/","title":{"rendered":"Monkey Punch"},"content":{"rendered":"<p class=\"p1\"><span class=\"s1\">Compos\u00e9 organique pour stimuler la floraison<\/span><\/p>\n","protected":false},"excerpt":{"rendered":"<h2>COMPOS\u00c9 ORGANIQUE POUR STIMULER LA FLORAISON<\/h2>\n<p><strong>Sachet de 30 g<\/strong><\/p>\n<p><strong>Monkey Punch<\/strong> est une pr\u00e9paration innovante \u00e0 base de <strong>guano et d&#8217;algues<\/strong> \u00e0 appliquer pendant la<strong> floraison<\/strong>. Il nourrit les plantes et les revitalise pour enrichir et renforcer les bourgeons. Monkey Punch est id\u00e9al pour compl\u00e9ter le processus naturel d&#8217;alimentation des plantes dans les <strong>cultures en supersol<\/strong> et peut \u00e9galement \u00eatre combin\u00e9 \u00e0 toute m\u00e9thode de fertigation organique gr\u00e2ce \u00e0 sa formule \u00e0 lib\u00e9ration lente.<\/p>\n<p>Appliquer dilu\u00e9 dans l&#8217;eau en deux irrigations hebdomadaires \u00e0 raison de 3 grammes par litre d&#8217;eau. Il peut \u00eatre utilis\u00e9 de la troisi\u00e8me \u00e0 la septi\u00e8me semaine de floraison.<\/p>\n","protected":false},"featured_media":9247,"menu_order":107,"comment_status":"closed","ping_status":"closed","template":"","meta":{"_acf_changed":false,"_et_pb_use_builder":"","_et_pb_old_content":"","_et_gb_content_width":""},"product_brand":[],"product_cat":[423,126],"product_tag":[396,209],"class_list":{"0":"post-9252","1":"product","2":"type-product","3":"status-publish","4":"has-post-thumbnail","6":"product_cat-engrais-solides","7":"product_cat-engrais","8":"product_tag-fertilizante-fr","9":"product_tag-guano-fr","11":"first","12":"instock","13":"taxable","14":"shipping-taxable","15":"purchasable","16":"product-type-simple"},"acf":[],"_links":{"self":[{"href":"https:\/\/monkeysoil.com\/fr\/wp-json\/wp\/v2\/product\/9252","targetHints":{"allow":["GET"]}}],"collection":[{"href":"https:\/\/monkeysoil.com\/fr\/wp-json\/wp\/v2\/product"}],"about":[{"href":"https:\/\/monkeysoil.com\/fr\/wp-json\/wp\/v2\/types\/product"}],"replies":[{"embeddable":true,"href":"https:\/\/monkeysoil.com\/fr\/wp-json\/wp\/v2\/comments?post=9252"}],"wp:featuredmedia":[{"embeddable":true,"href":"https:\/\/monkeysoil.com\/fr\/wp-json\/wp\/v2\/media\/9247"}],"wp:attachment":[{"href":"https:\/\/monkeysoil.com\/fr\/wp-json\/wp\/v2\/media?parent=9252"}],"wp:term":[{"taxonomy":"product_brand","embeddable":true,"href":"https:\/\/monkeysoil.com\/fr\/wp-json\/wp\/v2\/product_brand?post=9252"},{"taxonomy":"product_cat","embeddable":true,"href":"https:\/\/monkeysoil.com\/fr\/wp-json\/wp\/v2\/product_cat?post=9252"},{"taxonomy":"product_tag","embeddable":true,"href":"https:\/\/monkeysoil.com\/fr\/wp-json\/wp\/v2\/product_tag?post=9252"}],"curies":[{"name":"wp","href":"https:\/\/api.w.org\/{rel}","templated":true}]}}