{"id":8831,"date":"2022-02-07T16:04:47","date_gmt":"2022-02-07T15:04:48","guid":{"rendered":"https:\/\/www.monkeysoil.com\/?post_type=product&#038;p=8831"},"modified":"2023-06-05T15:53:48","modified_gmt":"2023-06-05T13:53:48","slug":"monkey-all-in-monkey","status":"publish","type":"product","link":"https:\/\/monkeysoil.com\/fr\/produit\/monkey-all-in-monkey\/","title":{"rendered":"Monkey All in Monkey"},"content":{"rendered":"<p>Engrais solide \u00e0 diffusion lente<\/p>\n","protected":false},"excerpt":{"rendered":"<h3>Engrais solide \u00e0 diffusion lente.<\/h3>\n<p>Nous proposons un engrais organique \u00e0 faible concentration de Monkey sous forme solide. Sa diffusion lente convient parfaitement aux cultures biologiques ou organiques. Sp\u00e9cialement formul\u00e9 pour stimuler le d\u00e9veloppement naturel de la plante, en att\u00e9nuant son stress et en la renfor\u00e7ant contre d&#8217;\u00e9ventuels ravageurs ou les complications de culture.<br \/>\nM\u00e9langez 2 grammes par litre de terre. En serre, appliquez 2 fois pendant le cycle de croissance.<\/p>\n","protected":false},"featured_media":4055,"menu_order":112,"comment_status":"closed","ping_status":"closed","template":"","meta":{"_acf_changed":false,"_et_pb_use_builder":"off","_et_pb_old_content":"","_et_gb_content_width":""},"product_brand":[],"product_cat":[423,126],"product_tag":[],"class_list":{"0":"post-8831","1":"product","2":"type-product","3":"status-publish","4":"has-post-thumbnail","6":"product_cat-engrais-solides","7":"product_cat-engrais","9":"first","10":"instock","11":"taxable","12":"shipping-taxable","13":"purchasable","14":"product-type-variable"},"acf":[],"_links":{"self":[{"href":"https:\/\/monkeysoil.com\/fr\/wp-json\/wp\/v2\/product\/8831","targetHints":{"allow":["GET"]}}],"collection":[{"href":"https:\/\/monkeysoil.com\/fr\/wp-json\/wp\/v2\/product"}],"about":[{"href":"https:\/\/monkeysoil.com\/fr\/wp-json\/wp\/v2\/types\/product"}],"replies":[{"embeddable":true,"href":"https:\/\/monkeysoil.com\/fr\/wp-json\/wp\/v2\/comments?post=8831"}],"wp:featuredmedia":[{"embeddable":true,"href":"https:\/\/monkeysoil.com\/fr\/wp-json\/wp\/v2\/media\/4055"}],"wp:attachment":[{"href":"https:\/\/monkeysoil.com\/fr\/wp-json\/wp\/v2\/media?parent=8831"}],"wp:term":[{"taxonomy":"product_brand","embeddable":true,"href":"https:\/\/monkeysoil.com\/fr\/wp-json\/wp\/v2\/product_brand?post=8831"},{"taxonomy":"product_cat","embeddable":true,"href":"https:\/\/monkeysoil.com\/fr\/wp-json\/wp\/v2\/product_cat?post=8831"},{"taxonomy":"product_tag","embeddable":true,"href":"https:\/\/monkeysoil.com\/fr\/wp-json\/wp\/v2\/product_tag?post=8831"}],"curies":[{"name":"wp","href":"https:\/\/api.w.org\/{rel}","templated":true}]}}