{"id":6552,"date":"2021-03-19T12:07:55","date_gmt":"2021-03-19T11:07:55","guid":{"rendered":"https:\/\/www.monkeysoil.com\/?post_type=product&#038;p=6552"},"modified":"2023-05-17T18:07:23","modified_gmt":"2023-05-17T16:07:23","slug":"monkey-aktivator","status":"publish","type":"product","link":"https:\/\/monkeysoil.com\/fr\/produit\/monkey-aktivator\/","title":{"rendered":"Monkey Aktivator"},"content":{"rendered":"<p>Biostimulant pour activer la micro-vie<\/p>\n","protected":false},"excerpt":{"rendered":"<h3>Biostimulant pour activer la micro-vie<\/h3>\n<p><strong>Pot de 1 litre<\/strong><\/p>\n<p><strong>Aktivator<\/strong> de <strong>Monkey Soil<\/strong> est un biostimulant compos\u00e9 de <strong>7 extraits botaniques diff\u00e9rents<\/strong>, qui r\u00e9gule le m\u00e9tabolisme hormonal de la plante et renforce le d\u00e9veloppement des racines et des bourgeons. L&#8217;application de l&#8217;Aktivator sur vos cultures <strong>favorisera l&#8217;activation de micro-organismes b\u00e9n\u00e9fiques<\/strong> tels que les mycorhizes et les trichodermas. Il prot\u00e8ge la plante du stress hydrique et thermique, renforce l&#8217;activit\u00e9 antioxydante et stimule la croissance gr\u00e2ce \u00e0 sa teneur \u00e9lev\u00e9e en auxines. Combinez-le avec Monkey Myko et Triko pour en tirer le meilleur parti.<\/p>\n<p>Produit liquide qui s\u2019applique en dose de dilution dans l\u2019eau d\u2019irrigation. Le dosage recommand\u00e9 est de: 2 ml par litre d&#8217;eau.<\/p>\n","protected":false},"featured_media":7260,"menu_order":92,"comment_status":"closed","ping_status":"closed","template":"","meta":{"_acf_changed":false,"_et_pb_use_builder":"off","_et_pb_old_content":"","_et_gb_content_width":""},"product_brand":[],"product_cat":[420,126],"product_tag":[],"class_list":{"0":"post-6552","1":"product","2":"type-product","3":"status-publish","4":"has-post-thumbnail","6":"product_cat-engrais-liquides","7":"product_cat-engrais","9":"first","10":"instock","11":"taxable","12":"shipping-taxable","13":"purchasable","14":"product-type-simple"},"acf":[],"_links":{"self":[{"href":"https:\/\/monkeysoil.com\/fr\/wp-json\/wp\/v2\/product\/6552","targetHints":{"allow":["GET"]}}],"collection":[{"href":"https:\/\/monkeysoil.com\/fr\/wp-json\/wp\/v2\/product"}],"about":[{"href":"https:\/\/monkeysoil.com\/fr\/wp-json\/wp\/v2\/types\/product"}],"replies":[{"embeddable":true,"href":"https:\/\/monkeysoil.com\/fr\/wp-json\/wp\/v2\/comments?post=6552"}],"wp:featuredmedia":[{"embeddable":true,"href":"https:\/\/monkeysoil.com\/fr\/wp-json\/wp\/v2\/media\/7260"}],"wp:attachment":[{"href":"https:\/\/monkeysoil.com\/fr\/wp-json\/wp\/v2\/media?parent=6552"}],"wp:term":[{"taxonomy":"product_brand","embeddable":true,"href":"https:\/\/monkeysoil.com\/fr\/wp-json\/wp\/v2\/product_brand?post=6552"},{"taxonomy":"product_cat","embeddable":true,"href":"https:\/\/monkeysoil.com\/fr\/wp-json\/wp\/v2\/product_cat?post=6552"},{"taxonomy":"product_tag","embeddable":true,"href":"https:\/\/monkeysoil.com\/fr\/wp-json\/wp\/v2\/product_tag?post=6552"}],"curies":[{"name":"wp","href":"https:\/\/api.w.org\/{rel}","templated":true}]}}