{"id":6485,"date":"2021-03-19T11:27:58","date_gmt":"2021-03-19T10:27:59","guid":{"rendered":"https:\/\/www.monkeysoil.com\/?post_type=product&#038;p=6485"},"modified":"2022-06-14T13:08:00","modified_gmt":"2022-06-14T11:08:00","slug":"monkey-dolomite","status":"publish","type":"product","link":"https:\/\/monkeysoil.com\/fr\/produit\/monkey-dolomite\/","title":{"rendered":"Monkey Dolomite"},"content":{"rendered":"<p>Apport naturel en calcium et en magn\u00e9sium<\/p>\n","protected":false},"excerpt":{"rendered":"<h3>Apport naturel en calcium et en magn\u00e9sium<\/h3>\n<p><strong>Bidon de 5kg.<\/strong><\/p>\n<p>La <strong>dolomite<\/strong> est un min\u00e9ral utilis\u00e9 en agriculture en raison de sa teneur \u00e9lev\u00e9e en <strong>calcium et en magn\u00e9sium<\/strong>. Son pH neutre permet d&#8217;<strong>amortir le pH du substrat<\/strong>, notamment dans les sols acides. Elle favorise la photosynth\u00e8se de la plante, en la renfor\u00e7ant ; elle favorise \u00e9galement la pr\u00e9sence et l&#8217;activit\u00e9 des micro-organismes dans le sol.<\/p>\n<p>La dolomite est extraite des roches s\u00e9dimentaires calcaires et se pr\u00e9sente sous forme de poudre d&#8217;une granulom\u00e9trie de 0,1 \u00e0 1 mm.<\/p>\n<p>Elle peut \u00eatre <strong>appliqu\u00e9e directement sur le substrat ou dans l&#8217;eau d&#8217;irrigation<\/strong>. L&#8217;application recommand\u00e9e est de 1 gramme par litre de terreau, lors de la pr\u00e9paration du substrat. Dans l&#8217;eau d&#8217;irrigation, appliquer \u00e0 tr\u00e8s faibles doses, et jamais dans les syst\u00e8mes automatis\u00e9s car cela pourrait les obstruer.<\/p>\n","protected":false},"featured_media":7255,"menu_order":122,"comment_status":"closed","ping_status":"closed","template":"","meta":{"_acf_changed":false,"_et_pb_use_builder":"off","_et_pb_old_content":"","_et_gb_content_width":""},"product_brand":[],"product_cat":[423,126],"product_tag":[],"class_list":{"0":"post-6485","1":"product","2":"type-product","3":"status-publish","4":"has-post-thumbnail","6":"product_cat-engrais-solides","7":"product_cat-engrais","9":"first","10":"instock","11":"taxable","12":"shipping-taxable","13":"purchasable","14":"product-type-simple"},"acf":[],"_links":{"self":[{"href":"https:\/\/monkeysoil.com\/fr\/wp-json\/wp\/v2\/product\/6485","targetHints":{"allow":["GET"]}}],"collection":[{"href":"https:\/\/monkeysoil.com\/fr\/wp-json\/wp\/v2\/product"}],"about":[{"href":"https:\/\/monkeysoil.com\/fr\/wp-json\/wp\/v2\/types\/product"}],"replies":[{"embeddable":true,"href":"https:\/\/monkeysoil.com\/fr\/wp-json\/wp\/v2\/comments?post=6485"}],"wp:featuredmedia":[{"embeddable":true,"href":"https:\/\/monkeysoil.com\/fr\/wp-json\/wp\/v2\/media\/7255"}],"wp:attachment":[{"href":"https:\/\/monkeysoil.com\/fr\/wp-json\/wp\/v2\/media?parent=6485"}],"wp:term":[{"taxonomy":"product_brand","embeddable":true,"href":"https:\/\/monkeysoil.com\/fr\/wp-json\/wp\/v2\/product_brand?post=6485"},{"taxonomy":"product_cat","embeddable":true,"href":"https:\/\/monkeysoil.com\/fr\/wp-json\/wp\/v2\/product_cat?post=6485"},{"taxonomy":"product_tag","embeddable":true,"href":"https:\/\/monkeysoil.com\/fr\/wp-json\/wp\/v2\/product_tag?post=6485"}],"curies":[{"name":"wp","href":"https:\/\/api.w.org\/{rel}","templated":true}]}}