{"id":6454,"date":"2021-03-19T11:10:41","date_gmt":"2021-03-19T10:10:42","guid":{"rendered":"https:\/\/www.monkeysoil.com\/?post_type=product&#038;p=6454"},"modified":"2023-06-05T15:54:05","modified_gmt":"2023-06-05T13:54:05","slug":"monkey-myko-pro","status":"publish","type":"product","link":"https:\/\/monkeysoil.com\/fr\/produit\/monkey-myko-pro\/","title":{"rendered":"Monkey Myko Pro"},"content":{"rendered":"<p>Champignons mycorhiziens et spores<\/p>\n","protected":false},"excerpt":{"rendered":"<h3>Champignons mycorhiziens et spores<\/h3>\n<p><strong>Sac de 100gr.<\/strong><\/p>\n<p>Nouvelle formulation mycorhizienne de <strong>Monkey Soil<\/strong> provenant de la souche Rhizoglomus irregulare BEG72, qui donne des <strong>r\u00e9sultats incroyables en agriculture<\/strong>.<\/p>\n<p>Les champignons mycorhiziens et les spores apportent de <strong>multiples b\u00e9n\u00e9fices aux plantes<\/strong>: ils augmentent la surface d&#8217;absorption des racines, g\u00e9n\u00e8rent une meilleure r\u00e9sistance au stress hydrique et favorisent une formation florale \u00e9quilibr\u00e9e. Cette formulation am\u00e9liore le d\u00e9veloppement du syst\u00e8me racinaire, ce qui permet d&#8217;obtenir des <strong>racines fortes et abondantes<\/strong>.<\/p>\n<p><strong>Appliquer sur le substrat avant la transplantation<\/strong>. Dosage recommand\u00e9 : 0,5 \u00e0 1 gramme par plante. Pour les doses d&#8217;entretien, appliquer le produit dilu\u00e9 avec l&#8217;eau d&#8217;irrigation tous les 5 \u00e0 7 jours en petites quantit\u00e9s (0,1 \u00e0 0,3 grammes par plante).<\/p>\n","protected":false},"featured_media":19886,"menu_order":147,"comment_status":"open","ping_status":"closed","template":"","meta":{"_acf_changed":false,"_et_pb_use_builder":"","_et_pb_old_content":"Hongos y esporas micorriza","_et_gb_content_width":""},"product_brand":[],"product_cat":[349],"product_tag":[200,202,197,198,199,201],"class_list":{"0":"post-6454","1":"product","2":"type-product","3":"status-publish","4":"has-post-thumbnail","6":"product_cat-microvie","7":"product_tag-cultivo-fr","8":"product_tag-monkey-myko-fr","9":"product_tag-sustrato-fr","10":"product_tag-sustratos-fr","11":"product_tag-tierra-fr","12":"product_tag-tierras-fr","14":"first","15":"instock","16":"taxable","17":"shipping-taxable","18":"purchasable","19":"product-type-simple"},"acf":[],"_links":{"self":[{"href":"https:\/\/monkeysoil.com\/fr\/wp-json\/wp\/v2\/product\/6454","targetHints":{"allow":["GET"]}}],"collection":[{"href":"https:\/\/monkeysoil.com\/fr\/wp-json\/wp\/v2\/product"}],"about":[{"href":"https:\/\/monkeysoil.com\/fr\/wp-json\/wp\/v2\/types\/product"}],"replies":[{"embeddable":true,"href":"https:\/\/monkeysoil.com\/fr\/wp-json\/wp\/v2\/comments?post=6454"}],"wp:featuredmedia":[{"embeddable":true,"href":"https:\/\/monkeysoil.com\/fr\/wp-json\/wp\/v2\/media\/19886"}],"wp:attachment":[{"href":"https:\/\/monkeysoil.com\/fr\/wp-json\/wp\/v2\/media?parent=6454"}],"wp:term":[{"taxonomy":"product_brand","embeddable":true,"href":"https:\/\/monkeysoil.com\/fr\/wp-json\/wp\/v2\/product_brand?post=6454"},{"taxonomy":"product_cat","embeddable":true,"href":"https:\/\/monkeysoil.com\/fr\/wp-json\/wp\/v2\/product_cat?post=6454"},{"taxonomy":"product_tag","embeddable":true,"href":"https:\/\/monkeysoil.com\/fr\/wp-json\/wp\/v2\/product_tag?post=6454"}],"curies":[{"name":"wp","href":"https:\/\/api.w.org\/{rel}","templated":true}]}}