{"id":6375,"date":"2021-03-18T17:50:01","date_gmt":"2021-03-18T16:50:02","guid":{"rendered":"https:\/\/www.monkeysoil.com\/?post_type=product&#038;p=6375"},"modified":"2022-06-14T13:10:48","modified_gmt":"2022-06-14T11:10:48","slug":"monkey-triko","status":"publish","type":"product","link":"https:\/\/monkeysoil.com\/fr\/produit\/monkey-triko\/","title":{"rendered":"Monkey Triko"},"content":{"rendered":"<p>Trichodermes pour les racines<\/p>\n","protected":false},"excerpt":{"rendered":"<h3>TRICHODERMES POUR LES RACINES<\/h3>\n<p><strong>Monkey Triko<\/strong> se compose de trichodermes, un micro-organisme b\u00e9n\u00e9fique qui colonise rapidement la rhizosph\u00e8re et <strong>am\u00e9liore le d\u00e9veloppement des plantes<\/strong>, ne laissant aucune place aux autres champignons nuisibles \u00e0 la culture.<br \/>\nIl renforce les racines et optimise la fertilit\u00e9 du milieu de culture. Il peut se d\u00e9velopper dans une large gamme de temp\u00e9ratures et de pH du sol.<br \/>\nA appliquer en m\u00e9lange avec l&#8217;eau d&#8217;irrigation. Application recommand\u00e9e : 1 \u00e0 2 grammes par plante.<br \/>\nLe traitement peut \u00eatre r\u00e9p\u00e9t\u00e9 tous les 30 jours sur les plantes pr\u00e9sentant des carences, en utilisant la moiti\u00e9 de la dose recommand\u00e9e.<\/p>\n","protected":false},"featured_media":19890,"menu_order":142,"comment_status":"closed","ping_status":"closed","template":"","meta":{"_acf_changed":false,"_et_pb_use_builder":"off","_et_pb_old_content":"","_et_gb_content_width":""},"product_brand":[],"product_cat":[349],"product_tag":[],"class_list":{"0":"post-6375","1":"product","2":"type-product","3":"status-publish","4":"has-post-thumbnail","6":"product_cat-microvie","8":"first","9":"instock","10":"taxable","11":"shipping-taxable","12":"purchasable","13":"product-type-simple"},"acf":[],"_links":{"self":[{"href":"https:\/\/monkeysoil.com\/fr\/wp-json\/wp\/v2\/product\/6375","targetHints":{"allow":["GET"]}}],"collection":[{"href":"https:\/\/monkeysoil.com\/fr\/wp-json\/wp\/v2\/product"}],"about":[{"href":"https:\/\/monkeysoil.com\/fr\/wp-json\/wp\/v2\/types\/product"}],"replies":[{"embeddable":true,"href":"https:\/\/monkeysoil.com\/fr\/wp-json\/wp\/v2\/comments?post=6375"}],"wp:featuredmedia":[{"embeddable":true,"href":"https:\/\/monkeysoil.com\/fr\/wp-json\/wp\/v2\/media\/19890"}],"wp:attachment":[{"href":"https:\/\/monkeysoil.com\/fr\/wp-json\/wp\/v2\/media?parent=6375"}],"wp:term":[{"taxonomy":"product_brand","embeddable":true,"href":"https:\/\/monkeysoil.com\/fr\/wp-json\/wp\/v2\/product_brand?post=6375"},{"taxonomy":"product_cat","embeddable":true,"href":"https:\/\/monkeysoil.com\/fr\/wp-json\/wp\/v2\/product_cat?post=6375"},{"taxonomy":"product_tag","embeddable":true,"href":"https:\/\/monkeysoil.com\/fr\/wp-json\/wp\/v2\/product_tag?post=6375"}],"curies":[{"name":"wp","href":"https:\/\/api.w.org\/{rel}","templated":true}]}}