{"id":4166,"date":"2020-04-09T13:29:00","date_gmt":"2020-04-09T11:29:01","guid":{"rendered":"https:\/\/www.monkeysoil.com\/?post_type=product&#038;p=4166"},"modified":"2024-10-07T13:56:46","modified_gmt":"2024-10-07T11:56:46","slug":"monkey-coco-lite","status":"publish","type":"product","link":"https:\/\/monkeysoil.com\/fr\/produit\/monkey-coco-lite\/","title":{"rendered":"Monkey Coco Lite"},"content":{"rendered":"<p>Substrat en fibre de coco avec perlite<\/p>\n","protected":false},"excerpt":{"rendered":"<h2>Substrat en fibre de coco avec perlite<\/h2>\n<p><strong>Sac de 50 litres<\/strong><\/p>\n<p>Monkey Coco Lite est un substrat de culture de tourbe de coco et de perlite grossi\u00e8re con\u00e7u pour la culture intensive de la noix de coco, avec une excellente capacit\u00e9 de ventilation et de r\u00e9tention d&#8217;humidit\u00e9 du sol. Il convient \u00e0 l&#8217;agriculture biologique.<\/p>\n<p>Le produit peut \u00eatre utilis\u00e9 en Agriculture Biologique conform\u00e9ment \u00e0 la R\u00e9glementation europ\u00e9enne CE n\u00b0 834\/2007 e 889\/2008, NOP e JAS.<\/p>\n<p>Contr\u00f4le Ecocert S.A F-32600. 50 % Fibre de coco 50 % Perlite<\/p>\n","protected":false},"featured_media":7431,"menu_order":16,"comment_status":"closed","ping_status":"closed","template":"","meta":{"_acf_changed":false,"_et_pb_use_builder":"","_et_pb_old_content":"","_et_gb_content_width":""},"product_brand":[],"product_cat":[211],"product_tag":[200,326,229,207,329,328,325,197,198,327,199,201],"class_list":{"0":"post-4166","1":"product","2":"type-product","3":"status-publish","4":"has-post-thumbnail","6":"product_cat-substrats","7":"product_tag-cultivo-fr","8":"product_tag-ecologico-fr","9":"product_tag-ecosoil-fr","10":"product_tag-monkey-fr","11":"product_tag-monkey-coco-lite-fr","12":"product_tag-monkey-cocolite-fr","13":"product_tag-organico-fr","14":"product_tag-sustrato-fr","15":"product_tag-sustratos-fr","16":"product_tag-terapeutico-fr","17":"product_tag-tierra-fr","18":"product_tag-tierras-fr","20":"first","21":"instock","22":"taxable","23":"shipping-taxable","24":"purchasable","25":"product-type-simple"},"acf":[],"_links":{"self":[{"href":"https:\/\/monkeysoil.com\/fr\/wp-json\/wp\/v2\/product\/4166","targetHints":{"allow":["GET"]}}],"collection":[{"href":"https:\/\/monkeysoil.com\/fr\/wp-json\/wp\/v2\/product"}],"about":[{"href":"https:\/\/monkeysoil.com\/fr\/wp-json\/wp\/v2\/types\/product"}],"replies":[{"embeddable":true,"href":"https:\/\/monkeysoil.com\/fr\/wp-json\/wp\/v2\/comments?post=4166"}],"wp:featuredmedia":[{"embeddable":true,"href":"https:\/\/monkeysoil.com\/fr\/wp-json\/wp\/v2\/media\/7431"}],"wp:attachment":[{"href":"https:\/\/monkeysoil.com\/fr\/wp-json\/wp\/v2\/media?parent=4166"}],"wp:term":[{"taxonomy":"product_brand","embeddable":true,"href":"https:\/\/monkeysoil.com\/fr\/wp-json\/wp\/v2\/product_brand?post=4166"},{"taxonomy":"product_cat","embeddable":true,"href":"https:\/\/monkeysoil.com\/fr\/wp-json\/wp\/v2\/product_cat?post=4166"},{"taxonomy":"product_tag","embeddable":true,"href":"https:\/\/monkeysoil.com\/fr\/wp-json\/wp\/v2\/product_tag?post=4166"}],"curies":[{"name":"wp","href":"https:\/\/api.w.org\/{rel}","templated":true}]}}