{"id":4162,"date":"2020-04-09T13:25:12","date_gmt":"2020-04-09T11:25:13","guid":{"rendered":"https:\/\/www.monkeysoil.com\/?post_type=product&#038;p=4162"},"modified":"2024-05-06T11:08:02","modified_gmt":"2024-05-06T09:08:02","slug":"big-monkey","status":"publish","type":"product","link":"https:\/\/monkeysoil.com\/fr\/produit\/big-monkey\/","title":{"rendered":"Big Monkey"},"content":{"rendered":"<p>Substrat de culture premium avec fertilisation naturelle<\/p>\n","protected":false},"excerpt":{"rendered":"<h2>SUBSTRAT DE CULTURE PREMIUM AVEC FERTILISATION NATURELLE<\/h2>\n<p><strong>Sac de 80 litres.<\/strong><\/p>\n<p>Big Monkey est un substrat polyvalent pour tout type de culture. C\u2019est un m\u00e9lange de tourbe blonde et brune tr\u00e8s complet, qui contient \u00e9galement de l\u2019humus et des micro-organismes pour renforcer la plante et faciliter l\u2019absorption des nutriments. Il a un pourcentage de coco id\u00e9al pour am\u00e9liorer le drainage et l\u2019a\u00e9ration. Il convient \u00e0 l&#8217;agriculture biologique.<\/p>\n","protected":false},"featured_media":7436,"menu_order":23,"comment_status":"closed","ping_status":"closed","template":"","meta":{"_acf_changed":false,"_et_pb_use_builder":"","_et_pb_old_content":"","_et_gb_content_width":""},"product_brand":[],"product_cat":[211],"product_tag":[331,200,326,229,207,330,325,197,198,327,199,201],"class_list":{"0":"post-4162","1":"product","2":"type-product","3":"status-publish","4":"has-post-thumbnail","6":"product_cat-substrats","7":"product_tag-big-monkey-fr","8":"product_tag-cultivo-fr","9":"product_tag-ecologico-fr","10":"product_tag-ecosoil-fr","11":"product_tag-monkey-fr","12":"product_tag-monkey-ecosoil-fr","13":"product_tag-organico-fr","14":"product_tag-sustrato-fr","15":"product_tag-sustratos-fr","16":"product_tag-terapeutico-fr","17":"product_tag-tierra-fr","18":"product_tag-tierras-fr","20":"first","21":"instock","22":"taxable","23":"shipping-taxable","24":"purchasable","25":"product-type-simple"},"acf":[],"_links":{"self":[{"href":"https:\/\/monkeysoil.com\/fr\/wp-json\/wp\/v2\/product\/4162","targetHints":{"allow":["GET"]}}],"collection":[{"href":"https:\/\/monkeysoil.com\/fr\/wp-json\/wp\/v2\/product"}],"about":[{"href":"https:\/\/monkeysoil.com\/fr\/wp-json\/wp\/v2\/types\/product"}],"replies":[{"embeddable":true,"href":"https:\/\/monkeysoil.com\/fr\/wp-json\/wp\/v2\/comments?post=4162"}],"wp:featuredmedia":[{"embeddable":true,"href":"https:\/\/monkeysoil.com\/fr\/wp-json\/wp\/v2\/media\/7436"}],"wp:attachment":[{"href":"https:\/\/monkeysoil.com\/fr\/wp-json\/wp\/v2\/media?parent=4162"}],"wp:term":[{"taxonomy":"product_brand","embeddable":true,"href":"https:\/\/monkeysoil.com\/fr\/wp-json\/wp\/v2\/product_brand?post=4162"},{"taxonomy":"product_cat","embeddable":true,"href":"https:\/\/monkeysoil.com\/fr\/wp-json\/wp\/v2\/product_cat?post=4162"},{"taxonomy":"product_tag","embeddable":true,"href":"https:\/\/monkeysoil.com\/fr\/wp-json\/wp\/v2\/product_tag?post=4162"}],"curies":[{"name":"wp","href":"https:\/\/api.w.org\/{rel}","templated":true}]}}