{"id":4089,"date":"2020-04-07T09:41:26","date_gmt":"2020-04-07T07:41:26","guid":{"rendered":"https:\/\/www.monkeysoil.com\/?post_type=product&#038;p=4089"},"modified":"2022-06-14T13:16:35","modified_gmt":"2022-06-14T11:16:35","slug":"mykro-monkey","status":"publish","type":"product","link":"https:\/\/monkeysoil.com\/fr\/produit\/mykro-monkey\/","title":{"rendered":"Mykro Monkey"},"content":{"rendered":"<p>Pack de Microvida avec bacilles et rhizomes<\/p>\n","protected":false},"excerpt":{"rendered":"<h3>Pack de Microvida avec bacilles et rhizomes<\/h3>\n<p>Mykro Monkey est un produit \u00e0 action sp\u00e9cifique \u00e0 base de champignons mycorhiziens et de bact\u00e9ries rhizosph\u00e9riques. Le pack \u00ab microvie \u00bb complet avec des bacilles et des rhizomes stimule le syst\u00e8me enzymatique de la plante, am\u00e9liore la structure du sol et son activit\u00e9 microbiologique, r\u00e9duisant ainsi le besoin d&#8217;engrais pour son d\u00e9veloppement.<\/p>\n<p>Il favorise la croissance des racines et la germination des graines. Il peut \u00eatre appliqu\u00e9 sur le feuillage ou les racines. Il est compatible avec la plupart des produits phytosanitaires et des engrais foliaires \u00e0 l&#8217;exception des huiles min\u00e9rales et des d\u00e9riv\u00e9s de cuivre.<\/p>\n<p>Appliquez entre 0,5 et 1,5 grammes par litre de sol : 0,5 gramme en serre, 1 gramme pour la r\u00e9g\u00e9n\u00e9ration de la terre et 1,5 en culture d\u2019int\u00e9rieur<\/p>\n","protected":false},"featured_media":19894,"menu_order":138,"comment_status":"closed","ping_status":"closed","template":"","meta":{"_acf_changed":false,"_et_pb_use_builder":"off","_et_pb_old_content":"","_et_gb_content_width":""},"product_brand":[],"product_cat":[349],"product_tag":[],"class_list":{"0":"post-4089","1":"product","2":"type-product","3":"status-publish","4":"has-post-thumbnail","6":"product_cat-microvie","8":"first","9":"instock","10":"featured","11":"taxable","12":"shipping-taxable","13":"purchasable","14":"product-type-simple"},"acf":[],"_links":{"self":[{"href":"https:\/\/monkeysoil.com\/fr\/wp-json\/wp\/v2\/product\/4089","targetHints":{"allow":["GET"]}}],"collection":[{"href":"https:\/\/monkeysoil.com\/fr\/wp-json\/wp\/v2\/product"}],"about":[{"href":"https:\/\/monkeysoil.com\/fr\/wp-json\/wp\/v2\/types\/product"}],"replies":[{"embeddable":true,"href":"https:\/\/monkeysoil.com\/fr\/wp-json\/wp\/v2\/comments?post=4089"}],"wp:featuredmedia":[{"embeddable":true,"href":"https:\/\/monkeysoil.com\/fr\/wp-json\/wp\/v2\/media\/19894"}],"wp:attachment":[{"href":"https:\/\/monkeysoil.com\/fr\/wp-json\/wp\/v2\/media?parent=4089"}],"wp:term":[{"taxonomy":"product_brand","embeddable":true,"href":"https:\/\/monkeysoil.com\/fr\/wp-json\/wp\/v2\/product_brand?post=4089"},{"taxonomy":"product_cat","embeddable":true,"href":"https:\/\/monkeysoil.com\/fr\/wp-json\/wp\/v2\/product_cat?post=4089"},{"taxonomy":"product_tag","embeddable":true,"href":"https:\/\/monkeysoil.com\/fr\/wp-json\/wp\/v2\/product_tag?post=4089"}],"curies":[{"name":"wp","href":"https:\/\/api.w.org\/{rel}","templated":true}]}}