{"id":4077,"date":"2020-04-07T16:33:11","date_gmt":"2020-04-08T08:20:24","guid":{"rendered":"https:\/\/www.monkeysoil.com\/?post_type=product&#038;p=4077"},"modified":"2022-06-14T13:11:38","modified_gmt":"2022-06-14T11:11:38","slug":"monkey-seaweed","status":"publish","type":"product","link":"https:\/\/monkeysoil.com\/fr\/produit\/monkey-seaweed\/","title":{"rendered":"Monkey Seaweed"},"content":{"rendered":"<p>Des algues 100% naturelles<\/p>\n","protected":false},"excerpt":{"rendered":"<h3>Des algues 100 % naturelles<\/h3>\n<p>Cet engrais est fabriqu\u00e9 \u00e0 100 % avec des algues qui agissent comme biostimulant et am\u00e9liorent le biotype de la plante. Il contient des acides amin\u00e9s et des phytohormones naturelles, ainsi que ses propres micro-organismes qui luttent contre les champignons ou bact\u00e9ries envahisseurs. Les algues stimulent naturellement la croissance des plantes, avec un d\u00e9veloppement rapide et une r\u00e9tention de l\u2019humidit\u00e9 par le substrat.<br \/>\nAppliquez 1 gramme par litre de terre \u00e0 l&#8217;int\u00e9rieur, 1,5 gramme pour la r\u00e9g\u00e9n\u00e9ration du sol. En serre, appliquez 0,5 grammes par litre et renouvelez cette op\u00e9ration tous les 3 mois.<\/p>\n","protected":false},"featured_media":3876,"menu_order":117,"comment_status":"closed","ping_status":"closed","template":"","meta":{"_acf_changed":false,"_et_pb_use_builder":"off","_et_pb_old_content":"","_et_gb_content_width":""},"product_brand":[],"product_cat":[423,126],"product_tag":[],"class_list":{"0":"post-4077","1":"product","2":"type-product","3":"status-publish","4":"has-post-thumbnail","6":"product_cat-engrais-solides","7":"product_cat-engrais","9":"first","10":"instock","11":"taxable","12":"shipping-taxable","13":"purchasable","14":"product-type-variable","15":"has-default-attributes"},"acf":[],"_links":{"self":[{"href":"https:\/\/monkeysoil.com\/fr\/wp-json\/wp\/v2\/product\/4077","targetHints":{"allow":["GET"]}}],"collection":[{"href":"https:\/\/monkeysoil.com\/fr\/wp-json\/wp\/v2\/product"}],"about":[{"href":"https:\/\/monkeysoil.com\/fr\/wp-json\/wp\/v2\/types\/product"}],"replies":[{"embeddable":true,"href":"https:\/\/monkeysoil.com\/fr\/wp-json\/wp\/v2\/comments?post=4077"}],"wp:featuredmedia":[{"embeddable":true,"href":"https:\/\/monkeysoil.com\/fr\/wp-json\/wp\/v2\/media\/3876"}],"wp:attachment":[{"href":"https:\/\/monkeysoil.com\/fr\/wp-json\/wp\/v2\/media?parent=4077"}],"wp:term":[{"taxonomy":"product_brand","embeddable":true,"href":"https:\/\/monkeysoil.com\/fr\/wp-json\/wp\/v2\/product_brand?post=4077"},{"taxonomy":"product_cat","embeddable":true,"href":"https:\/\/monkeysoil.com\/fr\/wp-json\/wp\/v2\/product_cat?post=4077"},{"taxonomy":"product_tag","embeddable":true,"href":"https:\/\/monkeysoil.com\/fr\/wp-json\/wp\/v2\/product_tag?post=4077"}],"curies":[{"name":"wp","href":"https:\/\/api.w.org\/{rel}","templated":true}]}}