{"id":25293,"date":"2024-09-03T10:51:58","date_gmt":"2024-09-03T09:26:11","guid":{"rendered":"https:\/\/www.monkeysoil.com\/?post_type=product&#038;p=25293"},"modified":"2024-09-03T11:26:11","modified_gmt":"2024-09-03T09:26:11","slug":"starter-box","status":"publish","type":"product","link":"https:\/\/monkeysoil.com\/fr\/produit\/starter-box\/","title":{"rendered":"Starter Box"},"content":{"rendered":"<p>Kit de six engrais pour la croissance et la floraison<\/p>\n","protected":false},"excerpt":{"rendered":"<h2>KIT DE SIX ENGRAIS POUR LA CROISSANCE ET LA FLORAISON<\/h2>\n<p><strong>Starter Box<\/strong> est un pack d&#8217;engrais Formula Pro con\u00e7u pour nourrir et renforcer 3 plantes pendant tout le cycle de croissance. Il se compose de <strong>5 engrais liquides et d&#8217;un engrais solide<\/strong> qui apporteront tous les min\u00e9raux essentiels, les probiotiques, les oligo-\u00e9l\u00e9ments et les acides amin\u00e9s libres n\u00e9cessaires \u00e0 la r\u00e9colte de fleurs d\u00e9licieuses et de haute qualit\u00e9.<\/p>\n<p>Chaque engrais a une <strong>composition sp\u00e9cifique pour chaque phase de croissance et de floraison<\/strong>. Ils fournissent des acides amin\u00e9s qui r\u00e9gulent la plante contre les situations de stress et am\u00e9liorent la capacit\u00e9 de la plante \u00e0 absorber les nutriments et l&#8217;eau. En outre, tous les nutriments ont une faible teneur en chlorure afin d&#8217;\u00e9viter la salinisation du milieu de culture.<\/p>\n<p><strong>La bo\u00eete de d\u00e9part contient<\/strong><br \/>\n<strong>\u00b7<\/strong> <strong>Monkey Grow<\/strong> 250 ml &#8211; Engrais de croissance.<br \/>\n<strong>\u00b7<\/strong> <strong>Monkey Bloom<\/strong> 250 ml &#8211; Engrais de floraison<br \/>\n<strong>\u00b7<\/strong> <strong>Radikal Grow<\/strong> 125 ml &#8211; Biostimulant de croissance<br \/>\n<strong>\u00b7<\/strong> <strong>Explosive Buds<\/strong> 125 ml &#8211; Biostimulant finisher<br \/>\n<strong>\u00b7<\/strong> <strong>Doctor M<\/strong> 60 ml &#8211; Probiotique anti-stress<br \/>\n<strong>\u00b7<\/strong> <strong>Monkey Roots<\/strong> 10 g &#8211; Stimulateur de racines<\/p>\n<p><strong>Starter Box<\/strong> comprend un tableau d&#8217;application expliquant le dosage hebdomadaire de chaque produit afin de faciliter l&#8217;application, m\u00eame pour les cultivateurs novices.<\/p>\n","protected":false},"featured_media":25205,"menu_order":77,"comment_status":"closed","ping_status":"closed","template":"","meta":{"_acf_changed":false,"_et_pb_use_builder":"","_et_pb_old_content":"","_et_gb_content_width":""},"product_brand":[],"product_cat":[420,126],"product_tag":[200,396,456,207],"class_list":{"0":"post-25293","1":"product","2":"type-product","3":"status-publish","4":"has-post-thumbnail","6":"product_cat-engrais-liquides","7":"product_cat-engrais","8":"product_tag-cultivo-fr","9":"product_tag-fertilizante-fr","10":"product_tag-fertilizante-liquido-fr","11":"product_tag-monkey-fr","13":"first","14":"outofstock","15":"taxable","16":"shipping-taxable","17":"purchasable","18":"product-type-simple"},"acf":[],"_links":{"self":[{"href":"https:\/\/monkeysoil.com\/fr\/wp-json\/wp\/v2\/product\/25293","targetHints":{"allow":["GET"]}}],"collection":[{"href":"https:\/\/monkeysoil.com\/fr\/wp-json\/wp\/v2\/product"}],"about":[{"href":"https:\/\/monkeysoil.com\/fr\/wp-json\/wp\/v2\/types\/product"}],"replies":[{"embeddable":true,"href":"https:\/\/monkeysoil.com\/fr\/wp-json\/wp\/v2\/comments?post=25293"}],"wp:featuredmedia":[{"embeddable":true,"href":"https:\/\/monkeysoil.com\/fr\/wp-json\/wp\/v2\/media\/25205"}],"wp:attachment":[{"href":"https:\/\/monkeysoil.com\/fr\/wp-json\/wp\/v2\/media?parent=25293"}],"wp:term":[{"taxonomy":"product_brand","embeddable":true,"href":"https:\/\/monkeysoil.com\/fr\/wp-json\/wp\/v2\/product_brand?post=25293"},{"taxonomy":"product_cat","embeddable":true,"href":"https:\/\/monkeysoil.com\/fr\/wp-json\/wp\/v2\/product_cat?post=25293"},{"taxonomy":"product_tag","embeddable":true,"href":"https:\/\/monkeysoil.com\/fr\/wp-json\/wp\/v2\/product_tag?post=25293"}],"curies":[{"name":"wp","href":"https:\/\/api.w.org\/{rel}","templated":true}]}}