{"id":22109,"date":"2024-03-07T13:49:50","date_gmt":"2024-03-07T13:06:10","guid":{"rendered":"https:\/\/www.monkeysoil.com\/?post_type=product&#038;p=22109"},"modified":"2024-12-04T14:42:38","modified_gmt":"2024-12-04T13:42:38","slug":"super-weed","status":"publish","type":"product","link":"https:\/\/monkeysoil.com\/fr\/produit\/super-weed\/","title":{"rendered":"Super Weed"},"content":{"rendered":"<p>Extrait d&#8217;algues avec phytohormones<\/p>\n","protected":false},"excerpt":{"rendered":"<h2>EXTRAIT D&#8217;ALGUES AVEC PHYTOHORMONES<\/h2>\n<p>Agent activateur efficace qui r\u00e9veille le potentiel des enzymes des plantes. Ses composants d\u00e9clenchent une croissance vigoureuse et des rendements plus \u00e9lev\u00e9s. Favorise la r\u00e9sistance aux basses temp\u00e9ratures et au stress, augmente le rendement et renforce la plante contre les maladies.<\/p>\n<p>Favorise le d\u00e9veloppement des racines et l&#8217;\u00e9change racine-substrat, am\u00e9liorant l&#8217;absorption des nutriments et la r\u00e9cup\u00e9ration apr\u00e8s la transplantation. Une solution compl\u00e8te pour les cultures \u00e0 haut rendement qui am\u00e9liore la qualit\u00e9 et la quantit\u00e9 des fleurs.<\/p>\n<p><strong>Application<\/strong><br \/>\nAppliquer par dilution avec de l&#8217;eau d&#8217;irrigation \u00e0 la dose recommand\u00e9e de 2-3 ml par litre d&#8217;eau ou par pulv\u00e9risation foliaire \u00e0 la dose recommand\u00e9e de 2 ml. Ajuster le dosage en fonction du plan de fertilisation.<\/p>\n","protected":false},"featured_media":27889,"menu_order":87,"comment_status":"closed","ping_status":"closed","template":"","meta":{"_acf_changed":false,"_et_pb_use_builder":"","_et_pb_old_content":"","_et_gb_content_width":""},"product_brand":[],"product_cat":[420,126],"product_tag":[461,396,456],"class_list":{"0":"post-22109","1":"product","2":"type-product","3":"status-publish","4":"has-post-thumbnail","6":"product_cat-engrais-liquides","7":"product_cat-engrais","8":"product_tag-algas-fr","9":"product_tag-fertilizante-fr","10":"product_tag-fertilizante-liquido-fr","12":"first","13":"instock","14":"taxable","15":"shipping-taxable","16":"purchasable","17":"product-type-variable"},"acf":[],"_links":{"self":[{"href":"https:\/\/monkeysoil.com\/fr\/wp-json\/wp\/v2\/product\/22109","targetHints":{"allow":["GET"]}}],"collection":[{"href":"https:\/\/monkeysoil.com\/fr\/wp-json\/wp\/v2\/product"}],"about":[{"href":"https:\/\/monkeysoil.com\/fr\/wp-json\/wp\/v2\/types\/product"}],"replies":[{"embeddable":true,"href":"https:\/\/monkeysoil.com\/fr\/wp-json\/wp\/v2\/comments?post=22109"}],"wp:featuredmedia":[{"embeddable":true,"href":"https:\/\/monkeysoil.com\/fr\/wp-json\/wp\/v2\/media\/27889"}],"wp:attachment":[{"href":"https:\/\/monkeysoil.com\/fr\/wp-json\/wp\/v2\/media?parent=22109"}],"wp:term":[{"taxonomy":"product_brand","embeddable":true,"href":"https:\/\/monkeysoil.com\/fr\/wp-json\/wp\/v2\/product_brand?post=22109"},{"taxonomy":"product_cat","embeddable":true,"href":"https:\/\/monkeysoil.com\/fr\/wp-json\/wp\/v2\/product_cat?post=22109"},{"taxonomy":"product_tag","embeddable":true,"href":"https:\/\/monkeysoil.com\/fr\/wp-json\/wp\/v2\/product_tag?post=22109"}],"curies":[{"name":"wp","href":"https:\/\/api.w.org\/{rel}","templated":true}]}}