{"id":1802,"date":"2001-03-02T10:33:44","date_gmt":"2001-03-02T09:33:44","guid":{"rendered":"https:\/\/www.monkeysoil.com\/producto\/light-mix-evolution\/"},"modified":"2024-10-07T14:21:35","modified_gmt":"2024-10-07T12:21:35","slug":"light-mix-evolution","status":"publish","type":"product","link":"https:\/\/monkeysoil.com\/fr\/produit\/light-mix-evolution\/","title":{"rendered":"Light Mix Evolution"},"content":{"rendered":"<p>Substrat de culture l\u00e9ger pour int\u00e9rieur et ext\u00e9rieur<\/p>\n","protected":false},"excerpt":{"rendered":"<h2>SUBSTRAT DE CULTURE L\u00c9GER POUR INT\u00c9RIEUR ET EXT\u00c9RIEUR<\/h2>\n<p><strong>Sac de 50 litres<\/strong><\/p>\n<p>Monkey Light Mix Evolution est un substrat de tourbe avec coco pour la culture d\u2019int\u00e9rieur et d\u2019ext\u00e9rieur qui facilite le d\u00e9veloppement du syst\u00e8me racinaire gr\u00e2ce \u00e0 sa bonne oxyg\u00e9nation. C\u2019est un substrat l\u00e9ger qui permet d\u2019arroser et de fertiliser d\u00e8s les premi\u00e8res semaines de croissance pour favoriser le d\u00e9veloppement de la plante. Il a un excellent niveau de r\u00e9tention d\u2019eau et maintient tr\u00e8s bien la structure.<\/p>\n<p>Substrat m\u00e9lang\u00e9 qui contient des tourbes de sphaigne en bloc H2-H4, de la tourbe et de la fibre de coco moyenne, de la chaux, du nitrate calcique, de la perlite et du NPK.<\/p>\n","protected":false},"featured_media":7474,"menu_order":5,"comment_status":"closed","ping_status":"closed","template":"","meta":{"_acf_changed":false,"_et_pb_use_builder":"off","_et_pb_old_content":"","_et_gb_content_width":""},"product_brand":[],"product_cat":[211],"product_tag":[200,204,203,197,198,199],"class_list":{"0":"post-1802","1":"product","2":"type-product","3":"status-publish","4":"has-post-thumbnail","6":"product_cat-substrats","7":"product_tag-cultivo-fr","8":"product_tag-light-mix-pro-fr","9":"product_tag-monkey-soil-fr","10":"product_tag-sustrato-fr","11":"product_tag-sustratos-fr","12":"product_tag-tierra-fr","14":"first","15":"instock","16":"featured","17":"taxable","18":"shipping-taxable","19":"purchasable","20":"product-type-simple"},"acf":[],"_links":{"self":[{"href":"https:\/\/monkeysoil.com\/fr\/wp-json\/wp\/v2\/product\/1802","targetHints":{"allow":["GET"]}}],"collection":[{"href":"https:\/\/monkeysoil.com\/fr\/wp-json\/wp\/v2\/product"}],"about":[{"href":"https:\/\/monkeysoil.com\/fr\/wp-json\/wp\/v2\/types\/product"}],"replies":[{"embeddable":true,"href":"https:\/\/monkeysoil.com\/fr\/wp-json\/wp\/v2\/comments?post=1802"}],"wp:featuredmedia":[{"embeddable":true,"href":"https:\/\/monkeysoil.com\/fr\/wp-json\/wp\/v2\/media\/7474"}],"wp:attachment":[{"href":"https:\/\/monkeysoil.com\/fr\/wp-json\/wp\/v2\/media?parent=1802"}],"wp:term":[{"taxonomy":"product_brand","embeddable":true,"href":"https:\/\/monkeysoil.com\/fr\/wp-json\/wp\/v2\/product_brand?post=1802"},{"taxonomy":"product_cat","embeddable":true,"href":"https:\/\/monkeysoil.com\/fr\/wp-json\/wp\/v2\/product_cat?post=1802"},{"taxonomy":"product_tag","embeddable":true,"href":"https:\/\/monkeysoil.com\/fr\/wp-json\/wp\/v2\/product_tag?post=1802"}],"curies":[{"name":"wp","href":"https:\/\/api.w.org\/{rel}","templated":true}]}}