{"id":1799,"date":"2002-03-03T10:34:23","date_gmt":"2002-03-03T09:34:23","guid":{"rendered":"https:\/\/www.monkeysoil.com\/producto\/monkey-coco\/"},"modified":"2024-09-18T13:09:40","modified_gmt":"2024-09-18T11:09:40","slug":"monkey-coco","status":"publish","type":"product","link":"https:\/\/monkeysoil.com\/fr\/produit\/monkey-coco\/","title":{"rendered":"Monkey Coco"},"content":{"rendered":"<p>Coco de granulom\u00e9trie moyenne et tamponn\u00e9e<\/p>\n","protected":false},"excerpt":{"rendered":"<h2>COCO DE GRANULOM\u00c9TRIE MOYENNE ET TAMPONN\u00c9E<\/h2>\n<p><strong>Sac de 50 litres<\/strong><\/p>\n<p>Monkey Coco est un substrat de coco de granulom\u00e9trie moyenne et tamponn\u00e9e; il est organique, naturel et renouvelable. Il a une grande capacit\u00e9 de r\u00e9sistance aux situations de stress et fournit \u00e0 la plante un \u00e9quilibre optimal entre r\u00e9tention d\u2019eau et capacit\u00e9 d\u2019a\u00e9ration. Maintient une structure oxyg\u00e9n\u00e9e tout au long du cycle de culture.<\/p>\n<p>Substrat de coco qui contient de la tourbe de coco, de la fibre de coco moyenne, du nitrate calcique et du NPK.<\/p>\n","protected":false},"featured_media":7453,"menu_order":15,"comment_status":"closed","ping_status":"closed","template":"","meta":{"_acf_changed":false,"_et_pb_use_builder":"","_et_pb_old_content":"","_et_gb_content_width":""},"product_brand":[],"product_cat":[211],"product_tag":[206,200,205,203,197,198,201],"class_list":{"0":"post-1799","1":"product","2":"type-product","3":"status-publish","4":"has-post-thumbnail","6":"product_cat-substrats","7":"product_tag-coco-fr-2","8":"product_tag-cultivo-fr","9":"product_tag-monkey-coco-fr","10":"product_tag-monkey-soil-fr","11":"product_tag-sustrato-fr","12":"product_tag-sustratos-fr","13":"product_tag-tierras-fr","15":"first","16":"instock","17":"featured","18":"taxable","19":"shipping-taxable","20":"purchasable","21":"product-type-simple"},"acf":[],"_links":{"self":[{"href":"https:\/\/monkeysoil.com\/fr\/wp-json\/wp\/v2\/product\/1799","targetHints":{"allow":["GET"]}}],"collection":[{"href":"https:\/\/monkeysoil.com\/fr\/wp-json\/wp\/v2\/product"}],"about":[{"href":"https:\/\/monkeysoil.com\/fr\/wp-json\/wp\/v2\/types\/product"}],"replies":[{"embeddable":true,"href":"https:\/\/monkeysoil.com\/fr\/wp-json\/wp\/v2\/comments?post=1799"}],"wp:featuredmedia":[{"embeddable":true,"href":"https:\/\/monkeysoil.com\/fr\/wp-json\/wp\/v2\/media\/7453"}],"wp:attachment":[{"href":"https:\/\/monkeysoil.com\/fr\/wp-json\/wp\/v2\/media?parent=1799"}],"wp:term":[{"taxonomy":"product_brand","embeddable":true,"href":"https:\/\/monkeysoil.com\/fr\/wp-json\/wp\/v2\/product_brand?post=1799"},{"taxonomy":"product_cat","embeddable":true,"href":"https:\/\/monkeysoil.com\/fr\/wp-json\/wp\/v2\/product_cat?post=1799"},{"taxonomy":"product_tag","embeddable":true,"href":"https:\/\/monkeysoil.com\/fr\/wp-json\/wp\/v2\/product_tag?post=1799"}],"curies":[{"name":"wp","href":"https:\/\/api.w.org\/{rel}","templated":true}]}}