{"id":1796,"date":"2003-03-04T10:34:41","date_gmt":"2003-03-04T09:34:41","guid":{"rendered":"https:\/\/www.monkeysoil.com\/producto\/monkey-coco-pro\/"},"modified":"2024-05-06T12:01:24","modified_gmt":"2024-05-06T10:01:24","slug":"monkey-coco-pro","status":"publish","type":"product","link":"https:\/\/monkeysoil.com\/fr\/produit\/monkey-coco-pro\/","title":{"rendered":"Monkey Coco Pro"},"content":{"rendered":"<p>Substrat de Coco de haute qualit\u00e9<\/p>\n","protected":false},"excerpt":{"rendered":"<h2>Substrat de Coco de haute qualit\u00e9<\/h2>\n<p><strong>Sac de 50 litres<\/strong><\/p>\n<p>Monkey Coco Pro est un substrat de coco de haute qualit\u00e9 avec une grande capacit\u00e9 de r\u00e9tention d\u2019eau, qui contient de l\u2019engrais min\u00e9ral de quatri\u00e8me g\u00e9n\u00e9ration \u00e0 lib\u00e9ration lente. C\u2019est une option de culture hautement productive et qui g\u00e9n\u00e8re chez les plantes une r\u00e9sistance optimale aux maladies et champignons.<\/p>\n<p>Substrat de coco qui contient de la tourbe de coco, de la fibre de coco moyenne, du nitrate calcique et du NPK.<\/p>\n","protected":false},"featured_media":7444,"menu_order":35,"comment_status":"closed","ping_status":"closed","template":"","meta":{"_acf_changed":false,"_et_pb_use_builder":"","_et_pb_old_content":"","_et_gb_content_width":""},"product_brand":[],"product_cat":[211],"product_tag":[227,200,207,203,197,198,199,201],"class_list":{"0":"post-1796","1":"product","2":"type-product","3":"status-publish","4":"has-post-thumbnail","6":"product_cat-substrats","7":"product_tag-coco-pro-fr","8":"product_tag-cultivo-fr","9":"product_tag-monkey-fr","10":"product_tag-monkey-soil-fr","11":"product_tag-sustrato-fr","12":"product_tag-sustratos-fr","13":"product_tag-tierra-fr","14":"product_tag-tierras-fr","16":"first","17":"instock","18":"taxable","19":"shipping-taxable","20":"purchasable","21":"product-type-simple"},"acf":[],"_links":{"self":[{"href":"https:\/\/monkeysoil.com\/fr\/wp-json\/wp\/v2\/product\/1796","targetHints":{"allow":["GET"]}}],"collection":[{"href":"https:\/\/monkeysoil.com\/fr\/wp-json\/wp\/v2\/product"}],"about":[{"href":"https:\/\/monkeysoil.com\/fr\/wp-json\/wp\/v2\/types\/product"}],"replies":[{"embeddable":true,"href":"https:\/\/monkeysoil.com\/fr\/wp-json\/wp\/v2\/comments?post=1796"}],"wp:featuredmedia":[{"embeddable":true,"href":"https:\/\/monkeysoil.com\/fr\/wp-json\/wp\/v2\/media\/7444"}],"wp:attachment":[{"href":"https:\/\/monkeysoil.com\/fr\/wp-json\/wp\/v2\/media?parent=1796"}],"wp:term":[{"taxonomy":"product_brand","embeddable":true,"href":"https:\/\/monkeysoil.com\/fr\/wp-json\/wp\/v2\/product_brand?post=1796"},{"taxonomy":"product_cat","embeddable":true,"href":"https:\/\/monkeysoil.com\/fr\/wp-json\/wp\/v2\/product_cat?post=1796"},{"taxonomy":"product_tag","embeddable":true,"href":"https:\/\/monkeysoil.com\/fr\/wp-json\/wp\/v2\/product_tag?post=1796"}],"curies":[{"name":"wp","href":"https:\/\/api.w.org\/{rel}","templated":true}]}}