{"id":1793,"date":"2004-03-04T10:34:03","date_gmt":"2004-03-04T09:34:03","guid":{"rendered":"https:\/\/www.monkeysoil.com\/producto\/monkey-bat-mix\/"},"modified":"2024-05-06T12:04:37","modified_gmt":"2024-05-06T10:04:37","slug":"monkey-bat-mix","status":"publish","type":"product","link":"https:\/\/monkeysoil.com\/fr\/produit\/monkey-bat-mix\/","title":{"rendered":"Monkey Bat Mix"},"content":{"rendered":"<p>Une explosion de floraison<\/p>\n","protected":false},"excerpt":{"rendered":"<h2>Une explosion de floraison<\/h2>\n<p><strong>Sac de 50 litres<\/strong><\/p>\n<p>Monkey Bat Mix est un substrat complet en nutriments et avec une fertilisation au guano de chauve-souris africaine. Il n\u2019est pas n\u00e9cessaire d\u2019ajouter de nutriments suppl\u00e9mentaires \u00e0 la culture pendant les 6-7 premi\u00e8res semaines de d\u00e9veloppement. Il a un excellent niveau de r\u00e9tention d\u2019eau, g\u00e9n\u00e8re un bon niveau de r\u00e9sistance de la plante et favorise une floraison abondante.<\/p>\n<p>Substrat m\u00e9lang\u00e9 de tourbes, de perlite, de guano de chauve-souris et de mycorhizes et de coco.<\/p>\n","protected":false},"featured_media":7440,"menu_order":50,"comment_status":"closed","ping_status":"closed","template":"","meta":{"_acf_changed":false,"_et_pb_use_builder":"","_et_pb_old_content":"","_et_gb_content_width":""},"product_brand":[],"product_cat":[211],"product_tag":[200,207,203,197,199,201],"class_list":{"0":"post-1793","1":"product","2":"type-product","3":"status-publish","4":"has-post-thumbnail","6":"product_cat-substrats","7":"product_tag-cultivo-fr","8":"product_tag-monkey-fr","9":"product_tag-monkey-soil-fr","10":"product_tag-sustrato-fr","11":"product_tag-tierra-fr","12":"product_tag-tierras-fr","14":"first","15":"instock","16":"taxable","17":"shipping-taxable","18":"purchasable","19":"product-type-simple"},"acf":[],"_links":{"self":[{"href":"https:\/\/monkeysoil.com\/fr\/wp-json\/wp\/v2\/product\/1793","targetHints":{"allow":["GET"]}}],"collection":[{"href":"https:\/\/monkeysoil.com\/fr\/wp-json\/wp\/v2\/product"}],"about":[{"href":"https:\/\/monkeysoil.com\/fr\/wp-json\/wp\/v2\/types\/product"}],"replies":[{"embeddable":true,"href":"https:\/\/monkeysoil.com\/fr\/wp-json\/wp\/v2\/comments?post=1793"}],"wp:featuredmedia":[{"embeddable":true,"href":"https:\/\/monkeysoil.com\/fr\/wp-json\/wp\/v2\/media\/7440"}],"wp:attachment":[{"href":"https:\/\/monkeysoil.com\/fr\/wp-json\/wp\/v2\/media?parent=1793"}],"wp:term":[{"taxonomy":"product_brand","embeddable":true,"href":"https:\/\/monkeysoil.com\/fr\/wp-json\/wp\/v2\/product_brand?post=1793"},{"taxonomy":"product_cat","embeddable":true,"href":"https:\/\/monkeysoil.com\/fr\/wp-json\/wp\/v2\/product_cat?post=1793"},{"taxonomy":"product_tag","embeddable":true,"href":"https:\/\/monkeysoil.com\/fr\/wp-json\/wp\/v2\/product_tag?post=1793"}],"curies":[{"name":"wp","href":"https:\/\/api.w.org\/{rel}","templated":true}]}}