{"id":1790,"date":"2005-03-06T16:53:09","date_gmt":"2005-03-06T15:53:09","guid":{"rendered":"https:\/\/www.monkeysoil.com\/producto\/monkey-ecosoil-indoor\/"},"modified":"2024-05-06T11:54:42","modified_gmt":"2024-05-06T09:54:42","slug":"monkey-ecosoil-indoor","status":"publish","type":"product","link":"https:\/\/monkeysoil.com\/fr\/produit\/monkey-ecosoil-indoor\/","title":{"rendered":"Monkey EcoSoil Indoor"},"content":{"rendered":"<p>Substrat \u00c9cologique pour la culture en int\u00e9rieur<\/p>\n","protected":false},"excerpt":{"rendered":"<h2>Substrat \u00c9cologique pour la culture en int\u00e9rieur<\/h2>\n<p><strong>Sac de 50 litres<\/strong><\/p>\n<p>Est un substrat test\u00e9 pour des cultures 100% organiques avec le Control Ecocert SA F-32600. Il est adapt\u00e9 pour les usages th\u00e9rapeutiques et est sans m\u00e9taux lourds. Il est d\u2019une granulom\u00e9trie fine pour des plantations en int\u00e9rieur avec un plan de fertilisation.<\/p>\n<p>La Monkey Ecosoil Indoor est compos\u00e9e de tourbe de cat\u00e9gorie sup\u00e9rieure avec un fort pourcentage de coco qui am\u00e9liore le d\u00e9veloppement racinaire et favorise la r\u00e9tention d\u2019eau.<\/p>\n<p>Produit utilisable en Agriculture Biologique selon les R\u00e8glements CE n \u00b0 834\/2007 et 889\/2008, NOP et JAS.<\/p>\n<p>Contr\u00f4le Ecocert SA F-32600.<\/p>\n","protected":false},"featured_media":7457,"menu_order":41,"comment_status":"closed","ping_status":"closed","template":"","meta":{"_acf_changed":false,"_et_pb_use_builder":"","_et_pb_old_content":"","_et_gb_content_width":""},"product_brand":[],"product_cat":[211],"product_tag":[200,326,229,207,330,325,197,198,327,199,201],"class_list":{"0":"post-1790","1":"product","2":"type-product","3":"status-publish","4":"has-post-thumbnail","6":"product_cat-substrats","7":"product_tag-cultivo-fr","8":"product_tag-ecologico-fr","9":"product_tag-ecosoil-fr","10":"product_tag-monkey-fr","11":"product_tag-monkey-ecosoil-fr","12":"product_tag-organico-fr","13":"product_tag-sustrato-fr","14":"product_tag-sustratos-fr","15":"product_tag-terapeutico-fr","16":"product_tag-tierra-fr","17":"product_tag-tierras-fr","19":"first","20":"instock","21":"taxable","22":"shipping-taxable","23":"purchasable","24":"product-type-simple"},"acf":[],"_links":{"self":[{"href":"https:\/\/monkeysoil.com\/fr\/wp-json\/wp\/v2\/product\/1790","targetHints":{"allow":["GET"]}}],"collection":[{"href":"https:\/\/monkeysoil.com\/fr\/wp-json\/wp\/v2\/product"}],"about":[{"href":"https:\/\/monkeysoil.com\/fr\/wp-json\/wp\/v2\/types\/product"}],"replies":[{"embeddable":true,"href":"https:\/\/monkeysoil.com\/fr\/wp-json\/wp\/v2\/comments?post=1790"}],"wp:featuredmedia":[{"embeddable":true,"href":"https:\/\/monkeysoil.com\/fr\/wp-json\/wp\/v2\/media\/7457"}],"wp:attachment":[{"href":"https:\/\/monkeysoil.com\/fr\/wp-json\/wp\/v2\/media?parent=1790"}],"wp:term":[{"taxonomy":"product_brand","embeddable":true,"href":"https:\/\/monkeysoil.com\/fr\/wp-json\/wp\/v2\/product_brand?post=1790"},{"taxonomy":"product_cat","embeddable":true,"href":"https:\/\/monkeysoil.com\/fr\/wp-json\/wp\/v2\/product_cat?post=1790"},{"taxonomy":"product_tag","embeddable":true,"href":"https:\/\/monkeysoil.com\/fr\/wp-json\/wp\/v2\/product_tag?post=1790"}],"curies":[{"name":"wp","href":"https:\/\/api.w.org\/{rel}","templated":true}]}}