{"id":1787,"date":"2006-03-06T16:58:18","date_gmt":"2006-03-06T15:58:18","guid":{"rendered":"https:\/\/www.monkeysoil.com\/producto\/monkey-ecosoil-outdoor\/"},"modified":"2024-05-06T11:51:40","modified_gmt":"2024-05-06T09:51:40","slug":"monkey-ecosoil-outdoor","status":"publish","type":"product","link":"https:\/\/monkeysoil.com\/fr\/produit\/monkey-ecosoil-outdoor\/","title":{"rendered":"Monkey EcoSoil Outdoor"},"content":{"rendered":"<p>Substrat \u00c9cologique 100% organique<\/p>\n","protected":false},"excerpt":{"rendered":"<h2>Substrat \u00c9cologique 100% organique<\/h2>\n<p><strong>Sac de 50 litres.<\/strong><\/p>\n<p>Monkey Ecosoil Outdoor est un terreau adapt\u00e9 \u00e0 l&#8217;agriculture biologique avec le Control Ecocert SA F-32600. Il est sans m\u00e9taux lourds et adapt\u00e9 pour les usages th\u00e9rapeutiques. C\u2019est un substrat propre et complet ; avec une tourbe extraite en bloc 7-20 de premi\u00e8re qualit\u00e9 et une pr\u00e9-fertilisation naturelle qui permet de cultiver sans fertilisation suppl\u00e9mentaire lors de la croissance de la plante. Il contient de la coco qui favorise le d\u00e9veloppement des racines.<\/p>\n<p>Le m\u00e9lange \u00e9quilibr\u00e9 de terres qui forment la Monkey Ecosoil Outdoor produisent une texture \u00e9paisse, id\u00e9ale pour garantir un niveau optimal de r\u00e9tention d\u2019eau.<\/p>\n<p>Produit utilisable en Agriculture Biologique selon les R\u00e8glements CE n \u00b0 834\/2007 et 889\/2008, NOP et JAS<\/p>\n<p>Contr\u00f4le Ecocert SA F-32600.<\/p>\n","protected":false},"featured_media":7465,"menu_order":36,"comment_status":"closed","ping_status":"closed","template":"","meta":{"_acf_changed":false,"_et_pb_use_builder":"","_et_pb_old_content":"","_et_gb_content_width":""},"product_brand":[],"product_cat":[211],"product_tag":[200,326,229,207,330,325,197,198,327,199,201],"class_list":{"0":"post-1787","1":"product","2":"type-product","3":"status-publish","4":"has-post-thumbnail","6":"product_cat-substrats","7":"product_tag-cultivo-fr","8":"product_tag-ecologico-fr","9":"product_tag-ecosoil-fr","10":"product_tag-monkey-fr","11":"product_tag-monkey-ecosoil-fr","12":"product_tag-organico-fr","13":"product_tag-sustrato-fr","14":"product_tag-sustratos-fr","15":"product_tag-terapeutico-fr","16":"product_tag-tierra-fr","17":"product_tag-tierras-fr","19":"first","20":"instock","21":"taxable","22":"shipping-taxable","23":"purchasable","24":"product-type-simple"},"acf":[],"_links":{"self":[{"href":"https:\/\/monkeysoil.com\/fr\/wp-json\/wp\/v2\/product\/1787","targetHints":{"allow":["GET"]}}],"collection":[{"href":"https:\/\/monkeysoil.com\/fr\/wp-json\/wp\/v2\/product"}],"about":[{"href":"https:\/\/monkeysoil.com\/fr\/wp-json\/wp\/v2\/types\/product"}],"replies":[{"embeddable":true,"href":"https:\/\/monkeysoil.com\/fr\/wp-json\/wp\/v2\/comments?post=1787"}],"wp:featuredmedia":[{"embeddable":true,"href":"https:\/\/monkeysoil.com\/fr\/wp-json\/wp\/v2\/media\/7465"}],"wp:attachment":[{"href":"https:\/\/monkeysoil.com\/fr\/wp-json\/wp\/v2\/media?parent=1787"}],"wp:term":[{"taxonomy":"product_brand","embeddable":true,"href":"https:\/\/monkeysoil.com\/fr\/wp-json\/wp\/v2\/product_brand?post=1787"},{"taxonomy":"product_cat","embeddable":true,"href":"https:\/\/monkeysoil.com\/fr\/wp-json\/wp\/v2\/product_cat?post=1787"},{"taxonomy":"product_tag","embeddable":true,"href":"https:\/\/monkeysoil.com\/fr\/wp-json\/wp\/v2\/product_tag?post=1787"}],"curies":[{"name":"wp","href":"https:\/\/api.w.org\/{rel}","templated":true}]}}