{"id":1780,"date":"2016-04-18T14:58:41","date_gmt":"2016-04-18T12:58:41","guid":{"rendered":"https:\/\/www.monkeysoil.com\/producto\/monkey-klone\/"},"modified":"2024-10-07T14:04:34","modified_gmt":"2024-10-07T12:04:34","slug":"monkey-klone","status":"publish","type":"product","link":"https:\/\/monkeysoil.com\/fr\/produit\/monkey-klone\/","title":{"rendered":"Monkey Klone"},"content":{"rendered":"<p>Plateaux plugin de germination d&#8217;excellente qualit\u00e9<\/p>\n","protected":false},"excerpt":{"rendered":"<h2>Plateaux plugin de germination d&#8217;excellente qualit\u00e9<\/h2>\n<p>Les <strong>plateaux plugin<\/strong> de germination <strong>Monkey Klone<\/strong> sont des lits de semences avec un substrat \u00e0 base de fibre de coco, de tourbe et d&#8217;engrais organique, con\u00e7us pour la <strong>germination des graines et le clonage des plantes<\/strong>.<\/p>\n<p>L&#8217;utilisation de <strong>Monkey Klone<\/strong> pour l&#8217;\u00e9closion et la premi\u00e8re phase de croissance de la plante favorise un <strong>d\u00e9veloppement extraordinaire des racines<\/strong>.<\/p>\n<p>Il existe deux formats de Monkey Klone : avec 104 et 150 alv\u00e9oles. Chaque alv\u00e9ole est pr\u00e9par\u00e9e avec un m\u00e9lange de tourbes et de nutriments pour obtenir d\u2019excellents r\u00e9sultats pendant le processus de germination et pour des clones sains et forts. C\u2019est un produit largement test\u00e9, avec 100 % d\u2019efficacit\u00e9. Utiliser les plateaux Monkey Klone pour la premi\u00e8re phase de croissance de la plante favorise un d\u00e9veloppement extraordinaire des racines.<\/p>\n<p>Le mode d\u2019emploi des Monkey Klone est tr\u00e8s simple : il faut seulement hydrater le substrat et ins\u00e9rer les graines ou boutures dans chacune des alv\u00e9oles. M\u00e9lange de tourbe de coco et de tourbe de sphaigne.<\/p>\n<p>Apporte de l\u2019azote, du NPK, du fer et du carbonate de calcium.<\/p>\n","protected":false},"featured_media":18241,"menu_order":53,"comment_status":"open","ping_status":"closed","template":"","meta":{"_acf_changed":false,"_et_pb_use_builder":"","_et_pb_old_content":"","_et_gb_content_width":""},"product_brand":[],"product_cat":[346],"product_tag":[],"class_list":{"0":"post-1780","1":"product","2":"type-product","3":"status-publish","4":"has-post-thumbnail","6":"product_cat-plateaux-de-germination","8":"first","9":"instock","10":"featured","11":"taxable","12":"shipping-taxable","13":"purchasable","14":"product-type-variable"},"acf":[],"_links":{"self":[{"href":"https:\/\/monkeysoil.com\/fr\/wp-json\/wp\/v2\/product\/1780","targetHints":{"allow":["GET"]}}],"collection":[{"href":"https:\/\/monkeysoil.com\/fr\/wp-json\/wp\/v2\/product"}],"about":[{"href":"https:\/\/monkeysoil.com\/fr\/wp-json\/wp\/v2\/types\/product"}],"replies":[{"embeddable":true,"href":"https:\/\/monkeysoil.com\/fr\/wp-json\/wp\/v2\/comments?post=1780"}],"wp:featuredmedia":[{"embeddable":true,"href":"https:\/\/monkeysoil.com\/fr\/wp-json\/wp\/v2\/media\/18241"}],"wp:attachment":[{"href":"https:\/\/monkeysoil.com\/fr\/wp-json\/wp\/v2\/media?parent=1780"}],"wp:term":[{"taxonomy":"product_brand","embeddable":true,"href":"https:\/\/monkeysoil.com\/fr\/wp-json\/wp\/v2\/product_brand?post=1780"},{"taxonomy":"product_cat","embeddable":true,"href":"https:\/\/monkeysoil.com\/fr\/wp-json\/wp\/v2\/product_cat?post=1780"},{"taxonomy":"product_tag","embeddable":true,"href":"https:\/\/monkeysoil.com\/fr\/wp-json\/wp\/v2\/product_tag?post=1780"}],"curies":[{"name":"wp","href":"https:\/\/api.w.org\/{rel}","templated":true}]}}