{"id":1769,"date":"2016-03-09T10:32:40","date_gmt":"2016-03-09T09:32:40","guid":{"rendered":"https:\/\/www.monkeysoil.com\/producto\/bat-monkey-fra\/"},"modified":"2024-05-27T13:15:36","modified_gmt":"2024-05-27T11:15:36","slug":"bat-monkey-fra","status":"publish","type":"product","link":"https:\/\/monkeysoil.com\/fr\/produit\/bat-monkey-fra\/","title":{"rendered":"Bat Monkey"},"content":{"rendered":"<p>Guano de chauve-souris naturel<\/p>\n","protected":false},"excerpt":{"rendered":"<h2>Guano de chauve-souris naturel<\/h2>\n<p><strong>Emballage 1 ou 5 Kg<\/strong><\/p>\n<p>C\u2019est le guano de chauve-souris de Monkey Soil. Un engrais naturel qui contient des \u00e9l\u00e9ments organiques actifs et des min\u00e9raux, comme le phosphore ou le potassium, qui renforcent les plantes pour qu\u2019elles aient un meilleur d\u00e9veloppement et une fleuraison abondante.<\/p>\n","protected":false},"featured_media":7461,"menu_order":127,"comment_status":"closed","ping_status":"closed","template":"","meta":{"_acf_changed":false,"_et_pb_use_builder":"","_et_pb_old_content":"","_et_gb_content_width":""},"product_brand":[],"product_cat":[423,126],"product_tag":[218,207,203,198],"class_list":{"0":"post-1769","1":"product","2":"type-product","3":"status-publish","4":"has-post-thumbnail","6":"product_cat-engrais-solides","7":"product_cat-engrais","8":"product_tag-bat-monkey-fr-2","9":"product_tag-monkey-fr","10":"product_tag-monkey-soil-fr","11":"product_tag-sustratos-fr","13":"first","14":"instock","15":"taxable","16":"shipping-taxable","17":"purchasable","18":"product-type-variable"},"acf":[],"_links":{"self":[{"href":"https:\/\/monkeysoil.com\/fr\/wp-json\/wp\/v2\/product\/1769","targetHints":{"allow":["GET"]}}],"collection":[{"href":"https:\/\/monkeysoil.com\/fr\/wp-json\/wp\/v2\/product"}],"about":[{"href":"https:\/\/monkeysoil.com\/fr\/wp-json\/wp\/v2\/types\/product"}],"replies":[{"embeddable":true,"href":"https:\/\/monkeysoil.com\/fr\/wp-json\/wp\/v2\/comments?post=1769"}],"wp:featuredmedia":[{"embeddable":true,"href":"https:\/\/monkeysoil.com\/fr\/wp-json\/wp\/v2\/media\/7461"}],"wp:attachment":[{"href":"https:\/\/monkeysoil.com\/fr\/wp-json\/wp\/v2\/media?parent=1769"}],"wp:term":[{"taxonomy":"product_brand","embeddable":true,"href":"https:\/\/monkeysoil.com\/fr\/wp-json\/wp\/v2\/product_brand?post=1769"},{"taxonomy":"product_cat","embeddable":true,"href":"https:\/\/monkeysoil.com\/fr\/wp-json\/wp\/v2\/product_cat?post=1769"},{"taxonomy":"product_tag","embeddable":true,"href":"https:\/\/monkeysoil.com\/fr\/wp-json\/wp\/v2\/product_tag?post=1769"}],"curies":[{"name":"wp","href":"https:\/\/api.w.org\/{rel}","templated":true}]}}