{"id":1763,"date":"2016-03-09T10:33:01","date_gmt":"2016-03-09T09:33:01","guid":{"rendered":"https:\/\/www.monkeysoil.com\/producto\/monkey-worms-fra\/"},"modified":"2024-09-05T14:13:30","modified_gmt":"2024-09-05T12:13:30","slug":"monkey-worms-fra","status":"publish","type":"product","link":"https:\/\/monkeysoil.com\/fr\/produit\/monkey-worms-fra\/","title":{"rendered":"Monkey Worms"},"content":{"rendered":"<p>Hummus de ver de terre rouge de Californie<\/p>\n","protected":false},"excerpt":{"rendered":"<h2>Hummus de ver de terre rouge de Californie<\/h2>\n<p><strong><strong class=\"b4\">Bidon de <\/strong>5 litres<br \/>\n<\/strong><\/p>\n<p>C\u2019est un hummus de ver de terre rouge de Californie d\u2019une qualit\u00e9 exceptionnelle, consid\u00e9r\u00e9 de gamme extra. Il offre aux plantes des nutriments g\u00e9n\u00e9reux et il am\u00e9liore la composition et la texture du sol de culture. Il s\u2019agit d\u2019un engrais efficace qui aide \u00e0 r\u00e9duire les risques au moment de transplanter ou dans les cas de changements de temp\u00e9rature.<\/p>\n<p>Il est appliqu\u00e9 par m\u00e9lange avec le substrat de base au d\u00e9but de la culture et fournit une fertilisation suppl\u00e9mentaire et naturelle. Proportion recommand\u00e9e : entre 10 et 20 % du substrat total.<\/p>\n","protected":false},"featured_media":7449,"menu_order":132,"comment_status":"closed","ping_status":"closed","template":"","meta":{"_acf_changed":false,"_et_pb_use_builder":"","_et_pb_old_content":"","_et_gb_content_width":""},"product_brand":[],"product_cat":[423,126],"product_tag":[217,207,216,197],"class_list":{"0":"post-1763","1":"product","2":"type-product","3":"status-publish","4":"has-post-thumbnail","6":"product_cat-engrais-solides","7":"product_cat-engrais","8":"product_tag-humus-fr","9":"product_tag-monkey-fr","10":"product_tag-monkey-worms-fr","11":"product_tag-sustrato-fr","13":"first","14":"instock","15":"taxable","16":"shipping-taxable","17":"purchasable","18":"product-type-simple"},"acf":[],"_links":{"self":[{"href":"https:\/\/monkeysoil.com\/fr\/wp-json\/wp\/v2\/product\/1763","targetHints":{"allow":["GET"]}}],"collection":[{"href":"https:\/\/monkeysoil.com\/fr\/wp-json\/wp\/v2\/product"}],"about":[{"href":"https:\/\/monkeysoil.com\/fr\/wp-json\/wp\/v2\/types\/product"}],"replies":[{"embeddable":true,"href":"https:\/\/monkeysoil.com\/fr\/wp-json\/wp\/v2\/comments?post=1763"}],"wp:featuredmedia":[{"embeddable":true,"href":"https:\/\/monkeysoil.com\/fr\/wp-json\/wp\/v2\/media\/7449"}],"wp:attachment":[{"href":"https:\/\/monkeysoil.com\/fr\/wp-json\/wp\/v2\/media?parent=1763"}],"wp:term":[{"taxonomy":"product_brand","embeddable":true,"href":"https:\/\/monkeysoil.com\/fr\/wp-json\/wp\/v2\/product_brand?post=1763"},{"taxonomy":"product_cat","embeddable":true,"href":"https:\/\/monkeysoil.com\/fr\/wp-json\/wp\/v2\/product_cat?post=1763"},{"taxonomy":"product_tag","embeddable":true,"href":"https:\/\/monkeysoil.com\/fr\/wp-json\/wp\/v2\/product_tag?post=1763"}],"curies":[{"name":"wp","href":"https:\/\/api.w.org\/{rel}","templated":true}]}}