{"id":1745,"date":"2018-03-07T16:06:17","date_gmt":"2018-03-07T15:06:17","guid":{"rendered":"https:\/\/www.monkeysoil.com\/producto\/monkey-myko\/"},"modified":"2024-05-21T12:27:31","modified_gmt":"2024-05-21T10:27:31","slug":"monkey-myko","status":"publish","type":"product","link":"https:\/\/monkeysoil.com\/fr\/produit\/monkey-myko\/","title":{"rendered":"Monkey Myko"},"content":{"rendered":"<p>Des champignons et des spores mycorhizes<\/p>\n","protected":false},"excerpt":{"rendered":"<h2>Des champignons et des spores mycorhizes<\/h2>\n<p>Monkey Myko ce sont des champignons et des spores mycorhizes qui agissent en tant que fertilisants biologiques et r\u00e9gulateurs. Ce sont des endomycorhizes arbosculaires du genre Glomus Iranicum Tenuihypharum. Ils p\u00e9n\u00e8trent dans la racine de la plante renfor\u00e7ant son d\u00e9veloppement et ils aident \u00e0 l\u2019absorption des nutriments.<\/p>\n<p>Pour les plantes adultes on applique 2-3 gr par plante. L\u2019application de Monkey Myko g\u00e9n\u00e8re des syst\u00e8mes racinaires plus robustes et augmente la prolif\u00e9ration d\u2019hormones qui stimulent la croissance des racines secondaires qui apportent \u00e0 la plante une plus grande fermet\u00e9.<\/p>\n","protected":false},"featured_media":4059,"menu_order":152,"comment_status":"open","ping_status":"closed","template":"","meta":{"_acf_changed":false,"_et_pb_use_builder":"","_et_pb_old_content":"","_et_gb_content_width":""},"product_brand":[],"product_cat":[349],"product_tag":[200,202,197,198,199,201],"class_list":{"0":"post-1745","1":"product","2":"type-product","3":"status-publish","4":"has-post-thumbnail","6":"product_cat-microvie","7":"product_tag-cultivo-fr","8":"product_tag-monkey-myko-fr","9":"product_tag-sustrato-fr","10":"product_tag-sustratos-fr","11":"product_tag-tierra-fr","12":"product_tag-tierras-fr","14":"first","15":"instock","16":"taxable","17":"shipping-taxable","18":"purchasable","19":"product-type-variable"},"acf":[],"_links":{"self":[{"href":"https:\/\/monkeysoil.com\/fr\/wp-json\/wp\/v2\/product\/1745","targetHints":{"allow":["GET"]}}],"collection":[{"href":"https:\/\/monkeysoil.com\/fr\/wp-json\/wp\/v2\/product"}],"about":[{"href":"https:\/\/monkeysoil.com\/fr\/wp-json\/wp\/v2\/types\/product"}],"replies":[{"embeddable":true,"href":"https:\/\/monkeysoil.com\/fr\/wp-json\/wp\/v2\/comments?post=1745"}],"wp:featuredmedia":[{"embeddable":true,"href":"https:\/\/monkeysoil.com\/fr\/wp-json\/wp\/v2\/media\/4059"}],"wp:attachment":[{"href":"https:\/\/monkeysoil.com\/fr\/wp-json\/wp\/v2\/media?parent=1745"}],"wp:term":[{"taxonomy":"product_brand","embeddable":true,"href":"https:\/\/monkeysoil.com\/fr\/wp-json\/wp\/v2\/product_brand?post=1745"},{"taxonomy":"product_cat","embeddable":true,"href":"https:\/\/monkeysoil.com\/fr\/wp-json\/wp\/v2\/product_cat?post=1745"},{"taxonomy":"product_tag","embeddable":true,"href":"https:\/\/monkeysoil.com\/fr\/wp-json\/wp\/v2\/product_tag?post=1745"}],"curies":[{"name":"wp","href":"https:\/\/api.w.org\/{rel}","templated":true}]}}