{"id":14606,"date":"2022-11-29T12:10:21","date_gmt":"2022-11-29T11:10:21","guid":{"rendered":"https:\/\/www.monkeysoil.com\/?post_type=product&#038;p=14606"},"modified":"2024-05-06T12:18:07","modified_gmt":"2024-05-06T10:18:07","slug":"explosive-buds","status":"publish","type":"product","link":"https:\/\/monkeysoil.com\/fr\/produit\/explosive-buds\/","title":{"rendered":"Explosive Buds"},"content":{"rendered":"<p>Biostimuler le finisseur pour une meilleure r\u00e9colte<\/p>\n","protected":false},"excerpt":{"rendered":"<h2>Biostimuler le finisseur pour une meilleure r\u00e9colte<\/h2>\n<p><strong>Finisseur de culture avec potasse soluble<\/strong> et acide amin\u00e9 qui favorise la translocation des sucres de la plante au fruit, d\u00e9clenchant un effet puissant sur le processus de finition de la culture et <strong>am\u00e9liorant la qualit\u00e9 et le poids des fleurs<\/strong>.<\/p>\n<p><strong>Explosive Buds<\/strong> contient de <strong>l&#8217;aminogramme de Glu (100%).<\/strong><\/p>\n<p><strong>Application<\/strong><br \/>\nProduit liquide \u00e0 appliquer en diluant avec de l&#8217;eau d&#8217;irrigation par dose. Dosage recommand\u00e9 1-2 ml par litre d&#8217;eau. Adapter le dosage en fonction du plan de fertilisation.<\/p>\n","protected":false},"featured_media":25459,"menu_order":65,"comment_status":"closed","ping_status":"closed","template":"","meta":{"_acf_changed":false,"_et_pb_use_builder":"","_et_pb_old_content":"","_et_gb_content_width":""},"product_brand":[],"product_cat":[420,126],"product_tag":[396,456,203],"class_list":{"0":"post-14606","1":"product","2":"type-product","3":"status-publish","4":"has-post-thumbnail","6":"product_cat-engrais-liquides","7":"product_cat-engrais","8":"product_tag-fertilizante-fr","9":"product_tag-fertilizante-liquido-fr","10":"product_tag-monkey-soil-fr","12":"first","13":"instock","14":"featured","15":"taxable","16":"shipping-taxable","17":"purchasable","18":"product-type-variable"},"acf":[],"_links":{"self":[{"href":"https:\/\/monkeysoil.com\/fr\/wp-json\/wp\/v2\/product\/14606","targetHints":{"allow":["GET"]}}],"collection":[{"href":"https:\/\/monkeysoil.com\/fr\/wp-json\/wp\/v2\/product"}],"about":[{"href":"https:\/\/monkeysoil.com\/fr\/wp-json\/wp\/v2\/types\/product"}],"replies":[{"embeddable":true,"href":"https:\/\/monkeysoil.com\/fr\/wp-json\/wp\/v2\/comments?post=14606"}],"wp:featuredmedia":[{"embeddable":true,"href":"https:\/\/monkeysoil.com\/fr\/wp-json\/wp\/v2\/media\/25459"}],"wp:attachment":[{"href":"https:\/\/monkeysoil.com\/fr\/wp-json\/wp\/v2\/media?parent=14606"}],"wp:term":[{"taxonomy":"product_brand","embeddable":true,"href":"https:\/\/monkeysoil.com\/fr\/wp-json\/wp\/v2\/product_brand?post=14606"},{"taxonomy":"product_cat","embeddable":true,"href":"https:\/\/monkeysoil.com\/fr\/wp-json\/wp\/v2\/product_cat?post=14606"},{"taxonomy":"product_tag","embeddable":true,"href":"https:\/\/monkeysoil.com\/fr\/wp-json\/wp\/v2\/product_tag?post=14606"}],"curies":[{"name":"wp","href":"https:\/\/api.w.org\/{rel}","templated":true}]}}