{"id":14456,"date":"2022-12-01T12:21:21","date_gmt":"2022-12-01T11:21:21","guid":{"rendered":"https:\/\/www.monkeysoil.com\/?post_type=product&#038;p=14456"},"modified":"2024-09-02T14:23:35","modified_gmt":"2024-09-02T12:23:35","slug":"radikal-grow","status":"publish","type":"product","link":"https:\/\/monkeysoil.com\/fr\/produit\/radikal-grow\/","title":{"rendered":"Radikal Grow"},"content":{"rendered":"<p>Biostimulant, acc\u00e9l\u00e9rateur de croissance anti-carence avec micronutriments et acides amin\u00e9s<\/p>\n","protected":false},"excerpt":{"rendered":"<div class=\"page\" title=\"Page 1\">\n<div class=\"layoutArea\">\n<div class=\"column\">\n<h2>Biostimulant, acc\u00e9l\u00e9rateur de croissance anti-carence avec micronutriments et acides amin\u00e9s<\/h2>\n<p>Acc\u00e9l\u00e9rateur m\u00e9tabolique compos\u00e9 d<strong>&#8216;azote, de phosphore et de magn\u00e9sium<\/strong>, qui sont port\u00e9s par des acides amin\u00e9s favorisant la production de lignine et la croissance des plantes. La teneur en bore favorise le d\u00e9veloppement du tube pollinique, la teneur en mangan\u00e8se favorise la quantit\u00e9 et la qualit\u00e9 du pollen et la teneur en zinc favorise les processus de photosynth\u00e8se de la plante et une plus grande absorption d&#8217;azote. Compos\u00e9 d&#8217;<strong>acides amin\u00e9s responsables de la protection de la plante contre le stress<\/strong> et f<strong>avorisant le transport de tous les nutriments<\/strong> apport\u00e9s pour qu&#8217;ils atteignent le niveau cellulaire de toutes les parties de la plante, ainsi qu&#8217;un <strong>effet pr\u00e9ventif contre les pathog\u00e8nes.<\/strong><\/p>\n<p><strong>Radikal Grow<\/strong> est un produit riche en <strong>acides amin\u00e9s<\/strong> et contient des acides amin\u00e9s Ala, Arg, Asp, Cys, Gly, Glu (31%), Hyp, His, Iso, Leu, Lys, Met, Phe, Pro, Ser, Thr, Tyr, Val.<\/p>\n<p><strong>Application<br \/>\n<\/strong>Produit liquide \u00e0 appliquer en diluant avec l&#8217;eau d&#8217;irrigation par dose. Dosage recommand\u00e9 1-2 ml par litre d&#8217;eau. Adapter le dosage en fonction du plan de fertilisation.<\/p>\n<\/div>\n<\/div>\n<\/div>\n","protected":false},"featured_media":25469,"menu_order":56,"comment_status":"closed","ping_status":"closed","template":"","meta":{"_acf_changed":false,"_et_pb_use_builder":"","_et_pb_old_content":"","_et_gb_content_width":""},"product_brand":[],"product_cat":[420,126],"product_tag":[396,207,203],"class_list":{"0":"post-14456","1":"product","2":"type-product","3":"status-publish","4":"has-post-thumbnail","6":"product_cat-engrais-liquides","7":"product_cat-engrais","8":"product_tag-fertilizante-fr","9":"product_tag-monkey-fr","10":"product_tag-monkey-soil-fr","12":"first","13":"instock","14":"featured","15":"taxable","16":"shipping-taxable","17":"purchasable","18":"product-type-variable"},"acf":[],"_links":{"self":[{"href":"https:\/\/monkeysoil.com\/fr\/wp-json\/wp\/v2\/product\/14456","targetHints":{"allow":["GET"]}}],"collection":[{"href":"https:\/\/monkeysoil.com\/fr\/wp-json\/wp\/v2\/product"}],"about":[{"href":"https:\/\/monkeysoil.com\/fr\/wp-json\/wp\/v2\/types\/product"}],"replies":[{"embeddable":true,"href":"https:\/\/monkeysoil.com\/fr\/wp-json\/wp\/v2\/comments?post=14456"}],"wp:featuredmedia":[{"embeddable":true,"href":"https:\/\/monkeysoil.com\/fr\/wp-json\/wp\/v2\/media\/25469"}],"wp:attachment":[{"href":"https:\/\/monkeysoil.com\/fr\/wp-json\/wp\/v2\/media?parent=14456"}],"wp:term":[{"taxonomy":"product_brand","embeddable":true,"href":"https:\/\/monkeysoil.com\/fr\/wp-json\/wp\/v2\/product_brand?post=14456"},{"taxonomy":"product_cat","embeddable":true,"href":"https:\/\/monkeysoil.com\/fr\/wp-json\/wp\/v2\/product_cat?post=14456"},{"taxonomy":"product_tag","embeddable":true,"href":"https:\/\/monkeysoil.com\/fr\/wp-json\/wp\/v2\/product_tag?post=14456"}],"curies":[{"name":"wp","href":"https:\/\/api.w.org\/{rel}","templated":true}]}}