{"id":14267,"date":"2022-12-01T16:24:06","date_gmt":"2022-12-01T15:24:06","guid":{"rendered":"https:\/\/www.monkeysoil.com\/?post_type=product&#038;p=14267"},"modified":"2024-09-03T16:35:44","modified_gmt":"2024-09-03T14:35:44","slug":"monkey-bloom","status":"publish","type":"product","link":"https:\/\/monkeysoil.com\/fr\/produit\/monkey-bloom\/","title":{"rendered":"Monkey Bloom"},"content":{"rendered":"<p>Engrais de floraison \u00e0 base d&#8217;acides amin\u00e9s et pauvre en chlorures<\/p>\n","protected":false},"excerpt":{"rendered":"<h2>Engrais de floraison \u00e0 base d&#8217;acides amin\u00e9s et pauvre en chlorures<\/h2>\n<p><strong>Engrais<\/strong> <strong>PK<\/strong> qui comprend des mol\u00e9cules bioactives d&#8217;origine naturelle, capables de g\u00e9n\u00e9rer des compos\u00e9s qui am\u00e9liorent la fonctionnalit\u00e9 de la plante, en <strong>augmentant la production de fleurs<\/strong>.<\/p>\n<p><strong>Application<br \/>\n<\/strong>Produit liquide \u00e0 appliquer en diluant avec l&#8217;eau d&#8217;irrigation par dose. Dosage recommand\u00e9 1-2 ml par litre d&#8217;eau. Adapter le dosage en fonction du plan de fertilisation.<\/p>\n","protected":false},"featured_media":25425,"menu_order":74,"comment_status":"closed","ping_status":"closed","template":"","meta":{"_acf_changed":false,"_et_pb_use_builder":"","_et_pb_old_content":"","_et_gb_content_width":""},"product_brand":[],"product_cat":[420,126],"product_tag":[396,207,203],"class_list":{"0":"post-14267","1":"product","2":"type-product","3":"status-publish","4":"has-post-thumbnail","6":"product_cat-engrais-liquides","7":"product_cat-engrais","8":"product_tag-fertilizante-fr","9":"product_tag-monkey-fr","10":"product_tag-monkey-soil-fr","12":"first","13":"instock","14":"taxable","15":"shipping-taxable","16":"purchasable","17":"product-type-variable"},"acf":[],"_links":{"self":[{"href":"https:\/\/monkeysoil.com\/fr\/wp-json\/wp\/v2\/product\/14267","targetHints":{"allow":["GET"]}}],"collection":[{"href":"https:\/\/monkeysoil.com\/fr\/wp-json\/wp\/v2\/product"}],"about":[{"href":"https:\/\/monkeysoil.com\/fr\/wp-json\/wp\/v2\/types\/product"}],"replies":[{"embeddable":true,"href":"https:\/\/monkeysoil.com\/fr\/wp-json\/wp\/v2\/comments?post=14267"}],"wp:featuredmedia":[{"embeddable":true,"href":"https:\/\/monkeysoil.com\/fr\/wp-json\/wp\/v2\/media\/25425"}],"wp:attachment":[{"href":"https:\/\/monkeysoil.com\/fr\/wp-json\/wp\/v2\/media?parent=14267"}],"wp:term":[{"taxonomy":"product_brand","embeddable":true,"href":"https:\/\/monkeysoil.com\/fr\/wp-json\/wp\/v2\/product_brand?post=14267"},{"taxonomy":"product_cat","embeddable":true,"href":"https:\/\/monkeysoil.com\/fr\/wp-json\/wp\/v2\/product_cat?post=14267"},{"taxonomy":"product_tag","embeddable":true,"href":"https:\/\/monkeysoil.com\/fr\/wp-json\/wp\/v2\/product_tag?post=14267"}],"curies":[{"name":"wp","href":"https:\/\/api.w.org\/{rel}","templated":true}]}}