{"id":14246,"date":"2022-11-28T15:44:27","date_gmt":"2022-11-28T14:44:27","guid":{"rendered":"https:\/\/www.monkeysoil.com\/?post_type=product&#038;p=14246"},"modified":"2024-05-06T12:20:46","modified_gmt":"2024-05-06T10:20:46","slug":"doctor-m","status":"publish","type":"product","link":"https:\/\/monkeysoil.com\/fr\/produit\/doctor-m\/","title":{"rendered":"Doctor M"},"content":{"rendered":"<p>Probiotique anti-stress riche en acides amin\u00e9s et en micro-vie<\/p>\n","protected":false},"excerpt":{"rendered":"<h2>Probiotique anti-stress riche en acides amin\u00e9s et en micro-vie<\/h2>\n<p>Biostimulant inducteur riche en <strong>acides amin\u00e9s<\/strong> et <strong>oligopeptides essentiels<\/strong> \u00e0 la croissance des plantes et en micro-organismes du sol b\u00e9n\u00e9fiques tout au long du cycle. Destin\u00e9 aux premiers stades de la culture, il <strong>prot\u00e8ge contre le stress<\/strong> en anticipant l&#8217;action des facteurs biotiques et abiotiques qui r\u00e9duisent le rendement.<\/p>\n<p>Il fournit un contenu <strong>\u00e9lev\u00e9 de mati\u00e8re organique<\/strong> facilement assimilable qui, avec la nouvelle technologie incluse, am\u00e9liore l&#8217;efficacit\u00e9 nutritionnelle, en activant le <strong>phosphore<\/strong> et le <strong>potassium<\/strong> bloqu\u00e9s dans le milieu et en optimisant l&#8217;apport d&#8217;<strong>azote<\/strong> au moyen de ressources vivifiantes pr\u00e9biotiques et probiotiques dans les phases initiales de la culture.<\/p>\n<p>Les <strong>ammonoacides<\/strong> contenus dans le <strong>Doctor M<\/strong> sont : aminogramme <strong>Ala, Arg, Asp, Cys, Gly, Glu, Hyp, His, Iso, Leu, Lys, Met, Phe, Pro, Ser, Thr, Tyr, Val<\/strong><\/p>\n","protected":false},"featured_media":25447,"menu_order":83,"comment_status":"closed","ping_status":"closed","template":"","meta":{"_acf_changed":false,"_et_pb_use_builder":"","_et_pb_old_content":"","_et_gb_content_width":""},"product_brand":[],"product_cat":[420,126],"product_tag":[396,456,203],"class_list":{"0":"post-14246","1":"product","2":"type-product","3":"status-publish","4":"has-post-thumbnail","6":"product_cat-engrais-liquides","7":"product_cat-engrais","8":"product_tag-fertilizante-fr","9":"product_tag-fertilizante-liquido-fr","10":"product_tag-monkey-soil-fr","12":"first","13":"instock","14":"taxable","15":"shipping-taxable","16":"purchasable","17":"product-type-variable"},"acf":[],"_links":{"self":[{"href":"https:\/\/monkeysoil.com\/fr\/wp-json\/wp\/v2\/product\/14246","targetHints":{"allow":["GET"]}}],"collection":[{"href":"https:\/\/monkeysoil.com\/fr\/wp-json\/wp\/v2\/product"}],"about":[{"href":"https:\/\/monkeysoil.com\/fr\/wp-json\/wp\/v2\/types\/product"}],"replies":[{"embeddable":true,"href":"https:\/\/monkeysoil.com\/fr\/wp-json\/wp\/v2\/comments?post=14246"}],"wp:featuredmedia":[{"embeddable":true,"href":"https:\/\/monkeysoil.com\/fr\/wp-json\/wp\/v2\/media\/25447"}],"wp:attachment":[{"href":"https:\/\/monkeysoil.com\/fr\/wp-json\/wp\/v2\/media?parent=14246"}],"wp:term":[{"taxonomy":"product_brand","embeddable":true,"href":"https:\/\/monkeysoil.com\/fr\/wp-json\/wp\/v2\/product_brand?post=14246"},{"taxonomy":"product_cat","embeddable":true,"href":"https:\/\/monkeysoil.com\/fr\/wp-json\/wp\/v2\/product_cat?post=14246"},{"taxonomy":"product_tag","embeddable":true,"href":"https:\/\/monkeysoil.com\/fr\/wp-json\/wp\/v2\/product_tag?post=14246"}],"curies":[{"name":"wp","href":"https:\/\/api.w.org\/{rel}","templated":true}]}}