{"id":12894,"date":"2022-09-15T13:17:32","date_gmt":"2022-09-19T11:32:08","guid":{"rendered":"https:\/\/www.monkeysoil.com\/?post_type=product&#038;p=12894"},"modified":"2024-10-07T13:49:24","modified_gmt":"2024-10-07T11:49:24","slug":"holland-mix","status":"publish","type":"product","link":"https:\/\/monkeysoil.com\/fr\/produit\/holland-mix\/","title":{"rendered":"Holland Mix"},"content":{"rendered":"<p><strong>Un nouveau m\u00e9lange l\u00e9ger de formules classiques<\/strong><\/p>\n","protected":false},"excerpt":{"rendered":"<h2>UN NOUVEAU M\u00c9LANGE L\u00c9GER DE FORMULES CLASSIQUES<\/h2>\n<p><strong>Sac de 50 litres<\/strong><\/p>\n<p><strong>Holland Mix<\/strong> est un substrat l\u00e9ger de haute qualit\u00e9 pour la culture en int\u00e9rieur et en ext\u00e9rieur qui vous permet de fertiliser et de contr\u00f4ler l&#8217;ensemble du processus de fertilisation d\u00e8s la premi\u00e8re semaine.\u00a0 Sa formulation favorise le <strong>d\u00e9veloppement du syst\u00e8me racinaire<\/strong> et maintient une <strong>excellente humidit\u00e9<\/strong> et <strong>r\u00e9tention d&#8217;eau<\/strong>.\u00a0 Il est compos\u00e9 de perlite, qui augmente sa <strong>capacit\u00e9 de r\u00e9tention d&#8217;eau<\/strong>, et son m\u00e9lange \u00e9quilibr\u00e9 de tourbe assure une <strong>bonne oxyg\u00e9nation<\/strong> de la terre.<\/p>\n","protected":false},"featured_media":12900,"menu_order":18,"comment_status":"closed","ping_status":"closed","template":"","meta":{"_acf_changed":false,"_et_pb_use_builder":"","_et_pb_old_content":"","_et_gb_content_width":""},"product_brand":[],"product_cat":[211],"product_tag":[],"class_list":{"0":"post-12894","1":"product","2":"type-product","3":"status-publish","4":"has-post-thumbnail","6":"product_cat-substrats","8":"first","9":"outofstock","10":"taxable","11":"shipping-taxable","12":"purchasable","13":"product-type-simple"},"acf":[],"_links":{"self":[{"href":"https:\/\/monkeysoil.com\/fr\/wp-json\/wp\/v2\/product\/12894","targetHints":{"allow":["GET"]}}],"collection":[{"href":"https:\/\/monkeysoil.com\/fr\/wp-json\/wp\/v2\/product"}],"about":[{"href":"https:\/\/monkeysoil.com\/fr\/wp-json\/wp\/v2\/types\/product"}],"replies":[{"embeddable":true,"href":"https:\/\/monkeysoil.com\/fr\/wp-json\/wp\/v2\/comments?post=12894"}],"wp:featuredmedia":[{"embeddable":true,"href":"https:\/\/monkeysoil.com\/fr\/wp-json\/wp\/v2\/media\/12900"}],"wp:attachment":[{"href":"https:\/\/monkeysoil.com\/fr\/wp-json\/wp\/v2\/media?parent=12894"}],"wp:term":[{"taxonomy":"product_brand","embeddable":true,"href":"https:\/\/monkeysoil.com\/fr\/wp-json\/wp\/v2\/product_brand?post=12894"},{"taxonomy":"product_cat","embeddable":true,"href":"https:\/\/monkeysoil.com\/fr\/wp-json\/wp\/v2\/product_cat?post=12894"},{"taxonomy":"product_tag","embeddable":true,"href":"https:\/\/monkeysoil.com\/fr\/wp-json\/wp\/v2\/product_tag?post=12894"}],"curies":[{"name":"wp","href":"https:\/\/api.w.org\/{rel}","templated":true}]}}