{"id":858,"date":"2018-03-22T10:49:54","date_gmt":"2018-03-22T09:49:54","guid":{"rendered":"https:\/\/www.monkeysoil.com\/carrito\/"},"modified":"2021-11-24T17:32:37","modified_gmt":"2021-11-24T16:32:37","slug":"chariot","status":"publish","type":"page","link":"https:\/\/monkeysoil.com\/fr\/chariot\/","title":{"rendered":"Chariot"},"content":{"rendered":"<p>[et_pb_section fb_built=&#8221;1&#8243; admin_label=&#8221;section&#8221; _builder_version=&#8221;3.22&#8243;][et_pb_row admin_label=&#8221;row&#8221; _builder_version=&#8221;3.25&#8243; background_size=&#8221;initial&#8221; background_position=&#8221;top_left&#8221; background_repeat=&#8221;repeat&#8221;][et_pb_column type=&#8221;4_4&#8243; _builder_version=&#8221;3.25&#8243; custom_padding=&#8221;|||&#8221; custom_padding__hover=&#8221;|||&#8221;][et_pb_text admin_label=&#8221;Text&#8221; _builder_version=&#8221;4.9.7&#8243; background_size=&#8221;initial&#8221; background_position=&#8221;top_left&#8221; background_repeat=&#8221;repeat&#8221; hover_enabled=&#8221;0&#8243; sticky_enabled=&#8221;0&#8243;]<\/p>\n<h3 class=\"info-envios\">** Pour les envois en dehors des pays indiqu\u00e9s, envoyez-nous un email \u00e0 <a href=\"mailto:info@monkeysoil.com\">info@monkeysoil.com<\/a> et nous vous aiderons<\/h3>\n\n<h3 class=\"info-envios\">** Pour les envois en dehors des pays indiqu\u00e9s, envoyez-nous un email \u00e0 <a href=\"mailto:info@monkeysoil.com\">info@monkeysoil.com<\/a> et nous vous aiderons<\/h3>\n<p>[\/et_pb_text][\/et_pb_column][\/et_pb_row][\/et_pb_section]<\/p>\n","protected":false},"excerpt":{"rendered":"<p>** Pour les envois en dehors des pays indiqu\u00e9s, envoyez-nous un email \u00e0 info@monkeysoil.com et nous vous aiderons  ** Pour les envois en dehors des pays indiqu\u00e9s, envoyez-nous un email \u00e0 info@monkeysoil.com et nous vous aiderons<\/p>\n","protected":false},"author":3,"featured_media":0,"parent":0,"menu_order":80,"comment_status":"closed","ping_status":"closed","template":"","meta":{"_acf_changed":false,"_et_pb_use_builder":"on","_et_pb_old_content":"","_et_gb_content_width":"","footnotes":""},"class_list":["post-858","page","type-page","status-publish","hentry"],"acf":[],"_links":{"self":[{"href":"https:\/\/monkeysoil.com\/fr\/wp-json\/wp\/v2\/pages\/858","targetHints":{"allow":["GET"]}}],"collection":[{"href":"https:\/\/monkeysoil.com\/fr\/wp-json\/wp\/v2\/pages"}],"about":[{"href":"https:\/\/monkeysoil.com\/fr\/wp-json\/wp\/v2\/types\/page"}],"author":[{"embeddable":true,"href":"https:\/\/monkeysoil.com\/fr\/wp-json\/wp\/v2\/users\/3"}],"replies":[{"embeddable":true,"href":"https:\/\/monkeysoil.com\/fr\/wp-json\/wp\/v2\/comments?post=858"}],"version-history":[{"count":0,"href":"https:\/\/monkeysoil.com\/fr\/wp-json\/wp\/v2\/pages\/858\/revisions"}],"wp:attachment":[{"href":"https:\/\/monkeysoil.com\/fr\/wp-json\/wp\/v2\/media?parent=858"}],"curies":[{"name":"wp","href":"https:\/\/api.w.org\/{rel}","templated":true}]}}