{"id":5449,"date":"2020-11-09T16:52:49","date_gmt":"2020-11-09T15:52:49","guid":{"rendered":"https:\/\/www.monkeysoil.com\/?page_id=5449"},"modified":"2025-08-06T17:37:14","modified_gmt":"2025-08-06T15:37:14","slug":"conditions-dutilisation-du-web","status":"publish","type":"page","link":"https:\/\/monkeysoil.com\/fr\/conditions-dutilisation-du-web\/","title":{"rendered":"CONDITIONS D&#8217;UTILISATION DU WEB"},"content":{"rendered":"<p>[et_pb_section fb_built=&#8221;1&#8243; custom_padding_last_edited=&#8221;on|desktop&#8221; admin_label=&#8221;section&#8221; _builder_version=&#8221;3.22&#8243; background_color=&#8221;rgba(255,255,255,0)&#8221; custom_padding_tablet=&#8221;50px|0|50px|0&#8243; custom_padding_phone=&#8221;&#8221; transparent_background=&#8221;on&#8221; padding_mobile=&#8221;off&#8221; make_fullwidth=&#8221;off&#8221; use_custom_width=&#8221;off&#8221; width_unit=&#8221;on&#8221; global_colors_info=&#8221;{}&#8221;][et_pb_row admin_label=&#8221;row&#8221; _builder_version=&#8221;3.25&#8243; background_size=&#8221;initial&#8221; background_position=&#8221;top_left&#8221; background_repeat=&#8221;repeat&#8221; global_colors_info=&#8221;{}&#8221;][et_pb_column type=&#8221;4_4&#8243; _builder_version=&#8221;3.25&#8243; custom_padding=&#8221;|||&#8221; global_colors_info=&#8221;{}&#8221; custom_padding__hover=&#8221;|||&#8221;][et_pb_blurb content_max_width=&#8221;1100px&#8221; admin_label=&#8221;Pol\u00edtica de Privacidad&#8221; module_class=&#8221;anuncio_basico politica-privacidad&#8221; _builder_version=&#8221;4.14.1&#8243; header_text_color=&#8221;#3a3a3a&#8221; body_text_color=&#8221;#6b6b6b&#8221; background_size=&#8221;initial&#8221; background_position=&#8221;top_left&#8221; background_repeat=&#8221;repeat&#8221; background_layout=&#8221;dark&#8221; max_width_tablet=&#8221;50px&#8221; hover_enabled=&#8221;0&#8243; use_border_color=&#8221;off&#8221; global_colors_info=&#8221;{}&#8221; sticky_enabled=&#8221;0&#8243;]<\/p>\n<div class=\"rte\">\n<p> <strong>CONDITIONS D&#8217;UTILISATION DU WEB<\/strong><\/p>\n<ol>\n<li><strong> PORT\u00c9E:<\/strong><\/li>\n<\/ol>\n<p> Les pr\u00e9sentes conditions d&#8217;utilisation du site Web \u00e9tablissent les conditions g\u00e9n\u00e9rales qui r\u00e9gissent \u00e0 la fois l&#8217;acc\u00e8s et la navigation, ainsi que l&#8217;utilisation du contenu de ce site Web.<\/p>\n<p>Les informations contenues dans cette page Web se r\u00e9f\u00e8rent aux produits commercialis\u00e9s par Monkey Fertilizers SL, \u00e0 travers la marque MONKEY SOIL (ci-apr\u00e8s MONKEYSOIL) <strong>.<\/strong> Ces informations sont fournies \u00e0 titre indicatif uniquement et ne constituent en aucun cas une offre contraignante obligeant l&#8217;utilisateur \u00e0 acheter les produits publi\u00e9s. MONKEYSOIL se r\u00e9serve le droit de modifier les informations contenues dans le pr\u00e9sent document lorsqu&#8217;il le jugera appropri\u00e9 et sans pr\u00e9avis, n&#8217;\u00e9tant pas responsable de l&#8217;exactitude, de l&#8217;insuffisance ou de l&#8217;authenticit\u00e9 des informations fournies. Vous pouvez trouver les d\u00e9tails sur les conditions de retour des produits que vous avez achet\u00e9s dans le lien correspondant que vous trouverez publi\u00e9 sur ce site.<\/p>\n<p>MONKEYSOIL, \u00e0 son tour, se r\u00e9serve le droit de modifier le contenu des conditions d&#8217;utilisation de ce site Web. L&#8217;Utilisateur doit donc lire attentivement ce document \u00e0 chacune des occasions o\u00f9 il a l&#8217;intention d&#8217;utiliser le site Web depuis celui-ci, et ses conditions d&#8217;utilisation contenues dans ce document peuvent \u00eatre modifi\u00e9es.<\/p>\n<p> La fourniture du service de ce site Web a une dur\u00e9e limit\u00e9e au moment o\u00f9 l&#8217;utilisateur est connect\u00e9 au site Web ou \u00e0 l&#8217;un des services fournis par son interm\u00e9diaire.<\/p>\n<ol start=\"2\">\n<li><strong>CONDITIONS D&#8217;UTILISATION DU WEB :<\/strong><\/li>\n<\/ol>\n<p>Par le simple acc\u00e8s, navigation ou utilisation du site, vous avez le statut d&#8217;utilisateur. L&#8217;utilisateur accepte pleinement et sans aucune r\u00e9serve les conditions contenues dans les pr\u00e9sentes Conditions d&#8217;utilisation du site.<\/p>\n<p> L&#8217;utilisateur s&#8217;engage \u00e0 utiliser le site Web ainsi que ses services et contenus, l\u00e9galement, conform\u00e9ment \u00e0 la l\u00e9gislation en vigueur, aux usages g\u00e9n\u00e9ralement accept\u00e9s, \u00e0 la bonne foi et \u00e0 l&#8217;ordre public.<\/p>\n<p> L&#8217;utilisateur s&#8217;engage \u00e0 ne pas entreprendre d&#8217;actions susceptibles d&#8217;endommager la page Web, de la rendre inutile, de la surcharger ou de la d\u00e9t\u00e9riorer de quelque mani\u00e8re que ce soit, ou d&#8217;emp\u00eacher les autres utilisateurs d&#8217;acc\u00e9der, d&#8217;utiliser ou de profiter librement de la page Web.<\/p>\n<ol start=\"3\">\n<li><strong>PROPRI\u00c9T\u00c9 INTELLECTUELLE ET UTILISATION DU CONTENU&nbsp;:<\/strong><\/li>\n<\/ol>\n<p>Monkey Fertilizers SL est titulaire des droits de propri\u00e9t\u00e9 intellectuelle et industrielle de ce site et de tous ses contenus (\u00e0 titre d&#8217;exemple : marque et logo MONKEYSOIL, textes, photographies et autres contenus audiovisuels, logiciels, graphisme, etc.) ou il poss\u00e8de la licence ou l&#8217;autorisation correspondante pour son utilisation. L&#8217;acc\u00e8s \u00e0 la navigation et l&#8217;utilisation de ce site par l&#8217;utilisateur n&#8217;implique en aucun cas renonciation, transmission, licence ou cession totale ou partielle de ceux-ci.<\/p>\n<p> Il est interdit de reproduire, modifier, r\u00e9utiliser, exploiter, communiquer publiquement, t\u00e9l\u00e9charger des fichiers, envoyer par courrier, transmettre, utiliser, traiter ou distribuer de quelque mani\u00e8re que ce soit tout ou partie du contenu inclus dans ce site Web \u00e0 des fins publiques ou commerciales, sinon Vous disposez de l&#8217;autorisation \u00e9crite expresse de MONKEYSOIL.<\/p>\n<ol start=\"4\">\n<li><strong>Liens<\/strong><\/li>\n<\/ol>\n<p> <strong>4.1. LIENS VERS D&#8217;AUTRES SITES WEB EXTERNES&nbsp;:<\/strong><\/p>\n<p>MONKEYSOIL d\u00e9cline toute responsabilit\u00e9 pour toute information sur le World Wide Web non produite par MONKEYSOIL ou non publi\u00e9e sous son nom. Le site Web peut contenir des liens hypertextes vers d&#8217;autres pages du World Wide Web qui sont compl\u00e8tement ind\u00e9pendantes de ce site Web. MONKEYSOIL ne r\u00e9pondra ni ne garantira, de quelque mani\u00e8re que ce soit, l&#8217;exactitude, l&#8217;insuffisance ou l&#8217;authenticit\u00e9 des informations fournies par toute personne ou entit\u00e9, physique ou morale, avec ou sans personnalit\u00e9 juridique propre, \u00e0 travers lesdits liens hypertextes.<\/p>\n<p> <strong>4.2. LIENS EXTERNES VERS LES <\/strong><strong>SITES INTERNET MONKEYSOIL<\/strong> :<\/p>\n<p> Si un autre site Web, utilisateur ou entit\u00e9 souhaite \u00e9tablir un lien vers https:\/\/monkeysoil.com, ce lien doit \u00eatre soumis aux conditions d\u00e9taill\u00e9es ci-dessous :<\/p>\n<ol>\n<li>Le lien sera dirig\u00e9 vers la page principale ou vers l&#8217;une de ses sections. Le lien, dans tous les cas, doit \u00eatre absolu et complet, amenant l&#8217;utilisateur d&#8217;un simple clic \u00e0 l&#8217;URL de la page principale ou \u00e0 l&#8217;URL de l&#8217;une de ses sections. Le lien doit couvrir l&#8217;int\u00e9gralit\u00e9 de l&#8217;extension d&#8217;\u00e9cran du site Web de https:\/\/monkeysoil.com<\/li>\n<li>En aucun cas, sauf autorisation expresse et \u00e9crite de MONKEYSOIL, le site Internet qui \u00e9tablit le lien ne peut reproduire de quelque mani\u00e8re que ce soit https:\/\/monkeysoil.com, y compris en tant que partie int\u00e9grante de son site Internet, \u00e0 l&#8217;aide de frames, redirections ou tout autre mesure qui consiste \u00e0 cacher l&#8217;origine de l&#8217;information.<\/li>\n<li>L&#8217;\u00e9tablissement d&#8217;un lien vers https:\/\/monkeysoil.com, \u00e0 partir de sites Internet comportant des contenus illicites, ill\u00e9gaux, d\u00e9gradants ou obsc\u00e8nes, contraires aux bonnes m\u0153urs ou \u00e0 l&#8217;ordre public, n&#8217;est pas autoris\u00e9.<\/li>\n<\/ol>\n<p>Le service d&#8217;acc\u00e8s au site Web comprend des dispositifs de liens techniques, des r\u00e9pertoires et m\u00eame des outils de recherche qui permettent \u00e0 l&#8217;utilisateur d&#8217;acc\u00e9der \u00e0 d&#8217;autres pages et portails Internet (ci-apr\u00e8s, les \u00ab&nbsp;sites li\u00e9s&nbsp;\u00bb). Dans ces cas, MONKEYSOIL agit en tant que fournisseur de services d&#8217;interm\u00e9diation conform\u00e9ment \u00e0 la loi sur les services d&#8217;information et le commerce \u00e9lectronique et ne sera responsable du contenu et des services fournis sur les sites li\u00e9s que dans la mesure o\u00f9 il a une connaissance effective de l&#8217;ill\u00e9galit\u00e9 et n&#8217;a pas d\u00e9sactiv\u00e9 le lien avec la diligence raisonnable. Dans le cas o\u00f9 l&#8217;utilisateur consid\u00e8re qu&#8217;il existe un site li\u00e9 avec un contenu ill\u00e9gal ou inappropri\u00e9, il peut en informer MONKEYSOIL en envoyant un message \u00e0 <a href=\"mailto:info@monkeysoil.com?_x_tr_sl=es&amp;_x_tr_tl=fr&amp;_x_tr_hl=es&amp;_x_tr_pto=ajax,elem\">info@monkeysoil.com<\/a>, sans qu&#8217;en aucun cas cette communication n&#8217;entra\u00eene l&#8217;obligation de supprimer le lien correspondant.<\/p>\n<p> En aucun cas, l&#8217;existence de Sites Li\u00e9s ne doit pr\u00e9supposer l&#8217;existence d&#8217;accords avec les responsables ou propri\u00e9taires de ceux-ci, ni la recommandation, la promotion ou l&#8217;identification de MONKEYSOIL avec les d\u00e9clarations, contenus ou services fournis.<\/p>\n<p> MONKEYSOIL ne conna\u00eet pas le contenu et les services des sites li\u00e9s et n&#8217;est donc pas responsable des dommages caus\u00e9s par l&#8217;ill\u00e9galit\u00e9, la qualit\u00e9, l&#8217;obsolescence, l&#8217;indisponibilit\u00e9, l&#8217;erreur et l&#8217;inutilit\u00e9 du contenu et \/ ou des services des sites li\u00e9s ou par tout autre dommage non directement attribuable \u00e0 MONKEYSOIL<\/p>\n<ol start=\"5\">\n<li><strong>EXCLUSION DE RESPONSABILIT\u00c9&nbsp;:&nbsp;<\/strong><\/li>\n<\/ol>\n<p> La responsabilit\u00e9 de l&#8217;utilisation de ce site Web incombe uniquement et exclusivement \u00e0 l&#8217;utilisateur.<\/p>\n<p> MONKEYSOIL n&#8217;est en aucun cas responsable des dommages de toute nature pouvant \u00eatre caus\u00e9s par :<\/p>\n<ol>\n<li>L&#8217;indisponibilit\u00e9, la maintenance et le fonctionnement du Web ou de ses services ou contenus, car il n\u00e9cessite des fournitures et des services de tiers.<\/li>\n<li>Erreurs et omissions dans les informations publi\u00e9es, ainsi que le manque d&#8217;utilit\u00e9, d&#8217;ad\u00e9quation ou de validit\u00e9 du site Web ou de ses services ou contenus pour satisfaire les besoins, les activit\u00e9s ou les r\u00e9sultats sp\u00e9cifiques ou les attentes des utilisateurs.<\/li>\n<\/ol>\n<p>L&#8217;acc\u00e8s au Portail n&#8217;implique pas une obligation de la part de MONKEYSOIL de contr\u00f4ler l&#8217;absence de virus ou de tout autre \u00e9l\u00e9ment informatique nuisible. Dans tous les cas, l&#8217;Utilisateur est responsable de la disponibilit\u00e9 d&#8217;outils ad\u00e9quats pour la d\u00e9tection et la d\u00e9sinfection des programmes informatiques nuisibles. MONKEYSOIL n&#8217;est pas responsable des dommages produits dans l&#8217;\u00e9quipement informatique des Utilisateurs ou de tiers lors de l&#8217;utilisation du Web.<\/p>\n<ol start=\"6\">\n<li><strong> L\u00c9GISLATION ET JURIDICTION<\/strong><\/li>\n<\/ol>\n<p>Les Conditions d&#8217;utilisation du site Web sont r\u00e9gies dans chacun de ses extr\u00eames par la loi espagnole et le R\u00e8glement g\u00e9n\u00e9ral sur la protection des donn\u00e9es de l&#8217;Union europ\u00e9enne. Tout litige d\u00e9coulant de questions li\u00e9es \u00e0 ce site Web sera exclusivement soumis \u00e0 la juridiction des tribunaux de la ville de Barcelone.<\/p>\n<ol start=\"7\">\n<li><strong> actualisation<\/strong><\/li>\n<\/ol>\n<p>Le document a \u00e9t\u00e9 r\u00e9vis\u00e9 pour la derni\u00e8re fois en <strong>septembre 2020 <\/strong><strong>.<\/strong><\/p>\n<\/p><\/div>\n<p>[\/et_pb_blurb][\/et_pb_column][\/et_pb_row][\/et_pb_section]<\/p>\n","protected":false},"excerpt":{"rendered":"<p>CONDITIONS D&#8217;UTILISATION DU WEB PORT\u00c9E: Les pr\u00e9sentes conditions d&#8217;utilisation du site Web \u00e9tablissent les conditions g\u00e9n\u00e9rales qui r\u00e9gissent \u00e0 la fois l&#8217;acc\u00e8s et la navigation, ainsi que l&#8217;utilisation du contenu de ce site Web. Les informations contenues dans cette page Web se r\u00e9f\u00e8rent aux produits commercialis\u00e9s par Monkey Fertilizers SL, \u00e0 travers la marque MONKEY [&hellip;]<\/p>\n","protected":false},"author":3,"featured_media":0,"parent":0,"menu_order":100,"comment_status":"closed","ping_status":"closed","template":"","meta":{"_acf_changed":false,"_et_pb_use_builder":"on","_et_pb_old_content":"","_et_gb_content_width":"","footnotes":""},"class_list":["post-5449","page","type-page","status-publish","hentry"],"acf":[],"_links":{"self":[{"href":"https:\/\/monkeysoil.com\/fr\/wp-json\/wp\/v2\/pages\/5449","targetHints":{"allow":["GET"]}}],"collection":[{"href":"https:\/\/monkeysoil.com\/fr\/wp-json\/wp\/v2\/pages"}],"about":[{"href":"https:\/\/monkeysoil.com\/fr\/wp-json\/wp\/v2\/types\/page"}],"author":[{"embeddable":true,"href":"https:\/\/monkeysoil.com\/fr\/wp-json\/wp\/v2\/users\/3"}],"replies":[{"embeddable":true,"href":"https:\/\/monkeysoil.com\/fr\/wp-json\/wp\/v2\/comments?post=5449"}],"version-history":[{"count":0,"href":"https:\/\/monkeysoil.com\/fr\/wp-json\/wp\/v2\/pages\/5449\/revisions"}],"wp:attachment":[{"href":"https:\/\/monkeysoil.com\/fr\/wp-json\/wp\/v2\/media?parent=5449"}],"curies":[{"name":"wp","href":"https:\/\/api.w.org\/{rel}","templated":true}]}}