{"id":3278,"date":"2019-07-18T11:38:15","date_gmt":"2019-07-18T09:38:15","guid":{"rendered":"https:\/\/www.monkeysoil.com\/?page_id=3278"},"modified":"2022-02-01T11:17:41","modified_gmt":"2022-02-01T10:17:41","slug":"expedition-et-retours","status":"publish","type":"page","link":"https:\/\/monkeysoil.com\/fr\/expedition-et-retours\/","title":{"rendered":"Exp\u00e9dition et retours"},"content":{"rendered":"<p>[et_pb_section fb_built=&#8221;1&#8243; custom_padding_last_edited=&#8221;on|desktop&#8221; admin_label=&#8221;section&#8221; _builder_version=&#8221;3.22&#8243; background_color=&#8221;rgba(255,255,255,0)&#8221; custom_padding_tablet=&#8221;50px|0|50px|0&#8243; custom_padding_phone=&#8221;&#8221; transparent_background=&#8221;on&#8221; padding_mobile=&#8221;off&#8221; make_fullwidth=&#8221;off&#8221; use_custom_width=&#8221;off&#8221; width_unit=&#8221;on&#8221; global_colors_info=&#8221;{}&#8221;][et_pb_row admin_label=&#8221;row&#8221; _builder_version=&#8221;4.14.1&#8243; background_size=&#8221;initial&#8221; background_position=&#8221;top_left&#8221; background_repeat=&#8221;repeat&#8221; global_colors_info=&#8221;{}&#8221;][et_pb_column type=&#8221;4_4&#8243; _builder_version=&#8221;3.25&#8243; custom_padding=&#8221;|||&#8221; global_colors_info=&#8221;{}&#8221; custom_padding__hover=&#8221;|||&#8221;][et_pb_blurb title=&#8221;Politique de Retour&#8221; content_max_width=&#8221;100%&#8221; admin_label=&#8221;Politique de Retour&#8221; module_class=&#8221;anuncio_basico&#8221; _builder_version=&#8221;4.14.1&#8243; header_text_color=&#8221;#3a3a3a&#8221; body_text_color=&#8221;#6b6b6b&#8221; background_size=&#8221;initial&#8221; background_position=&#8221;top_left&#8221; background_repeat=&#8221;repeat&#8221; background_layout=&#8221;dark&#8221; max_width_tablet=&#8221;50px&#8221; hover_enabled=&#8221;0&#8243; use_border_color=&#8221;off&#8221; global_colors_info=&#8221;{}&#8221; sticky_enabled=&#8221;0&#8243;]<\/p>\n<div class=\"legal\">\n<p><span style=\"color: #3a3a3a;\"> <!--\n\n\n<h1><strong><span style=\"vertical-align: inherit;\"><span style=\"vertical-align: inherit;\">SHIPPING AND RETURNS<\/span><\/span><\/strong><\/h1>\n\n\n--><\/span><\/p>\n<\/div>\n<h2><span style=\"color: #3a3a3a;\">Exp\u00e9dition de colis<\/span><\/h2>\n<p>Les colis sont exp\u00e9di\u00e9s dans les 24-48 heures (jours ouvrables) suivant la r\u00e9ception du paiement, par nos soci\u00e9t\u00e9s de transport de confiance. Le d\u00e9lai d&#8217;acheminement des colis envoy\u00e9s en Espagne continentale est de 24 \u00e0 48 heures (jours ouvrables) (pour les colis volumineux, le d\u00e9lai peut \u00eatre plus long). Pour les livraisons aux \u00eeles Bal\u00e9ares, \u00e0 Ceuta et Melilla ou les envois internationaux, le temps de transit du colis est d&#8217;environ 7 jours (jours ouvrables). Si vous pr\u00e9f\u00e9rez une livraison en recommand\u00e9, des frais suppl\u00e9mentaires s&#8217;appliquent. Veuillez nous contacter avant de demander cette option.<\/p>\n<p>Les frais d&#8217;exp\u00e9dition comprennent les frais de manutention et d&#8217;emballage ainsi que les frais postaux. Les frais de manutention sont un prix fixe, tandis que les frais de transport peuvent varier en fonction du poids total du colis et de l&#8217;adresse de livraison. Nous vous conseillons de regrouper tous vos articles en une seule commande. Nous ne pouvons pas combiner deux commandes diff\u00e9rentes, et les frais de port seront appliqu\u00e9s \u00e0 chacune d&#8217;elles individuellement. Nous proc\u00e9dons \u00e0 un emballage soign\u00e9 avec une bonne protection des colis pour garantir que les articles arrivent en bon \u00e9tat.<\/p>\n<p>&nbsp;<\/p>\n<h2><span style=\"color: #3a3a3a;\">Retours<\/span><\/h2>\n<p>Si vous souhaitez retourner des articles achet\u00e9s sur notre site web, vous pouvez le faire dans les 14 jours suivant la r\u00e9ception de votre commande. Pour effectuer un retour, vous devez avoir l&#8217;article en parfait \u00e9tat et dans son emballage d&#8217;origine. Les retours ne seront pas accept\u00e9s sans votre num\u00e9ro de commande. Les frais de retour sont \u00e0 la charge du client.<\/p>\n<p>Pour effectuer un retour, veuillez nous contacter par t\u00e9l\u00e9phone ou par e-mail: Tel. <a href=\"tel:+34937006548\">+34 937 006 548<\/a> \/ email: <a href=\"mailto:store@monkeysoil.com\">store@monkeysoil.com<\/a><\/p>\n<p>&nbsp;<\/p>\n<h2><span style=\"color: #3a3a3a;\">R\u00e9clamations<\/span><\/h2>\n<p>En cas de r\u00e9ception des produits en mauvais \u00e9tat, nous remplacerons les produits sans frais suppl\u00e9mentaires ou nous rembourserons le montant total de ceux-ci. Les secondes r\u00e9clamations ne seront pas accept\u00e9es. Aucune r\u00e9clamation ne sera accept\u00e9e apr\u00e8s 3 mois \u00e0 compter de la date d&#8217;achat.<br \/>\nPour pr\u00e9senter une demande, veuillez nous contacter par t\u00e9l\u00e9phone ou par courriel : T\u00e9l. <a href=\"tel:+34937006548\">+34 937 006 548<\/a> \/ email : <a href=\"mailto:store@monkeysoil.com\">store@monkeysoil.com<\/a><\/p>\n<p>&nbsp;<\/p>\n<h2><span style=\"color: #3a3a3a;\">R\u00e8gles pour le retour correct des marchandises<\/span><\/h2>\n<p>N&#8217;oubliez pas que vous devez accompagner votre commande d&#8217;une copie du bon de livraison, du re\u00e7u d&#8217;achat ou de la facture.<br \/>\nDans le cas d&#8217;envois internationaux, vous devez \u00e9galement indiquer le num\u00e9ro de suivi attribu\u00e9 par la soci\u00e9t\u00e9 de transport.<br \/>\nMonkey Soil ne sera en aucun cas responsable des envois confisqu\u00e9s par les douanes ou des entit\u00e9s similaires. Veuillez contacter les autorit\u00e9s de votre pays pour de plus amples informations.<br \/>\nLes retours sont trait\u00e9s sur une base pr\u00e9f\u00e9rentielle.<br \/>\n&nbsp;<\/p>\n<h2><span style=\"color: #3a3a3a;\">Annulation des commandes<\/span><\/h2>\n<p>Si vous d\u00e9cidez d&#8217;annuler votre commande apr\u00e8s avoir effectu\u00e9 votre achat, vous pouvez le faire sans frais et sans donner de raison, tant que la commande n&#8217;a pas encore \u00e9t\u00e9 exp\u00e9di\u00e9e.<br \/>\nPour annuler une commande, veuillez nous contacter par t\u00e9l\u00e9phone ou par courriel (T\u00e9l. +34 937 006 548 \/ courriel : store@monkeysoil.com) dans les 24 heures suivant la commande.<br \/>\nUne fois les 24 heures \u00e9coul\u00e9es et si la commande a quitt\u00e9 nos locaux, l&#8217;annulation ne sera plus possible. Pour retourner la commande, il faudra le faire une fois qu&#8217;elle aura \u00e9t\u00e9 re\u00e7ue et en suivant les conditions de retour mentionn\u00e9es ci-dessus.<\/p>\n<p>&nbsp;<\/p>\n<h2><span style=\"color: #3a3a3a;\">Remboursements<\/span><\/h2>\n<p>Les remboursements pour les retours, les plaintes ou les annulations de commande seront effectu\u00e9s en utilisant le m\u00eame mode de paiement que celui choisi par le client lors de la commande.[\/et_pb_blurb][\/et_pb_column][\/et_pb_row][\/et_pb_section]<\/p>\n","protected":false},"excerpt":{"rendered":"<p>Exp\u00e9dition de colis Les colis sont exp\u00e9di\u00e9s dans les 24-48 heures (jours ouvrables) suivant la r\u00e9ception du paiement, par nos soci\u00e9t\u00e9s de transport de confiance. Le d\u00e9lai d&#8217;acheminement des colis envoy\u00e9s en Espagne continentale est de 24 \u00e0 48 heures (jours ouvrables) (pour les colis volumineux, le d\u00e9lai peut \u00eatre plus long). Pour les livraisons [&hellip;]<\/p>\n","protected":false},"author":3,"featured_media":0,"parent":0,"menu_order":100,"comment_status":"closed","ping_status":"closed","template":"","meta":{"_acf_changed":false,"_et_pb_use_builder":"on","_et_pb_old_content":"","_et_gb_content_width":"","footnotes":""},"class_list":["post-3278","page","type-page","status-publish","hentry"],"acf":[],"_links":{"self":[{"href":"https:\/\/monkeysoil.com\/fr\/wp-json\/wp\/v2\/pages\/3278","targetHints":{"allow":["GET"]}}],"collection":[{"href":"https:\/\/monkeysoil.com\/fr\/wp-json\/wp\/v2\/pages"}],"about":[{"href":"https:\/\/monkeysoil.com\/fr\/wp-json\/wp\/v2\/types\/page"}],"author":[{"embeddable":true,"href":"https:\/\/monkeysoil.com\/fr\/wp-json\/wp\/v2\/users\/3"}],"replies":[{"embeddable":true,"href":"https:\/\/monkeysoil.com\/fr\/wp-json\/wp\/v2\/comments?post=3278"}],"version-history":[{"count":0,"href":"https:\/\/monkeysoil.com\/fr\/wp-json\/wp\/v2\/pages\/3278\/revisions"}],"wp:attachment":[{"href":"https:\/\/monkeysoil.com\/fr\/wp-json\/wp\/v2\/media?parent=3278"}],"curies":[{"name":"wp","href":"https:\/\/api.w.org\/{rel}","templated":true}]}}