{"id":3252,"date":"2019-07-17T18:42:36","date_gmt":"2019-07-17T16:42:36","guid":{"rendered":"https:\/\/www.monkeysoil.com\/?page_id=3252"},"modified":"2025-08-06T17:39:49","modified_gmt":"2025-08-06T15:39:49","slug":"politique-de-cookies","status":"publish","type":"page","link":"https:\/\/monkeysoil.com\/fr\/politique-de-cookies\/","title":{"rendered":"Politique de Cookies"},"content":{"rendered":"<p>[et_pb_section fb_built=&#8221;1&#8243; custom_padding_last_edited=&#8221;on|desktop&#8221; admin_label=&#8221;section&#8221; _builder_version=&#8221;3.22&#8243; background_color=&#8221;rgba(255,255,255,0)&#8221; custom_padding_tablet=&#8221;50px|0|50px|0&#8243; custom_padding_phone=&#8221;&#8221; transparent_background=&#8221;on&#8221; padding_mobile=&#8221;off&#8221; make_fullwidth=&#8221;off&#8221; use_custom_width=&#8221;off&#8221; width_unit=&#8221;on&#8221; global_colors_info=&#8221;{}&#8221;][et_pb_row admin_label=&#8221;row&#8221; _builder_version=&#8221;3.25&#8243; background_size=&#8221;initial&#8221; background_position=&#8221;top_left&#8221; background_repeat=&#8221;repeat&#8221; global_colors_info=&#8221;{}&#8221;][et_pb_column type=&#8221;4_4&#8243; _builder_version=&#8221;3.25&#8243; custom_padding=&#8221;|||&#8221; global_colors_info=&#8221;{}&#8221; custom_padding__hover=&#8221;|||&#8221;][et_pb_blurb title=&#8221;Politique de Cookies&#8221; content_max_width=&#8221;100%&#8221; admin_label=&#8221;Politique de Cookies&#8221; module_class=&#8221;anuncio_basico aviso-legal&#8221; _builder_version=&#8221;4.14.1&#8243; header_text_color=&#8221;#3a3a3a&#8221; body_text_color=&#8221;#6b6b6b&#8221; background_size=&#8221;initial&#8221; background_position=&#8221;top_left&#8221; background_repeat=&#8221;repeat&#8221; background_layout=&#8221;dark&#8221; max_width_tablet=&#8221;50px&#8221; hover_enabled=&#8221;0&#8243; use_border_color=&#8221;off&#8221; global_colors_info=&#8221;{}&#8221; sticky_enabled=&#8221;0&#8243;]    <\/p>\n<p><strong>POLITIQUE DE COOKIES<\/strong><\/p>\n<p>Le responsable du site Web <a href=\"https:\/\/monkeysoil.com\">www.monkeysoil.com<\/a> (le \u00abSite Web\u00bb) est Monkey Fertilizers SL, qui peut utiliser une technologie appel\u00e9e \u00abcookies\u00bb dans celui-ci afin de collecter des informations sur l&#8217;utilisation du site Web. Nous vous informons que nous pouvons utiliser des cookies afin de faciliter votre navigation sur le Site, de vous distinguer des autres utilisateurs, de vous offrir une meilleure exp\u00e9rience d&#8217;utilisation et d&#8217;identifier les probl\u00e8mes pour am\u00e9liorer notre Site. De plus, si vous donnez votre consentement, nous pouvons utiliser des cookies qui nous permettent d&#8217;obtenir plus d&#8217;informations sur vos pr\u00e9f\u00e9rences et de personnaliser notre site Web en fonction de vos int\u00e9r\u00eats individuels.<\/p>\n<p>Le but de cette politique en mati\u00e8re de cookies est de vous informer de mani\u00e8re claire et pr\u00e9cise sur les cookies qui sont utilis\u00e9s sur notre site Web \u00e0 tout moment. Si vous souhaitez plus d&#8217;informations sur les cookies que nous utilisons sur le site Web, vous pouvez envoyer un e-mail \u00e0 l&#8217;adresse suivante : <a href=\"mailto:info@monkeysoil.com\">info@monkeysoil.com<\/a><\/p>\n<p><strong>COOKIES<\/strong><\/p>\n<p>Un cookie est un fichier qui est t\u00e9l\u00e9charg\u00e9 sur votre ordinateur (ordinateur ou appareil mobile) afin de stocker des donn\u00e9es qui peuvent \u00eatre mises \u00e0 jour et r\u00e9cup\u00e9r\u00e9es par l&#8217;entit\u00e9 responsable de son installation.<\/p>\n<p>Les informations collect\u00e9es par le biais des cookies peuvent inclure la date et l&#8217;heure des visites sur le site Web, les pages consult\u00e9es, le temps pass\u00e9 sur notre site Web et les sites visit\u00e9s juste avant et apr\u00e8s celui-ci.<\/p>\n<p><strong>TYPE DE COOKIES UTILISES SUR LE SITE INTERNET<\/strong><\/p>\n<p><strong>Cookies de session:<\/strong><\/p>\n<p>Ce sont ces cookies qui sont envoy\u00e9s \u00e0 votre ordinateur et g\u00e9r\u00e9s exclusivement par nous pour le meilleur fonctionnement du Web. Les informations que nous collectons sont utilis\u00e9es pour am\u00e9liorer la qualit\u00e9 de notre service et votre exp\u00e9rience utilisateur.<\/p>\n<p><strong>Cookies persistants:<\/strong><\/p>\n<p>Ces cookies restent plus longtemps dans votre navigateur, ce qui nous permet de vous reconna\u00eetre en tant que visiteur r\u00e9current du Site et d&#8217;adapter le contenu pour vous proposer un contenu correspondant \u00e0 vos pr\u00e9f\u00e9rences.<\/p>\n<p><strong>Cookies techniques :<\/strong><\/p>\n<p>Ces cookies permettent la navigation de l&#8217;utilisateur sur le Web et l&#8217;utilisation des diff\u00e9rentes options ou services qui y existent, tels que le contr\u00f4le du trafic et la communication des donn\u00e9es, l&#8217;identification de la session, le comptage des visites, l&#8217;utilisation d&#8217;\u00e9l\u00e9ments de s\u00e9curit\u00e9 pendant la navigation.<\/p>\n<p><strong>Cookies de pr\u00e9f\u00e9rence ou de personnalisation :<\/strong><\/p>\n<p>Ces cookies permettent de m\u00e9moriser des informations afin que l&#8217;utilisateur acc\u00e8de au service avec certaines caract\u00e9ristiques qui peuvent diff\u00e9rencier son exp\u00e9rience de celle des autres utilisateurs, telles que la langue, l&#8217;apparence ou le contenu du service en fonction du type de navigateur via lequel l&#8217;utilisateur acc\u00e8de le service ou la r\u00e9gion \u00e0 partir de laquelle il est accessible.<\/p>\n<p><strong>Cookies d&#8217;analyse ou de mesure :<\/strong><\/p>\n<p>Ce sont ceux qui, trait\u00e9s par nos soins ou par des tiers, nous permettent de quantifier le nombre d&#8217;utilisateurs et ainsi effectuer la mesure et l&#8217;analyse statistique de l&#8217;utilisation que les utilisateurs font des services propos\u00e9s. Pour cela, votre navigation sur notre site internet est analys\u00e9e afin d&#8217;am\u00e9liorer l&#8217;offre de nos produits ou services que nous vous proposons.<\/p>\n<p><strong>Cookies de publicit\u00e9 comportementale :<\/strong><\/p>\n<p>Ce sont ceux qui, trait\u00e9s par nous ou par des tiers, nous permettent d&#8217;analyser vos habitudes de navigation sur Internet afin que nous puissions vous montrer des publicit\u00e9s li\u00e9es \u00e0 votre profil de navigation.<\/p>\n<p>Plus pr\u00e9cis\u00e9ment, nous utilisons actuellement les cookies suivants:<\/p>\n<p><strong>PROPRES COOKIES<\/strong><\/p>\n<p><span><a href=\"https:\/\/monkeysoil.com\/\">www.monkeysoil.com<\/a><\/span><\/p>\n<table>\n<tbody>\n<tr>\n<td style=\"width: 15%;\"><strong>Biscuit<\/strong><\/td>\n<td style=\"width: 15%;\"><strong>Dur\u00e9e<\/strong><\/td>\n<td style=\"width: 70%;\"><strong>Fonction<\/strong><\/td>\n<\/tr>\n<tr>\n<td style=\"width: 15%;\">_G\u00e9orgie<\/td>\n<td style=\"width: 15%;\">2 ans<\/td>\n<td style=\"width: 70%;\">Utilis\u00e9 pour distinguer les utilisateurs<\/td>\n<\/tr>\n<tr>\n<td style=\"width: 15%;\">_flingue<\/td>\n<td style=\"width: 15%;\">10 minutes<\/td>\n<td style=\"width: 70%;\">Il s&#8217;agit d&#8217;un cookie analytique, li\u00e9 \u00e0 Google Analytics. Il est utilis\u00e9 pour diff\u00e9rencier les diff\u00e9rents objets de suivi cr\u00e9\u00e9s dans la session.<\/td>\n<\/tr>\n<tr>\n<td style=\"width: 15%;\">_gid<\/td>\n<td style=\"width: 15%;\">session<\/td>\n<td style=\"width: 70%;\">Cookie qui contient un identifiant anonyme utilis\u00e9 pour distinguer les utilisateurs.<\/td>\n<\/tr>\n<\/tbody>\n<\/table>\n<p><strong>COOKIES DE TIERS<\/strong><\/p>\n<p>-Google Irlande Limit\u00e9e<\/p>\n<table>\n<tbody>\n<tr>\n<td style=\"width: 15%;\">\n<p><strong>Biscuit<\/strong><\/p>\n<\/td>\n<td style=\"width: 15%;\">\n<p><strong>Dur\u00e9e<\/strong><\/p>\n<\/td>\n<td style=\"width: 70%;\">\n<p><strong>Fonction<\/strong><\/p>\n<\/td>\n<\/tr>\n<tr>\n<td style=\"width: 15%;\">\n<p>1P_JAR<\/p>\n<\/td>\n<td style=\"width: 15%;\">\n<p>1 mois<\/p>\n<\/td>\n<td style=\"width: 70%;\">\n<p>Personnaliser les annonces<\/p>\n<\/td>\n<\/tr>\n<tr>\n<td style=\"width: 15%;\">\n<p>CONSENTEMENT<\/p>\n<\/td>\n<td style=\"width: 15%;\">\n<p>20 ans<\/p>\n<\/td>\n<td style=\"width: 70%;\">\n<p>Gestion de l&#8217;acceptation des cookies Google.<\/p>\n<\/td>\n<\/tr>\n<tr>\n<td style=\"width: 15%;\">\n<p>NID<\/p>\n<\/td>\n<td style=\"width: 15%;\">\n<p>6 mois<\/p>\n<\/td>\n<td style=\"width: 70%;\">\n<p>Pour personnaliser les annonces affich\u00e9es dans vos propri\u00e9t\u00e9s.<\/p>\n<\/td>\n<\/tr>\n<tr>\n<td style=\"width: 15%;\">\n<p>APISID<\/p>\n<\/td>\n<td style=\"width: 15%;\">\n<p>2 ans<\/p>\n<\/td>\n<td style=\"width: 70%;\">\n<p>Cookie pour le fonctionnement de Doubleclick, \u00e9value l&#8217;efficacit\u00e9 des campagnes de marketing en ligne.<\/p>\n<\/td>\n<\/tr>\n<tr>\n<td style=\"width: 15%;\">\n<p>HSID<\/p>\n<\/td>\n<td style=\"width: 15%;\">\n<p>2 ans<\/p>\n<\/td>\n<td style=\"width: 70%;\">\n<p>Ils contiennent des enregistrements crypt\u00e9s et sign\u00e9s num\u00e9riquement de l&#8217;heure de connexion la plus r\u00e9cente d&#8217;un utilisateur et de l&#8217;ID de compte Google. La combinaison de ces deux cookies permet de bloquer de nombreux types d&#8217;attaques, telles que les tentatives de vol du contenu des formulaires que vous remplissez sur les pages Web.<\/p>\n<\/td>\n<\/tr>\n<tr>\n<td style=\"width: 15%;\">\n<p>SAPISID<\/p>\n<\/td>\n<td style=\"width: 15%;\">\n<p>2 ans<\/p>\n<\/td>\n<td style=\"width: 70%;\">\n<p>Cookie utilis\u00e9 pour g\u00e9rer les pr\u00e9f\u00e9rences de l&#8217;utilisateur.<\/p>\n<\/td>\n<\/tr>\n<tr>\n<td style=\"width: 15%;\">\n<p>SID<\/p>\n<\/td>\n<td style=\"width: 15%;\">\n<p>2 ans<\/p>\n<\/td>\n<td style=\"width: 70%;\">\n<p>Ils contiennent des enregistrements crypt\u00e9s et sign\u00e9s num\u00e9riquement de l&#8217;heure de connexion la plus r\u00e9cente d&#8217;un utilisateur et de l&#8217;ID de compte Google. La combinaison de ces deux cookies permet de bloquer de nombreux types d&#8217;attaques, telles que les tentatives de vol du contenu des formulaires que vous remplissez sur les pages Web.<\/p>\n<\/td>\n<\/tr>\n<tr>\n<td style=\"width: 15%;\">\n<p>SIDCC<\/p>\n<\/td>\n<td style=\"width: 15%;\">\n<p>3 mois<\/p>\n<\/td>\n<td style=\"width: 70%;\">\n<p>Ce cookie est utilis\u00e9 par Google pour fournir des services et extraire des informations anonymes sur la navigation.<\/p>\n<\/td>\n<\/tr>\n<tr>\n<td style=\"width: 15%;\">\n<p>SSID<\/p>\n<\/td>\n<td style=\"width: 15%;\">\n<p>2 ans<\/p>\n<\/td>\n<td style=\"width: 70%;\">\n<p>Cookie utilis\u00e9 pour g\u00e9rer les pr\u00e9f\u00e9rences de l&#8217;utilisateur.<\/p>\n<\/td>\n<\/tr>\n<tr>\n<td style=\"width: 15%;\">\n<p>ANID<\/p>\n<\/td>\n<td style=\"width: 15%;\">\n<p>13 mois<\/p>\n<\/td>\n<td style=\"width: 70%;\">\n<p>Ce cookie est \u00e0 des fins publicitaires. Il contient une valeur unique g\u00e9n\u00e9r\u00e9e al\u00e9atoirement qui permet \u00e0 la Plateforme de distinguer les navigateurs et les appareils. Ces informations sont utilis\u00e9es pour mesurer les performances des publicit\u00e9s et fournir des recommandations concernant les produits sur la base de donn\u00e9es statistiques.<\/p>\n<\/td>\n<\/tr>\n<tr>\n<td style=\"width: 15%;\">\n<p>SSID<\/p>\n<\/td>\n<td style=\"width: 15%;\">\n<p>2 ans<\/p>\n<\/td>\n<td style=\"width: 70%;\">\n<p>Cookie utilis\u00e9 pour g\u00e9rer les pr\u00e9f\u00e9rences de l&#8217;utilisateur.<\/p>\n<\/td>\n<\/tr>\n<tr>\n<td style=\"width: 15%;\">\n<p>__Secure-3PAPISID<\/p>\n<\/td>\n<td style=\"width: 15%;\">\n<p>2 ans<\/p>\n<\/td>\n<td style=\"width: 70%;\">\n<p>Publicit\u00e9. Ces cookies sont utilis\u00e9s pour diffuser des publicit\u00e9s plus pertinentes pour vous et vos int\u00e9r\u00eats.<\/p>\n<\/td>\n<\/tr>\n<tr>\n<td style=\"width: 15%;\">\n<p>__Secure-3PSID<\/p>\n<\/td>\n<td style=\"width: 15%;\">\n<p>2 ans<\/p>\n<\/td>\n<td style=\"width: 70%;\">\n<p>Publicit\u00e9. Ces cookies sont utilis\u00e9s pour diffuser des publicit\u00e9s plus pertinentes pour vous et vos int\u00e9r\u00eats.<\/p>\n<\/td>\n<\/tr>\n<tr>\n<td style=\"width: 15%;\">\n<p>__Secure-PSIDCC<\/p>\n<\/td>\n<td style=\"width: 15%;\">\n<p>Huit mois<\/p>\n<\/td>\n<td style=\"width: 70%;\">\n<p>Publicit\u00e9. Ces cookies sont utilis\u00e9s pour diffuser des publicit\u00e9s plus pertinentes pour vous et vos int\u00e9r\u00eats.<\/p>\n<\/td>\n<\/tr>\n<tr>\n<td style=\"width: 15%;\">\n<p>OTZ<\/p>\n<\/td>\n<td style=\"width: 15%;\">\n<p>session<\/p>\n<\/td>\n<td style=\"width: 70%;\">\n<p>collecter des informations sur les pr\u00e9f\u00e9rences pour les utiliser \u00e0 des fins publicitaires. Aucun de ces cookies ne stocke de donn\u00e9es personnelles<\/p>\n<\/td>\n<\/tr>\n<tr>\n<td style=\"width: 15%;\">\n<p>BOUSSOLE<\/p>\n<\/td>\n<td style=\"width: 15%;\">\n<p>15 jours<\/p>\n<\/td>\n<td style=\"width: 70%;\">\n<p>En attente.<\/p>\n<\/td>\n<\/tr>\n<tr>\n<td style=\"width: 15%;\">\n<p>DV<\/p>\n<\/td>\n<td style=\"width: 15%;\">\n<p>DV<\/p>\n<\/td>\n<td style=\"width: 70%;\">\n<p>Ils stockent des informations, des identifiants et des pr\u00e9f\u00e9rences li\u00e9s \u00e0 Google<\/p>\n<\/td>\n<\/tr>\n<\/tbody>\n<\/table>\n<p>Si vous souhaitez plus d&#8217;informations sur l&#8217;utilisation des cookies par Google Inc., vous pouvez les contacter depuis la page <a href=\"http:\/\/www.google.com\/policies\/technologies\/ads\">http:\/\/www.google.com\/policies\/technologies\/ads\/<\/a><\/p>\n<p><strong>-cloudflare.com<\/strong><\/p>\n<table>\n<tbody>\n<tr>\n<td style=\"width: 15%;\">\n<p><strong>Biscuit<\/strong><\/p>\n<\/td>\n<td style=\"width: 15%;\">\n<p><strong>Dur\u00e9e<\/strong><\/p>\n<\/td>\n<td style=\"width: 70%;\">\n<p><strong>Fonction<\/strong><\/p>\n<\/td>\n<\/tr>\n<tr>\n<td style=\"width: 15%;\">\n<p>cfduid<\/p>\n<\/td>\n<td style=\"width: 15%;\">\n<p>1 ann\u00e9e<\/p>\n<\/td>\n<td style=\"width: 70%;\">\n<p>D\u00e9fini par le service CloudFlare pour identifier le trafic Web de confiance. Il ne correspond \u00e0 aucun identifiant d&#8217;utilisateur dans l&#8217;application Web et n&#8217;enregistre aucune donn\u00e9e personnellement identifiable.<\/p>\n<\/td>\n<\/tr>\n<\/tbody>\n<\/table>\n<p>Pour plus d&#8217;informations sur l&#8217;utilisation des cookies Cloudflare, vous pouvez consulter la page <a href=\"https:\/\/www.cloudflare.com\/cookie-policy\">https:\/\/www.cloudflare.com\/cookie-policy<\/a><\/p>\n<p><strong>CONSENTEMENT<\/strong><\/p>\n<p>Lorsque vous acc\u00e9dez \u00e0 notre site Web pour la premi\u00e8re fois, une banni\u00e8re appara\u00eetra afin que vous puissiez acc\u00e9der et conna\u00eetre les cookies que notre site Web utilise et, le cas \u00e9ch\u00e9ant, consentir \u00e0 leur utilisation. Si vous n&#8217;acceptez pas les cookies, seuls les cookies strictement n\u00e9cessaires au fonctionnement du Site ou des applications ou services que vous utilisez seront install\u00e9s sur votre ordinateur.<\/p>\n<p><strong>D\u00c9SACTIVER ET BLOQUER LES COOKIES OU RETIRER MON CONSENTEMENT<\/strong><\/p>\n<p>En cualquier caso, le informamos de que, dado que las cookies no todas las cookies son imprescindibles para el uso de nuestro Sitio Web, podr\u00e1s bloquearla o deshabilitarlas activando la configuraci\u00f3n de su navegador que le permite rechazar la instalaci\u00f3n de todas las cookies o de algunas d&#8217;elles. La plupart des navigateurs vous permettent d&#8217;avertir de la pr\u00e9sence de cookies ou de les rejeter automatiquement. Si vous les refusez, vous pouvez continuer \u00e0 utiliser notre site Web, bien que l&#8217;utilisation de certains de ses services puisse \u00eatre limit\u00e9e et donc votre exp\u00e9rience sur notre site Web moins satisfaisante. Pour plus d&#8217;informations sur la suppression, la d\u00e9sactivation ou le blocage des cookies, veuillez visiter : <a href=\"http:\/\/www.aboutcookies.org\/Default.aspx?page%3D2\">http:\/\/www.aboutcookies.org\/Default.aspx?page=2<\/a><\/p>\n<p><span style=\"text-decoration: underline;\">Vous pouvez \u00e9galement trouver des informations sur la fa\u00e7on de le faire dans les liens suivants en fonction du navigateur que vous utilisez :<\/span><\/p>\n<p><a href=\"https:\/\/support.mozilla.org\/es\/kb\/habilitar-y-deshabilitar-cookies-sitios-web-rastrear-preferencias\">https:\/\/support.mozilla.org\/es\/kb\/habilitar-y-deshabilitar-cookies-sitios-web-rastrear-preferencia<\/a><\/p>\n<p><a href=\"http:\/\/support.google.com\/chrome\/bin\/answer.py?hl%3Des%26answer%3D95647\">http:\/\/support.google.com\/chrome\/bin\/answer.py?hl=es&amp;answer=95647<\/a><\/p>\n<p><a href=\"http:\/\/windows.microsoft.com\/es-es\/windows7\/how-to-manage-cookies-in-internet-explorer-9\">http:\/\/windows.microsoft.com\/es-es\/windows7\/how-to-manage-cookies-in-internet-explorer-9<\/a><\/p>\n<p><a href=\"http:\/\/support.apple.com\/kb\/ph5042\">http:\/\/support.apple.com\/kb\/ph5042<\/a><\/p>\n<p><a href=\"http:\/\/help.opera.com\/Windows\/11.50\/es-ES\/cookies.html\">http:\/\/help.opera.com\/Windows\/11.50\/es-ES\/cookies.html<\/a><\/p>\n<p>Si vous le souhaitez, vous pouvez regarder les vid\u00e9os d\u00e9velopp\u00e9es par l&#8217;Agence espagnole de protection des donn\u00e9es afin d&#8217;expliquer comment configurer les options de confidentialit\u00e9 \u00e0 partir de diff\u00e9rentes plates-formes et \u00e9quipements.<a href=\"https:\/\/www.aepd.es\/\">https:\/\/www.aepd.es\/<\/a><\/p>\n<p><strong>MODIFICATIONS DE LA POLITIQUE DE COOKIES<\/strong><\/p>\n<p> [\/et_pb_blurb][\/et_pb_column][\/et_pb_row][\/et_pb_section]<\/p>\n","protected":false},"excerpt":{"rendered":"<p>POLITIQUE DE COOKIES Le responsable du site Web www.monkeysoil.com (le \u00abSite Web\u00bb) est Monkey Fertilizers SL, qui peut utiliser une technologie appel\u00e9e \u00abcookies\u00bb dans celui-ci afin de collecter des informations sur l&#8217;utilisation du site Web. Nous vous informons que nous pouvons utiliser des cookies afin de faciliter votre navigation sur le Site, de vous distinguer [&hellip;]<\/p>\n","protected":false},"author":3,"featured_media":0,"parent":0,"menu_order":100,"comment_status":"closed","ping_status":"closed","template":"","meta":{"_acf_changed":false,"_et_pb_use_builder":"on","_et_pb_old_content":"","_et_gb_content_width":"","footnotes":""},"class_list":["post-3252","page","type-page","status-publish","hentry"],"acf":[],"_links":{"self":[{"href":"https:\/\/monkeysoil.com\/fr\/wp-json\/wp\/v2\/pages\/3252","targetHints":{"allow":["GET"]}}],"collection":[{"href":"https:\/\/monkeysoil.com\/fr\/wp-json\/wp\/v2\/pages"}],"about":[{"href":"https:\/\/monkeysoil.com\/fr\/wp-json\/wp\/v2\/types\/page"}],"author":[{"embeddable":true,"href":"https:\/\/monkeysoil.com\/fr\/wp-json\/wp\/v2\/users\/3"}],"replies":[{"embeddable":true,"href":"https:\/\/monkeysoil.com\/fr\/wp-json\/wp\/v2\/comments?post=3252"}],"version-history":[{"count":0,"href":"https:\/\/monkeysoil.com\/fr\/wp-json\/wp\/v2\/pages\/3252\/revisions"}],"wp:attachment":[{"href":"https:\/\/monkeysoil.com\/fr\/wp-json\/wp\/v2\/media?parent=3252"}],"curies":[{"name":"wp","href":"https:\/\/api.w.org\/{rel}","templated":true}]}}