{"id":3231,"date":"2019-07-17T17:59:26","date_gmt":"2019-07-17T15:59:26","guid":{"rendered":"https:\/\/www.monkeysoil.com\/?page_id=3231"},"modified":"2025-08-06T17:48:49","modified_gmt":"2025-08-06T15:48:49","slug":"politique-de-confidentialite","status":"publish","type":"page","link":"https:\/\/monkeysoil.com\/fr\/politique-de-confidentialite\/","title":{"rendered":"Politique de Confidentialit\u00e9"},"content":{"rendered":"<p>[et_pb_section fb_built=&#8221;1&#8243; custom_padding_last_edited=&#8221;on|desktop&#8221; admin_label=&#8221;section&#8221; _builder_version=&#8221;3.22&#8243; background_color=&#8221;rgba(255,255,255,0)&#8221; custom_padding_tablet=&#8221;50px|0|50px|0&#8243; custom_padding_phone=&#8221;&#8221; transparent_background=&#8221;on&#8221; padding_mobile=&#8221;off&#8221; make_fullwidth=&#8221;off&#8221; use_custom_width=&#8221;off&#8221; width_unit=&#8221;on&#8221; global_colors_info=&#8221;{}&#8221;][et_pb_row admin_label=&#8221;row&#8221; _builder_version=&#8221;3.25&#8243; background_size=&#8221;initial&#8221; background_position=&#8221;top_left&#8221; background_repeat=&#8221;repeat&#8221; global_colors_info=&#8221;{}&#8221;][et_pb_column type=&#8221;4_4&#8243; _builder_version=&#8221;3.25&#8243; custom_padding=&#8221;|||&#8221; global_colors_info=&#8221;{}&#8221; custom_padding__hover=&#8221;|||&#8221;][et_pb_blurb title=&#8221;Politique de Confidentialit\u00e9&#8221; content_max_width=&#8221;100%&#8221; admin_label=&#8221;Politique de Confidentialit\u00e9&#8221; module_class=&#8221;anuncio_basico&#8221; _builder_version=&#8221;4.14.1&#8243; header_text_color=&#8221;#3a3a3a&#8221; body_text_color=&#8221;#6b6b6b&#8221; background_size=&#8221;initial&#8221; background_position=&#8221;top_left&#8221; background_repeat=&#8221;repeat&#8221; background_layout=&#8221;dark&#8221; max_width_tablet=&#8221;50px&#8221; hover_enabled=&#8221;0&#8243; use_border_color=&#8221;off&#8221; global_colors_info=&#8221;{}&#8221; sticky_enabled=&#8221;0&#8243;]<\/p>\n<div class=\"rte\">\n<p id=\"responsable\"><strong>1 &#8211; QUI EST RESPONSABLE DU TRAITEMENT DE VOS DONN\u00c9ES ?<\/strong><\/p>\n<p>Le responsable des donn\u00e9es et propri\u00e9taire de la marque et du site Web https:\/\/monkeysoil.com est Monkey Fertilizers SL, une soci\u00e9t\u00e9 commerciale ayant son si\u00e8ge social \u00e0 c \/ Col\u00f3n, 586 Nave 9 08228 Terrassa, avec NIF : ESB75968362 (ci-apr\u00e8s Monkey Soil)<\/p>\n<p>L&#8217;adresse de Monkey Soil est \u00e0 :<\/p>\n<p>c \/ Colom, 586 Nef 9 &#8211; 08228 Terrassa, Barcelone<\/p>\n<p>T. +34 937 006 548<br \/><a href=\"mailto:info@monkeysoil.com\">info@monkeysoil.com<\/a><\/p>\n<p id=\"tratamiento\"><strong>2- DANS QUEL BUT TRAITONS-NOUS VOS DONN\u00c9ES PERSONNELLES ?<\/strong><\/p>\n<p>Chez Monkey Soil, nous traitons les donn\u00e9es personnelles que vous nous fournissez afin de r\u00e9pondre \u00e0 la demande d&#8217;informations que vous nous envoyez, vous fournir des informations sur nos produits, g\u00e9rer en interne et en externe les commandes en ligne que vous nous passez, ainsi que se conformer aux obligations questions juridiques d\u00e9coulant de ces activit\u00e9s.<\/p>\n<p>Les donn\u00e9es collect\u00e9es lors de votre navigation sont trait\u00e9es dans le but de donner acc\u00e8s au contenu en ligne du web, ainsi que de r\u00e9pondre aux demandes des internautes, en gardant un enregistrement statistique des visites (adresses IP, donn\u00e9es du navigateur, pays, page consult\u00e9e , etc.) \u00e0 des fins statistiques ou pour appliquer des mesures visant \u00e0 am\u00e9liorer la s\u00e9curit\u00e9 du Web.<\/p>\n<p id=\"legitimacion\"><strong>3- QUELLE EST LA L\u00c9GITIMATION POUR LE TRAITEMENT DE VOS DONN\u00c9ES ?<\/strong><\/p>\n<p>La base l\u00e9gale pour le traitement de vos donn\u00e9es personnelles est votre consentement expr\u00e8s lorsque vous les fournissez pour demander des informations, ou l&#8217;ex\u00e9cution du contrat qui est g\u00e9n\u00e9r\u00e9 lorsque vous souscrivez l&#8217;un de nos produits. La l\u00e9gitimit\u00e9 du traitement des donn\u00e9es personnelles de nos fournisseurs repose sur la relation contractuelle qui est g\u00e9n\u00e9r\u00e9e lorsque nous contractons avec eux. La base l\u00e9gale qui l\u00e9gitime le traitement des donn\u00e9es personnelles de nos travailleurs repose sur la relation de travail qui nous unit.<\/p>\n<p id=\"conservacion\"><strong>4- P\u00c9RIODE DE CONSERVATION Combien de temps conserverons-nous vos donn\u00e9es ?<\/strong><\/p>\n<p>Les donn\u00e9es personnelles que vous nous fournissez seront conserv\u00e9es pendant le temps n\u00e9cessaire pour g\u00e9rer les informations que vous demandez, ainsi que pour g\u00e9rer les achats que vous effectuez de nos produits ou, pour l&#8217;ex\u00e9cution de tout contrat g\u00e9n\u00e9r\u00e9 entre <strong>MONKEY PRODUCTS FERTILIZERS SL<\/strong> et des tiers ou , l&#8217;accomplissement des obligations l\u00e9gales qui nous concernent.<\/p>\n<p>Une fois que les donn\u00e9es ont r\u00e9pondu aux besoins pour lesquels elles ont \u00e9t\u00e9 collect\u00e9es, nous les supprimerons d\u00e9finitivement. Cependant, nous conserverons vos donn\u00e9es plus longtemps si cela est n\u00e9cessaire pour respecter les obligations l\u00e9gales. De m\u00eame, il peut \u00eatre n\u00e9cessaire de les conserver pendant le temps n\u00e9cessaire \u00e0 la prescription des responsabilit\u00e9s contractuelles ou l\u00e9gales qui en d\u00e9coulent.<\/p>\n<p id=\"destinatarios\"><strong>5- A QUELS DESTINATAIRES VOS DONN\u00c9ES SERONT-ELLES COMMUNIQU\u00c9ES ?<\/strong><\/p>\n<p>Au sein de notre organisation, vos donn\u00e9es personnelles seront trait\u00e9es par du personnel d\u00fbment autoris\u00e9 et, si n\u00e9cessaire ou pratique pour atteindre les objectifs indiqu\u00e9s ci-dessus, elles peuvent \u00eatre trait\u00e9es, dans certains cas, par des tiers.<\/p>\n<p>Les cat\u00e9gories de destinataires auxquels vos Donn\u00e9es Personnelles peuvent \u00eatre communiqu\u00e9es sont les suivantes :<\/p>\n<p>\u00e0. Des tiers nomm\u00e9s en charge du traitement, tels que des fournisseurs informatiques, des consultants et des conseillers et d&#8217;autres soci\u00e9t\u00e9s.<\/p>\n<p>b. entit\u00e9s et autorit\u00e9s, y compris, exclusivement afin de se conformer aux obligations l\u00e9gales et r\u00e9glementaires, ainsi qu&#8217;aux exigences des autorit\u00e9s de police \u00e0 leur demande.<\/p>\n<p>c. d&#8217;autres prestataires auxquels, le cas \u00e9ch\u00e9ant, vos donn\u00e9es personnelles peuvent \u00eatre transf\u00e9r\u00e9es \u00e0 d&#8217;autres entit\u00e9s, pour notre fonctionnement normal, telles que les institutions financi\u00e8res, les compagnies d&#8217;assurance, les prestataires de services logistiques, entre autres.<\/p>\n<p>Dans tous les cas, tous auront pr\u00e9alablement sign\u00e9 l&#8217;engagement de confidentialit\u00e9 correspondant conform\u00e9ment \u00e0 la r\u00e9glementation en vigueur en mati\u00e8re de protection des donn\u00e9es personnelles ou seront soumis au devoir de secret professionnel requis par la r\u00e9glementation sectorielle qui les concerne.<\/p>\n<p id=\"derechos\"><strong>6- QUELS SONT VOS DROITS LORSQUE VOUS NOUS FOURNISSEZ VOS DONN\u00c9ES ?<\/strong><\/p>\n<p>Si vous souhaitez exercer les droits que vous accorde la r\u00e9glementation sur la protection des donn\u00e9es, veuillez nous envoyer un email \u00e0 l&#8217;adresse suivante <a href=\"mailto:info@monkeysoil.com\">info@monkeysoil.com<\/a> en <a href=\"mailto:info@monkeysoil.com\">indiquant<\/a> en objet le droit que vous souhaitez exercer et en joignant une copie de votre pi\u00e8ce d&#8217;identit\u00e9 nationale ou passeport ou en envoyant le m\u00eame contenu par courrier \u00e0 MONKEY PRODUCTS TRADE SL c \/ Colom, 586 Nave 9 08228 Terrassa, Barcelone.<\/p>\n<p>Les Droits que la r\u00e9glementation en vigueur reconna\u00eet et que, le cas \u00e9ch\u00e9ant, vous pouvez exercer sont :<\/p>\n<p><span style=\"text-decoration: underline;\">Droit d&#8217;acc\u00e8s aux donn\u00e9es :<\/span><\/p>\n<p>Vous avez le droit pour le responsable du traitement de vous informer si vos donn\u00e9es personnelles sont ou non en cours de traitement, et si le traitement est confirm\u00e9, il permettra votre acc\u00e8s en fournissant les informations suivantes :<\/p>\n<p>-Les finalit\u00e9s du traitement.<br \/>-Les cat\u00e9gories de donn\u00e9es en question.<br \/>-Le terme ou les crit\u00e8res de conservation des donn\u00e9es.<\/p>\n<p><span style=\"text-decoration: underline;\">Droit de rectification des donn\u00e9es :<\/span><\/p>\n<p>Vous aurez le droit pour le responsable du traitement de rectifier vos donn\u00e9es lorsqu&#8217;elles sont inexactes ou incompl\u00e8tes au moyen d&#8217;une d\u00e9claration rectificative suppl\u00e9mentaire.<\/p>\n<p><span style=\"text-decoration: underline;\">Droit de suppression des donn\u00e9es :<\/span><br \/>L&#8217;int\u00e9ress\u00e9 aura le droit pour le responsable du<br \/>traitement de supprimer ses donn\u00e9es lorsque : -Le traitement est ill\u00e9gal.<br \/>-L&#8217;int\u00e9ress\u00e9 a retir\u00e9 son consentement.<br \/>-Elles ne sont plus n\u00e9cessaires au regard des finalit\u00e9s pour lesquelles elles ont \u00e9t\u00e9 collect\u00e9es ou trait\u00e9es.<br \/>-L&#8217;int\u00e9ress\u00e9 a exerc\u00e9 le droit d&#8217;opposition et d&#8217;autres motifs l\u00e9gitimes pour le traitement ne pr\u00e9valent pas.<br \/>-Les donn\u00e9es doivent \u00eatre supprim\u00e9es pour remplir une obligation l\u00e9gale du responsable du traitement.<\/p>\n<p>L&#8217;int\u00e9ress\u00e9 n&#8217;aura pas le droit pour le responsable du traitement de supprimer ses donn\u00e9es lorsque le traitement est n\u00e9cessaire :<\/p>\n<p>-Exercer le droit \u00e0 la libert\u00e9 d&#8217;expression et d&#8217;information.<br \/>-Se conformer \u00e0 une obligation l\u00e9gale du responsable du traitement.<br \/>-Pour la formulation, l&#8217;exercice ou la d\u00e9fense des r\u00e9clamations.<br \/>-Pour l&#8217;int\u00e9r\u00eat public bas\u00e9 sur la l\u00e9gislation en vigueur pour des raisons de sant\u00e9 publique ou \u00e0 des fins de recherche historique, statistique ou scientifique.<\/p>\n<p><span style=\"text-decoration: underline;\">Droit de portabilit\u00e9 des donn\u00e9es:<\/span><\/p>\n<p>Vous avez le droit pour le responsable du traitement de transmettre vos donn\u00e9es \u00e0 un autre responsable du traitement ou \u00e0 la m\u00eame partie int\u00e9ress\u00e9e, via un format structur\u00e9 d&#8217;utilisation r\u00e9guli\u00e8re et de lecture m\u00e9canique, lorsque le traitement est effectu\u00e9 par des moyens automatis\u00e9s et est bas\u00e9 sur:<\/p>\n<p>-Le consentement de l&#8217;int\u00e9ress\u00e9 \u00e0 des fins sp\u00e9cifiques.<br \/>-L&#8217;ex\u00e9cution d&#8217;un contrat ou d&#8217;un avant-contrat avec l&#8217;int\u00e9ress\u00e9.<\/p>\n<p>Le droit \u00e0 la portabilit\u00e9 des donn\u00e9es ne s&#8217;appliquera pas lorsque :<\/p>\n<p>-La transmission est techniquement impossible.<br \/>-Il peut porter atteinte aux droits et libert\u00e9s des tiers.<br \/>-Le traitement a une mission d&#8217;int\u00e9r\u00eat public bas\u00e9e sur la l\u00e9gislation en vigueur.<\/p>\n<p><span style=\"text-decoration: underline;\">Droit de limitation du traitement :<\/span><\/p>\n<p>L&#8217;int\u00e9ress\u00e9 aura le droit de s&#8217;opposer au traitement de ses donn\u00e9es effectu\u00e9 par le responsable du traitement pour des raisons li\u00e9es \u00e0 sa situation particuli\u00e8re, lorsque le traitement est bas\u00e9 sur :<\/p>\n<p>-Marketing direct.<br \/>-D\u00e9veloppement du profil.<br \/>-Int\u00e9r\u00eat l\u00e9gitime du Responsable ou de tiers, \u00e0 condition que les int\u00e9r\u00eats ou droits et libert\u00e9s de l&#8217;int\u00e9ress\u00e9 ne pr\u00e9valent pas, notamment s&#8217;il s&#8217;agit d&#8217;un enfant.<br \/>-Recherche historique, statistique ou scientifique, sauf si le traitement est n\u00e9cessaire pour des raisons d&#8217;int\u00e9r\u00eat public.<\/p>\n<p>M\u00eame si l&#8217;int\u00e9ress\u00e9 s&#8217;oppose au traitement de ses donn\u00e9es, le Responsable peut continuer \u00e0 les traiter tant que l&#8217;int\u00e9r\u00eat l\u00e9gitime du Responsable pr\u00e9vaut sur les int\u00e9r\u00eats ou les droits et libert\u00e9s de l&#8217;int\u00e9ress\u00e9 dans une proc\u00e9dure judiciaire qui le justifie.<br \/>Le responsable doit informer l&#8217;int\u00e9ress\u00e9 du droit de s&#8217;opposer au traitement de ses donn\u00e9es de mani\u00e8re explicite, claire et distincte de toute autre information, lors de la premi\u00e8re communication.<\/p>\n<p><span style=\"text-decoration: underline;\">Droit d&#8217;opposition :<\/span><\/p>\n<p>C&#8217;est le droit de ne pas effectuer leur traitement ou de le cesser lorsque leur consentement au traitement n&#8217;est pas n\u00e9cessaire, en raison du concours d&#8217;un motif l\u00e9gitime et fond\u00e9, li\u00e9 \u00e0 leur situation personnelle sp\u00e9cifique, qui le justifie. , et \u00e0 condition qu&#8217;une loi n&#8217;en dispose pas autrement.<\/p>\n<p><span style=\"text-decoration: underline;\">Droit de ne pas faire l&#8217;objet de profilage :<\/span><\/p>\n<p>L&#8217;int\u00e9ress\u00e9 aura le droit de ne pas \u00eatre soumis \u00e0 un profilage dont le but est d&#8217;adopter des d\u00e9cisions individuelles bas\u00e9es sur un traitement automatis\u00e9 de donn\u00e9es et visant \u00e0 \u00e9valuer, analyser ou pr\u00e9dire les aspects personnels suivants:<\/p>\n<p>-Performance professionnelle.<br \/>-Situation \u00e9conomique.<br \/>-Sant\u00e9.<br \/>-Pr\u00e9f\u00e9rences ou int\u00e9r\u00eats personnels.<br \/>-Fiabilit\u00e9.<br \/>-Comportement.<br \/>-Localisation ou d\u00e9placements de la personne.<\/p>\n<p>Lorsque le profilage repose uniquement sur un traitement automatis\u00e9:<\/p>\n<p>-L&#8217;int\u00e9ress\u00e9 aura le droit d&#8217;\u00eatre inform\u00e9 si la d\u00e9cision qui pourrait \u00eatre prise est susceptible de produire des effets juridiques qui l&#8217;affectent de mani\u00e8re significative.<br \/>-L&#8217;int\u00e9ress\u00e9 aura le droit d&#8217;obtenir une intervention humaine de la part du responsable, d&#8217;exprimer son point de vue et de contester la d\u00e9cision, si le traitement a \u00e9t\u00e9 autoris\u00e9 par :<br \/>-Le consentement explicite de l&#8217;int\u00e9ress\u00e9.<br \/>-Un contrat entre le Responsable et l&#8217;int\u00e9ress\u00e9.<\/p>\n<p>Il ne s&#8217;appliquera pas au droit de ne pas faire l&#8217;objet de profilage lorsque la d\u00e9cision pouvant \u00eatre prise en cons\u00e9quence est autoris\u00e9e par :<\/p>\n<p>-Le consentement explicite de l&#8217;int\u00e9ress\u00e9.<br \/>-Un contrat entre le Responsable et l&#8217;int\u00e9ress\u00e9.<br \/>-Un traitement bas\u00e9 sur la l\u00e9gislation en vigueur.<\/p>\n<p id=\"reclamacion\"><strong>7-R\u00c9CLAMATION DEVANT L&#8217;AUTORIT\u00c9 DE CONTRLE :<\/strong><\/p>\n<p>Dans le cas o\u00f9 vous estimez que Monkey Soil a viol\u00e9 l&#8217;un de vos droits prot\u00e9g\u00e9s par la r\u00e9glementation sur la protection des donn\u00e9es personnelles ou qu&#8217;il a viol\u00e9 toute obligation concernant la protection des donn\u00e9es personnelles, vous avez le droit de d\u00e9poser une r\u00e9clamation aupr\u00e8s de l&#8217;autorit\u00e9 de contr\u00f4le autorit\u00e9 comp\u00e9tente qu&#8217;en Espagne est l&#8217;Agence espagnole de protection des donn\u00e9es situ\u00e9e \u00e0 Calle Jorge Juan, 6. 28001 &#8211; Madrid. T\u00e9l.901 100 099 &#8211; 912 663 517<\/p>\n<p>Vous pouvez \u00e9galement d\u00e9poser une r\u00e9clamation \u00e9lectronique via le si\u00e8ge \u00e9lectronique disponible sur son site Web <a href=\"https:\/\/www.aepd.es\/\">https:\/\/www.aepd.es\/<\/a><\/p>\n<p id=\"legislacion\"><strong>8-L\u00c9GISLATION ET JURIDICTION<\/strong><\/p>\n<p>Cette politique de confidentialit\u00e9 est r\u00e9gie dans chacun de ses extr\u00eames par le R\u00e8glement (UE) 2016\/679 du Parlement europ\u00e9en et du Conseil du 27 avril 2016 relatif \u00e0 la protection des personnes physiques \u00e0 l&#8217;\u00e9gard du traitement des donn\u00e9es \u00e0 caract\u00e8re personnel. donn\u00e9es et la libre circulation de ces donn\u00e9es.<br \/>Elle est \u00e9galement r\u00e9gie par la loi organique 3\/2018, du 5 d\u00e9cembre, relative \u00e0 la protection des donn\u00e9es personnelles et \u00e0 la garantie des droits num\u00e9riques. De m\u00eame, notre site Web est r\u00e9gi par la loi 34\/2002 du 11 juillet sur les services de la soci\u00e9t\u00e9 de l&#8217;information et le commerce \u00e9lectronique.<\/p>\n<p>Tout litige d\u00e9coulant de questions li\u00e9es \u00e0 ce site Web sera exclusivement soumis \u00e0 la juridiction des tribunaux de la ville de Barcelone.<\/p>\n<p id=\"actualizacion\"><strong>9-MISE \u00c0 JOUR<\/strong><\/p>\n<p>Cette politique de confidentialit\u00e9 a \u00e9t\u00e9 mise \u00e0 jour pour la derni\u00e8re fois en <strong>septembre 2020<\/strong> mais peut \u00eatre mise \u00e0 jour \u00e0 tout moment. Nous vous recommandons de le consulter \u00e0 chaque fois que vous acc\u00e9dez \u00e0 notre page au cas o\u00f9 elle aurait \u00e9t\u00e9 modifi\u00e9e.<\/p>\n<\/div>\n<p>[\/et_pb_blurb][\/et_pb_column][\/et_pb_row][\/et_pb_section]<\/p>\n","protected":false},"excerpt":{"rendered":"<p>1 &#8211; QUI EST RESPONSABLE DU TRAITEMENT DE VOS DONN\u00c9ES ? Le responsable des donn\u00e9es et propri\u00e9taire de la marque et du site Web https:\/\/monkeysoil.com est Monkey Fertilizers SL, une soci\u00e9t\u00e9 commerciale ayant son si\u00e8ge social \u00e0 c \/ Col\u00f3n, 586 Nave 9 08228 Terrassa, avec NIF : ESB75968362 (ci-apr\u00e8s Monkey Soil) L&#8217;adresse de Monkey [&hellip;]<\/p>\n","protected":false},"author":3,"featured_media":0,"parent":0,"menu_order":100,"comment_status":"closed","ping_status":"closed","template":"","meta":{"_acf_changed":false,"_et_pb_use_builder":"on","_et_pb_old_content":"","_et_gb_content_width":"","footnotes":""},"class_list":["post-3231","page","type-page","status-publish","hentry"],"acf":[],"_links":{"self":[{"href":"https:\/\/monkeysoil.com\/fr\/wp-json\/wp\/v2\/pages\/3231","targetHints":{"allow":["GET"]}}],"collection":[{"href":"https:\/\/monkeysoil.com\/fr\/wp-json\/wp\/v2\/pages"}],"about":[{"href":"https:\/\/monkeysoil.com\/fr\/wp-json\/wp\/v2\/types\/page"}],"author":[{"embeddable":true,"href":"https:\/\/monkeysoil.com\/fr\/wp-json\/wp\/v2\/users\/3"}],"replies":[{"embeddable":true,"href":"https:\/\/monkeysoil.com\/fr\/wp-json\/wp\/v2\/comments?post=3231"}],"version-history":[{"count":0,"href":"https:\/\/monkeysoil.com\/fr\/wp-json\/wp\/v2\/pages\/3231\/revisions"}],"wp:attachment":[{"href":"https:\/\/monkeysoil.com\/fr\/wp-json\/wp\/v2\/media?parent=3231"}],"curies":[{"name":"wp","href":"https:\/\/api.w.org\/{rel}","templated":true}]}}