{"id":3200,"date":"2019-07-17T17:45:20","date_gmt":"2019-07-17T15:45:20","guid":{"rendered":"https:\/\/www.monkeysoil.com\/?page_id=3200"},"modified":"2021-09-21T12:15:04","modified_gmt":"2021-09-21T10:15:04","slug":"exercice-des-droits","status":"publish","type":"page","link":"https:\/\/monkeysoil.com\/fr\/exercice-des-droits\/","title":{"rendered":"Exercice des droits sur vos donn\u00e9es personnelles"},"content":{"rendered":"<p>[et_pb_section fb_built=&#8221;1&#8243; custom_padding_last_edited=&#8221;on|desktop&#8221; admin_label=&#8221;section&#8221; _builder_version=&#8221;3.22&#8243; background_color=&#8221;rgba(255,255,255,0)&#8221; custom_padding_tablet=&#8221;50px|0|50px|0&#8243; custom_padding_phone=&#8221;&#8221; transparent_background=&#8221;on&#8221; padding_mobile=&#8221;off&#8221; make_fullwidth=&#8221;off&#8221; use_custom_width=&#8221;off&#8221; width_unit=&#8221;on&#8221;][et_pb_row admin_label=&#8221;row&#8221; _builder_version=&#8221;3.25&#8243; background_size=&#8221;initial&#8221; background_position=&#8221;top_left&#8221; background_repeat=&#8221;repeat&#8221;][et_pb_column type=&#8221;4_4&#8243; _builder_version=&#8221;3.25&#8243; custom_padding=&#8221;|||&#8221; custom_padding__hover=&#8221;|||&#8221;][et_pb_blurb title=&#8221;Exercice des droits sur vos donn\u00e9es personnelles &#8221; admin_label=&#8221;Ejerce tus Derechos&#8221; module_class=&#8221;anuncio_basico&#8221; _builder_version=&#8221;4.9.7&#8243; header_text_color=&#8221;#3a3a3a&#8221; body_text_color=&#8221;#6b6b6b&#8221; background_size=&#8221;initial&#8221; background_position=&#8221;top_left&#8221; background_repeat=&#8221;repeat&#8221; background_layout=&#8221;dark&#8221; max_width_tablet=&#8221;50px&#8221; hover_enabled=&#8221;0&#8243; use_border_color=&#8221;off&#8221; content_max_width=&#8221;100%&#8221; sticky_enabled=&#8221;0&#8243;]    <\/p>\n<p style=\"text-align: left;\">Si vous souhaitez exercer les droits que vous accorde la r\u00e9glementation sur la protection des donn\u00e9es, veuillez nous envoyer un courrier \u00e9lectronique \u00e0 l&#8217;adresse suivante <a href=\"mailto:info@monkeysoil.com\">info@monkeysoil.com<\/a> en indiquant le droit exerc\u00e9 en objet et en joignant une copie de votre pi\u00e8ce d&#8217;identit\u00e9 nationale ou passeport.<\/p>\n<p style=\"text-align: left;\">Les droits que vous pouvez exercer sont :<\/p>\n<ul style=\"text-align: left;\">\n<li>Acc\u00e8s aux donn\u00e9es<\/li>\n<li>Rectification des donn\u00e9es<\/li>\n<li>Suppression des donn\u00e9es<\/li>\n<li>Portabilit\u00e9 des donn\u00e9es<\/li>\n<li>Limitation du traitement<\/li>\n<li>Opposition au traitement<\/li>\n<li>Ne pas faire l&#8217;objet de profilage<\/li>\n<\/ul>\n<p style=\"text-align: left;\"><strong><u>Droit d&#8217;acc\u00e8s aux donn\u00e9es :<\/u><\/strong><\/p>\n<p style=\"text-align: left;\">Vous avez le droit que le Responsable vous dise si vos donn\u00e9es personnelles sont en cours de traitement ou non, et dans le cas o\u00f9 le traitement est confirm\u00e9, il permettra votre acc\u00e8s en fournissant les informations suivantes :<\/p>\n<ul style=\"text-align: left;\">\n<li>Les finalit\u00e9s du traitement.<\/li>\n<li>Les cat\u00e9gories de donn\u00e9es en question.<\/li>\n<li>Le terme ou les crit\u00e8res de conservation.<\/li>\n<\/ul>\n<p style=\"text-align: left;\"><strong><u>Droit de rectification des donn\u00e9es :<\/u><\/strong><\/p>\n<p style=\"text-align: left;\">Vous aurez le droit pour le Responsable de rectifier vos donn\u00e9es lorsqu&#8217;elles sont inexactes ou incompl\u00e8tes au moyen d&#8217;une d\u00e9claration rectificative suppl\u00e9mentaire.<\/p>\n<p style=\"text-align: left;\"><strong><u>Droit de suppression des donn\u00e9es<\/u><\/strong><\/p>\n<p style=\"text-align: left;\">L&#8217;int\u00e9ress\u00e9 aura le droit de demander au Responsable de supprimer ses donn\u00e9es, lorsque :<\/p>\n<ul style=\"text-align: left;\">\n<li>Le traitement est ill\u00e9gal.<\/li>\n<li>L&#8217;int\u00e9ress\u00e9 a retir\u00e9 son consentement.<\/li>\n<li>Elles ne sont plus n\u00e9cessaires au regard des finalit\u00e9s pour lesquelles elles ont \u00e9t\u00e9 collect\u00e9es ou trait\u00e9es.<\/li>\n<li>L&#8217;int\u00e9ress\u00e9 a exerc\u00e9 le droit d&#8217;opposition et d&#8217;autres motifs l\u00e9gitimes pour le traitement ne pr\u00e9valent pas.<\/li>\n<li>Les donn\u00e9es doivent \u00eatre supprim\u00e9es pour remplir une obligation l\u00e9gale du Responsable.<\/li>\n<\/ul>\n<p style=\"text-align: left;\">L&#8217;int\u00e9ress\u00e9 n&#8217;aura pas le droit de faire supprimer par le Responsable ses donn\u00e9es lorsque le traitement est n\u00e9cessaire :<\/p>\n<ul style=\"text-align: left;\">\n<li>Exercer le droit \u00e0 la libert\u00e9 d&#8217;expression et d&#8217;information.<\/li>\n<li>Pour remplir une obligation l\u00e9gale du Responsable.<\/li>\n<li>Pour la formulation, l&#8217;exercice ou la d\u00e9fense de r\u00e9clamations.<\/li>\n<li>Pour l&#8217;int\u00e9r\u00eat public bas\u00e9 sur la l\u00e9gislation en vigueur pour des raisons de sant\u00e9 publique ou \u00e0 des fins de recherche historique, statistique ou scientifique.<\/li>\n<\/ul>\n<p style=\"text-align: left;\"><strong><u>Droit de portabilit\u00e9 des donn\u00e9es&nbsp;:<\/u><\/strong><\/p>\n<p style=\"text-align: left;\">Vous avez le droit pour le responsable du traitement de transmettre vos donn\u00e9es \u00e0 un autre responsable du traitement ou \u00e0 la m\u00eame partie int\u00e9ress\u00e9e, via un format structur\u00e9 d&#8217;utilisation r\u00e9guli\u00e8re et de lecture m\u00e9canique, lorsque le traitement est effectu\u00e9 par des moyens automatis\u00e9s et est bas\u00e9 sur&nbsp;:<\/p>\n<ul style=\"text-align: left;\">\n<li>Le consentement de l&#8217;int\u00e9ress\u00e9 \u00e0 des fins sp\u00e9cifiques.<\/li>\n<li>L&#8217;ex\u00e9cution d&#8217;un contrat ou d&#8217;un avant-contrat avec l&#8217;int\u00e9ress\u00e9.<\/li>\n<\/ul>\n<p style=\"text-align: left;\">Le droit \u00e0 la portabilit\u00e9 des donn\u00e9es ne s&#8217;appliquera pas lorsque :<\/p>\n<ul style=\"text-align: left;\">\n<li>La transmission est techniquement impossible.<\/li>\n<li>Elle peut porter atteinte aux droits et libert\u00e9s des tiers.<\/li>\n<li>Le traitement a une mission d&#8217;int\u00e9r\u00eat public bas\u00e9e sur la l\u00e9gislation en vigueur.<\/li>\n<\/ul>\n<p style=\"text-align: left;\"><strong><u>Droit de limitation du traitement :<\/u><\/strong><\/p>\n<p style=\"text-align: left;\">L&#8217;int\u00e9ress\u00e9 aura le droit de s&#8217;opposer au traitement de ses donn\u00e9es effectu\u00e9 par le Responsable pour des raisons li\u00e9es \u00e0 sa situation particuli\u00e8re, lorsque le traitement est bas\u00e9 sur :<\/p>\n<ul style=\"text-align: left;\">\n<li>Marketing direct.<\/li>\n<li>Profilage.<\/li>\n<li>Int\u00e9r\u00eat l\u00e9gitime du Responsable ou de tiers, \u00e0 condition que les int\u00e9r\u00eats ou les droits et libert\u00e9s de l&#8217;int\u00e9ress\u00e9 ne pr\u00e9valent pas, surtout s&#8217;il s&#8217;agit d&#8217;un enfant.<\/li>\n<li>Recherche historique, statistique ou scientifique, sauf si le traitement est n\u00e9cessaire pour des raisons d&#8217;int\u00e9r\u00eat public.<\/li>\n<\/ul>\n<p style=\"text-align: left;\">M\u00eame si l&#8217;int\u00e9ress\u00e9 s&#8217;oppose au traitement de ses donn\u00e9es, le Responsable peut continuer \u00e0 les traiter tant que l&#8217;int\u00e9r\u00eat l\u00e9gitime du Responsable pr\u00e9vaut sur les int\u00e9r\u00eats ou les droits et libert\u00e9s de l&#8217;int\u00e9ress\u00e9 dans une proc\u00e9dure judiciaire qui le justifie.<\/p>\n<p style=\"text-align: left;\">Le responsable doit informer l&#8217;int\u00e9ress\u00e9 du droit de s&#8217;opposer au traitement de ses donn\u00e9es de mani\u00e8re explicite, claire et distincte de toute autre information, lors de la premi\u00e8re communication.<\/p>\n<p style=\"text-align: left;\"><strong><u>Droit d&#8217;opposition<\/u><\/strong><\/p>\n<p style=\"text-align: left;\">C&#8217;est le droit de ne pas effectuer leur traitement ou de le cesser lorsque leur consentement au traitement n&#8217;est pas n\u00e9cessaire, en raison du concours d&#8217;un motif l\u00e9gitime et fond\u00e9, li\u00e9 \u00e0 leur situation personnelle sp\u00e9cifique, qui le justifie. , et \u00e0 condition qu&#8217;une loi n&#8217;en dispose pas autrement.<\/p>\n<p style=\"text-align: left;\"><strong><u>Droit de ne pas faire l&#8217;objet de profilage<\/u><\/strong><\/p>\n<p style=\"text-align: left;\">L&#8217;int\u00e9ress\u00e9 aura le droit de ne pas \u00eatre soumis \u00e0 un profilage dont le but est d&#8217;adopter des d\u00e9cisions individuelles bas\u00e9es sur un traitement automatis\u00e9 de donn\u00e9es et visant \u00e0 \u00e9valuer, analyser ou pr\u00e9dire les aspects personnels suivants&nbsp;:<\/p>\n<ul style=\"text-align: left;\">\n<li>Performances professionnelles.<\/li>\n<li>Situation \u00e9conomique.<\/li>\n<li>Sant\u00e9<\/li>\n<li>Pr\u00e9f\u00e9rences ou int\u00e9r\u00eats personnels.<\/li>\n<li>Fiabilit\u00e9<\/li>\n<li>Comportement<\/li>\n<li>Localisation ou d\u00e9placements de la personne.<\/li>\n<\/ul>\n<p style=\"text-align: left;\">Lorsque le profilage repose uniquement sur un traitement automatis\u00e9&nbsp;:<\/p>\n<ul style=\"text-align: left;\">\n<li>L&#8217;int\u00e9ress\u00e9 aura le droit d&#8217;\u00eatre inform\u00e9 si la d\u00e9cision qui pourrait \u00eatre prise est susceptible de produire des effets juridiques qui l&#8217;affectent de mani\u00e8re significative.<\/li>\n<li>L&#8217;int\u00e9ress\u00e9 aura le droit d&#8217;obtenir une intervention humaine de la part du responsable, d&#8217;exprimer son point de vue et de contester la d\u00e9cision, si le traitement a \u00e9t\u00e9 autoris\u00e9 par&nbsp;:\n<ul>\n<li>Le consentement explicite de l&#8217;int\u00e9ress\u00e9.<\/li>\n<li>Un contrat entre le Responsable et l&#8217;int\u00e9ress\u00e9.<\/li>\n<\/ul>\n<\/li>\n<\/ul>\n<p style=\"text-align: left;\">Il ne s&#8217;appliquera pas au droit de ne pas faire l&#8217;objet de profilage lorsque la d\u00e9cision pouvant \u00eatre prise en cons\u00e9quence est autoris\u00e9e par :<\/p>\n<ul>\n<li style=\"text-align: left;\">Le consentement explicite de l&#8217;int\u00e9ress\u00e9.<\/li>\n<li style=\"text-align: left;\">Un contrat entre le Responsable et l&#8217;int\u00e9ress\u00e9.<\/li>\n<li style=\"text-align: left;\">Un traitement bas\u00e9 sur la l\u00e9gislation en vigueur.<\/li>\n<\/ul>\n<p>[\/et_pb_blurb][\/et_pb_column][\/et_pb_row][\/et_pb_section]<\/p>\n","protected":false},"excerpt":{"rendered":"<p>Si vous souhaitez exercer les droits que vous accorde la r\u00e9glementation sur la protection des donn\u00e9es, veuillez nous envoyer un courrier \u00e9lectronique \u00e0 l&#8217;adresse suivante info@monkeysoil.com en indiquant le droit exerc\u00e9 en objet et en joignant une copie de votre pi\u00e8ce d&#8217;identit\u00e9 nationale ou passeport. Les droits que vous pouvez exercer sont : Acc\u00e8s aux [&hellip;]<\/p>\n","protected":false},"author":3,"featured_media":0,"parent":0,"menu_order":100,"comment_status":"closed","ping_status":"closed","template":"","meta":{"_acf_changed":false,"_et_pb_use_builder":"on","_et_pb_old_content":"","_et_gb_content_width":"","footnotes":""},"class_list":["post-3200","page","type-page","status-publish","hentry"],"acf":[],"_links":{"self":[{"href":"https:\/\/monkeysoil.com\/fr\/wp-json\/wp\/v2\/pages\/3200","targetHints":{"allow":["GET"]}}],"collection":[{"href":"https:\/\/monkeysoil.com\/fr\/wp-json\/wp\/v2\/pages"}],"about":[{"href":"https:\/\/monkeysoil.com\/fr\/wp-json\/wp\/v2\/types\/page"}],"author":[{"embeddable":true,"href":"https:\/\/monkeysoil.com\/fr\/wp-json\/wp\/v2\/users\/3"}],"replies":[{"embeddable":true,"href":"https:\/\/monkeysoil.com\/fr\/wp-json\/wp\/v2\/comments?post=3200"}],"version-history":[{"count":0,"href":"https:\/\/monkeysoil.com\/fr\/wp-json\/wp\/v2\/pages\/3200\/revisions"}],"wp:attachment":[{"href":"https:\/\/monkeysoil.com\/fr\/wp-json\/wp\/v2\/media?parent=3200"}],"curies":[{"name":"wp","href":"https:\/\/api.w.org\/{rel}","templated":true}]}}