{"id":1606,"date":"2018-04-09T18:02:13","date_gmt":"2018-04-09T16:02:13","guid":{"rendered":"https:\/\/www.monkeysoil.com\/?page_id=1606"},"modified":"2024-02-19T17:20:45","modified_gmt":"2024-02-19T16:20:45","slug":"monkey-soil","status":"publish","type":"page","link":"https:\/\/monkeysoil.com\/fr\/monkey-soil\/","title":{"rendered":"Monkey Soil"},"content":{"rendered":"<p>[et_pb_section fb_built=&#8221;1&#8243; custom_padding_last_edited=&#8221;on|desktop&#8221; admin_label=&#8221;section&#8221; _builder_version=&#8221;4.14.1&#8243; background_color=&#8221;rgba(255,255,255,0)&#8221; module_alignment=&#8221;center&#8221; custom_padding_tablet=&#8221;50px|0|50px|0&#8243; custom_padding_phone=&#8221;&#8221; transparent_background=&#8221;on&#8221; padding_mobile=&#8221;off&#8221; make_fullwidth=&#8221;off&#8221; use_custom_width=&#8221;off&#8221; width_unit=&#8221;on&#8221; global_colors_info=&#8221;{}&#8221;][et_pb_row column_structure=&#8221;1_4,3_4&#8243; admin_label=&#8221;row&#8221; _builder_version=&#8221;4.14.1&#8243; background_size=&#8221;initial&#8221; background_position=&#8221;top_left&#8221; background_repeat=&#8221;repeat&#8221; width=&#8221;875px&#8221; module_alignment=&#8221;center&#8221; global_colors_info=&#8221;{}&#8221;][et_pb_column type=&#8221;1_4&#8243; _builder_version=&#8221;3.25&#8243; custom_padding=&#8221;|||&#8221; global_colors_info=&#8221;{}&#8221; custom_padding__hover=&#8221;|||&#8221;][\/et_pb_column][et_pb_column type=&#8221;3_4&#8243; _builder_version=&#8221;3.25&#8243; custom_padding=&#8221;|||&#8221; global_colors_info=&#8221;{}&#8221; custom_padding__hover=&#8221;|||&#8221;][et_pb_text _builder_version=&#8221;4.14.1&#8243; _module_preset=&#8221;default&#8221; hover_enabled=&#8221;0&#8243; global_colors_info=&#8221;{}&#8221; sticky_enabled=&#8221;0&#8243;]<\/p>\n<h1>MONKEY SOIL<\/h1>\n<p><strong>Monkey Soil<\/strong> permet de cultiver de mani\u00e8re naturelle, en suivant les principes que nous observons dans les cycles biologiques de la nature. C&#8217;est ainsi que l&#8217;on peut appr\u00e9cier la v\u00e9ritable personnalit\u00e9 de chaque g\u00e9n\u00e9tique et de chaque esp\u00e8ce.<\/p>\n<p>Nous croyons \u00e0 la durabilit\u00e9 des cultures et \u00e0 la pr\u00e9servation de l&#8217;environnement. C&#8217;est pourquoi nous cr\u00e9ons des produits de haute qualit\u00e9 issus de l&#8217;\u00e9conomie circulaire, en utilisant des compos\u00e9s 100 % organiques dans la plupart de nos formulations.<\/p>\n<p>Visitez le site web de Monkey Soil o\u00f9 vous d\u00e9couvrirez des solutions et des produits pour toutes les tendances. Quel que soit votre profil de cultivateur, vous trouverez une formule Monkey pour vous!<\/p>\n<p>[\/et_pb_text][\/et_pb_column][\/et_pb_row][et_pb_row column_structure=&#8221;1_4,3_4&#8243; admin_label=&#8221;row&#8221; _builder_version=&#8221;4.14.1&#8243; background_size=&#8221;initial&#8221; background_position=&#8221;top_left&#8221; background_repeat=&#8221;repeat&#8221; width=&#8221;875px&#8221; module_alignment=&#8221;center&#8221; global_colors_info=&#8221;{}&#8221;][et_pb_column type=&#8221;1_4&#8243; _builder_version=&#8221;3.25&#8243; custom_padding=&#8221;|||&#8221; global_colors_info=&#8221;{}&#8221; custom_padding__hover=&#8221;|||&#8221;][et_pb_image src=&#8221;https:\/\/monkeysoil.com\/wp-content\/uploads\/formula-pro.png&#8221; title_text=&#8221;formula-pro&#8221; align_tablet=&#8221;center&#8221; align_phone=&#8221;&#8221; align_last_edited=&#8221;on|desktop&#8221; disabled_on=&#8221;on||&#8221; _builder_version=&#8221;4.14.1&#8243; always_center_on_mobile=&#8221;on&#8221; global_colors_info=&#8221;{}&#8221;][\/et_pb_image][\/et_pb_column][et_pb_column type=&#8221;3_4&#8243; _builder_version=&#8221;3.25&#8243; custom_padding=&#8221;|||&#8221; global_colors_info=&#8221;{}&#8221; custom_padding__hover=&#8221;|||&#8221;][et_pb_text _builder_version=&#8221;4.14.1&#8243; _module_preset=&#8221;default&#8221; global_colors_info=&#8221;{}&#8221;]<\/p>\n<h2>FORMULE PRO<\/h2>\n<h3>DES ENGRAIS LIQUIDES FORMUL\u00c9S AVEC DES ACIDES AMIN\u00c9S<\/h3>\n<p>Monkey Soil lance sa nouvelle ligne de nutriments pour nourrir les plantes avec des <strong>produits liquides<\/strong> suivant la philosophie de culture Monkey. Sa formulation r\u00e9volutionnaire contient des <strong>min\u00e9raux essentiels, des probiotiques, des oligo-\u00e9l\u00e9ments et des acides amin\u00e9s libres<\/strong>.<\/p>\n<p>Les <strong>acides amin\u00e9s<\/strong> r\u00e9gulent la plante dans les situations de <strong>stress<\/strong> et am\u00e9liorent la capacit\u00e9 de la plante \u00e0 <strong>absorber les nutriments<\/strong> et l&#8217;eau. Chaque produit contient dans sa composition une proportion plus \u00e9lev\u00e9e d&#8217;acides amin\u00e9s que la plante synth\u00e9tiserait \u00e0 chaque phase. Il s&#8217;agit d&#8217;acides amin\u00e9s libres, totalement utilisables par la plante.<\/p>\n<p>[\/et_pb_text][et_pb_button button_url=&#8221;https:\/\/monkeysoil.com\/fr\/produits\/#engrais-liquides&#8221; button_text=&#8221;aller \u00e0 formula pro&#8221; _builder_version=&#8221;4.14.1&#8243; _module_preset=&#8221;default&#8221; custom_button=&#8221;on&#8221; button_text_size=&#8221;16px&#8221; button_border_radius=&#8221;0px&#8221; button_use_icon=&#8221;off&#8221; global_colors_info=&#8221;{}&#8221;][\/et_pb_button][\/et_pb_column][\/et_pb_row][et_pb_row column_structure=&#8221;1_4,3_4&#8243; admin_label=&#8221;row&#8221; _builder_version=&#8221;4.14.1&#8243; background_size=&#8221;initial&#8221; background_position=&#8221;top_left&#8221; background_repeat=&#8221;repeat&#8221; width=&#8221;875px&#8221; module_alignment=&#8221;center&#8221; global_colors_info=&#8221;{}&#8221;][et_pb_column type=&#8221;1_4&#8243; _builder_version=&#8221;3.25&#8243; custom_padding=&#8221;|||&#8221; global_colors_info=&#8221;{}&#8221; custom_padding__hover=&#8221;|||&#8221;][et_pb_image src=&#8221;https:\/\/monkeysoil.com\/wp-content\/uploads\/super-soil-web.png&#8221; title_text=&#8221;super-soil-web&#8221; align_tablet=&#8221;center&#8221; align_phone=&#8221;&#8221; align_last_edited=&#8221;on|desktop&#8221; disabled_on=&#8221;on||&#8221; _builder_version=&#8221;4.14.1&#8243; always_center_on_mobile=&#8221;on&#8221; global_colors_info=&#8221;{}&#8221;][\/et_pb_image][\/et_pb_column][et_pb_column type=&#8221;3_4&#8243; _builder_version=&#8221;3.25&#8243; custom_padding=&#8221;|||&#8221; global_colors_info=&#8221;{}&#8221; custom_padding__hover=&#8221;|||&#8221;][et_pb_text admin_label=&#8221;super soil text&#8221; _builder_version=&#8221;4.14.1&#8243; _module_preset=&#8221;default&#8221; global_colors_info=&#8221;{}&#8221;]<\/p>\n<h2>SUPER SOIL<\/h2>\n<h3>DES NUTRIMENTS ORGANIQUES SOLIDES<\/h3>\n<p>Le concept de <strong>super sol<\/strong> consiste \u00e0 cr\u00e9er un super substrat qui poss\u00e8de les propri\u00e9t\u00e9s d&#8217;un <strong>sol fertile naturel<\/strong> et 100 % durable o\u00f9 la plante re\u00e7oit la nutrition optimale pour cro\u00eetre en force et en sant\u00e9 tout au long de son cycle de vie. En fertilisant le substrat avec des produits organiques \u00e0 absorption lente, <strong>la plante peut obtenir les diff\u00e9rents nutriments au moment o\u00f9 elle en a besoin et dans la bonne quantit\u00e9<\/strong>.<\/p>\n<p>Dans les sols fertiles \u00e9quilibr\u00e9s se forme un \u00e9cosyst\u00e8me compos\u00e9 de min\u00e9raux, de mati\u00e8res organiques, d&#8217;air, d&#8217;eau, de petite faune et de micro-organismes v\u00e9g\u00e9taux et animaux.<\/p>\n<p>Tous ces \u00e9l\u00e9ments sont interd\u00e9pendants et sont responsables de la lib\u00e9ration des <strong>nutriments<\/strong>, du maintien d&#8217;une <strong>bonne structure<\/strong> du sol et de la <strong>protection<\/strong> <strong>contre les maladies<\/strong>.<\/p>\n<p>[\/et_pb_text][et_pb_button button_url=&#8221;https:\/\/monkeysoil.com\/fr\/produits\/#engrais-solides&#8221; button_text=&#8221;aller \u00e0 SUPER SOIL&#8221; _builder_version=&#8221;4.14.1&#8243; _module_preset=&#8221;default&#8221; custom_button=&#8221;on&#8221; button_text_size=&#8221;16px&#8221; button_border_radius=&#8221;0px&#8221; button_use_icon=&#8221;off&#8221; global_colors_info=&#8221;{}&#8221;][\/et_pb_button][\/et_pb_column][\/et_pb_row][et_pb_row column_structure=&#8221;1_4,3_4&#8243; admin_label=&#8221;row&#8221; _builder_version=&#8221;4.14.1&#8243; background_size=&#8221;initial&#8221; background_position=&#8221;top_left&#8221; background_repeat=&#8221;repeat&#8221; width=&#8221;875px&#8221; module_alignment=&#8221;center&#8221; global_colors_info=&#8221;{}&#8221;][et_pb_column type=&#8221;1_4&#8243; _builder_version=&#8221;3.25&#8243; custom_padding=&#8221;|||&#8221; global_colors_info=&#8221;{}&#8221; custom_padding__hover=&#8221;|||&#8221;][et_pb_image src=&#8221;https:\/\/monkeysoil.com\/wp-content\/uploads\/living-soil-web.png&#8221; title_text=&#8221;living-soil-web&#8221; align_tablet=&#8221;center&#8221; align_phone=&#8221;&#8221; align_last_edited=&#8221;on|desktop&#8221; disabled_on=&#8221;on||&#8221; _builder_version=&#8221;4.14.1&#8243; always_center_on_mobile=&#8221;on&#8221; global_colors_info=&#8221;{}&#8221;][\/et_pb_image][\/et_pb_column][et_pb_column type=&#8221;3_4&#8243; _builder_version=&#8221;3.25&#8243; custom_padding=&#8221;|||&#8221; global_colors_info=&#8221;{}&#8221; custom_padding__hover=&#8221;|||&#8221;][et_pb_text admin_label=&#8221;living soil Text&#8221; _builder_version=&#8221;4.14.1&#8243; _module_preset=&#8221;default&#8221; global_colors_info=&#8221;{}&#8221;]<\/p>\n<h2>LIVING SOIL<\/h2>\n<h3>CULTIVER AVEC DES SUBSTRATS VIVANTS<\/h3>\n<p>Le sol vivant est un substrat vivant dont les <strong>micro-organismes sont les protagonistes<\/strong>. Ils vivent dans le sol et entretiennent une relation symbiotique avec les plantes, les deux s&#8217;aidant mutuellement \u00e0 survivre. Les <strong>micro-organismes<\/strong> prot\u00e8gent les plantes contre les maladies, les parasites et le stress hydrique et <strong>contribuent \u00e0 maintenir la sant\u00e9 et la structure des sols<\/strong>.<\/p>\n<p>Les micro-organismes d\u00e9composent la mati\u00e8re organique du sol et la transforment en mol\u00e9cules inorganiques simples, que les plantes peuvent facilement assimiler. Les champignons aident les racines \u00e0 mieux absorber les nutriments et l&#8217;eau, r\u00e9gulent le pH du sol et l&#8217;oxyg\u00e8nent. En retour, les plantes leur fournissent des nutriments sous forme de sucres et du carbone qu&#8217;ils absorbent de l&#8217;atmosph\u00e8re sous forme de CO2.<\/p>\n<p>[\/et_pb_text][et_pb_button button_url=&#8221;https:\/\/monkeysoil.com\/fr\/produits\/#microvie&#8221; button_text=&#8221;aller \u00e0 LIVING SOIL&#8221; _builder_version=&#8221;4.14.1&#8243; _module_preset=&#8221;default&#8221; custom_button=&#8221;on&#8221; button_text_size=&#8221;16px&#8221; button_border_radius=&#8221;0px&#8221; button_use_icon=&#8221;off&#8221; global_colors_info=&#8221;{}&#8221;][\/et_pb_button][\/et_pb_column][\/et_pb_row][et_pb_row column_structure=&#8221;1_4,3_4&#8243; admin_label=&#8221;row&#8221; _builder_version=&#8221;4.14.1&#8243; background_size=&#8221;initial&#8221; background_position=&#8221;top_left&#8221; background_repeat=&#8221;repeat&#8221; width=&#8221;875px&#8221; module_alignment=&#8221;center&#8221; global_colors_info=&#8221;{}&#8221;][et_pb_column type=&#8221;1_4&#8243; _builder_version=&#8221;3.25&#8243; custom_padding=&#8221;|||&#8221; global_colors_info=&#8221;{}&#8221; custom_padding__hover=&#8221;|||&#8221;][et_pb_image src=&#8221;https:\/\/monkeysoil.com\/wp-content\/uploads\/premium-substrates-web.png&#8221; title_text=&#8221;premium-substrates-web&#8221; align_tablet=&#8221;center&#8221; align_phone=&#8221;&#8221; align_last_edited=&#8221;on|desktop&#8221; disabled_on=&#8221;on||&#8221; _builder_version=&#8221;4.14.1&#8243; always_center_on_mobile=&#8221;on&#8221; global_colors_info=&#8221;{}&#8221;][\/et_pb_image][\/et_pb_column][et_pb_column type=&#8221;3_4&#8243; _builder_version=&#8221;3.25&#8243; custom_padding=&#8221;|||&#8221; global_colors_info=&#8221;{}&#8221; custom_padding__hover=&#8221;|||&#8221;][et_pb_text admin_label=&#8221;premium substrates Text&#8221; _builder_version=&#8221;4.14.1&#8243; _module_preset=&#8221;default&#8221; global_colors_info=&#8221;{}&#8221;]<\/p>\n<h2>DES SUBSTRATS DE QUALIT\u00c9 SUP\u00c9RIEURE<\/h2>\n<h3>DES SOLS FORMUL\u00c9S DE MAIN DE MA\u00ceTRE<\/h3>\n<p>Chez Monkey Soil, nous consid\u00e9rons <strong>le sol comme la m\u00e8re des plantes<\/strong>. Le substrat est la base o\u00f9 elles s&#8217;installent et se d\u00e9veloppent tout au long de leur cycle de vie. Choisir le bon support de culture est la premi\u00e8re \u00e9tape pour cr\u00e9er les conditions ad\u00e9quates pour que chaque g\u00e9n\u00e9tique et chaque esp\u00e8ce v\u00e9g\u00e9tale puissent exprimer leurs qualit\u00e9s authentiques.<\/p>\n<p><strong>Les substrats sont l&#8217;une des sp\u00e9cialit\u00e9s de Monkey Soil<\/strong>. Depuis des ann\u00e9es, nous cr\u00e9ons et recherchons de nouvelles recettes de terre pour satisfaire les cultivateurs les plus exigeants. Nous apportons un soin particulier \u00e0 la <strong>s\u00e9lection des mati\u00e8res premi\u00e8res<\/strong>, en n&#8217;utilisant que des <strong>ingr\u00e9dients de haute qualit\u00e9<\/strong> obtenus gr\u00e2ce \u00e0 des processus respectueux de l&#8217;environnement.<\/p>\n<p>[\/et_pb_text][et_pb_button button_url=&#8221;https:\/\/monkeysoil.com\/fr\/produits\/#substrats&#8221; button_text=&#8221;aller \u00e0 SUbstrats&#8221; _builder_version=&#8221;4.14.1&#8243; _module_preset=&#8221;default&#8221; custom_button=&#8221;on&#8221; button_text_size=&#8221;16px&#8221; button_border_radius=&#8221;0px&#8221; button_use_icon=&#8221;off&#8221; global_colors_info=&#8221;{}&#8221;][\/et_pb_button][\/et_pb_column][\/et_pb_row][\/et_pb_section][et_pb_section fb_built=&#8221;1&#8243; custom_padding_last_edited=&#8221;on|desktop&#8221; disabled_on=&#8221;on|on|on&#8221; admin_label=&#8221;section&#8221; _builder_version=&#8221;4.14.1&#8243; background_color=&#8221;rgba(255,255,255,0)&#8221; custom_padding_tablet=&#8221;50px|0|50px|0&#8243; custom_padding_phone=&#8221;&#8221; transparent_background=&#8221;on&#8221; padding_mobile=&#8221;off&#8221; make_fullwidth=&#8221;off&#8221; use_custom_width=&#8221;off&#8221; width_unit=&#8221;on&#8221; disabled=&#8221;on&#8221; global_colors_info=&#8221;{}&#8221;][et_pb_row _builder_version=&#8221;3.25&#8243; background_size=&#8221;initial&#8221; background_position=&#8221;top_left&#8221; background_repeat=&#8221;repeat&#8221; global_colors_info=&#8221;{}&#8221;][et_pb_column type=&#8221;4_4&#8243; _builder_version=&#8221;3.25&#8243; custom_padding=&#8221;|||&#8221; global_colors_info=&#8221;{}&#8221; custom_padding__hover=&#8221;|||&#8221;][et_pb_text _builder_version=&#8221;4.6.6&#8243; header_text_color=&#8221;#3a3a3a&#8221; text_orientation=&#8221;center&#8221; background_layout=&#8221;dark&#8221; global_colors_info=&#8221;{}&#8221;]<\/p>\n<h1>PRODUCTOS DESTACADOS<\/h1>\n<p>[\/et_pb_text][et_pb_shop type=&#8221;featured&#8221; columns_number=&#8221;4&#8243; orderby=&#8221;menu_order&#8221; _builder_version=&#8221;3.0.106&#8243; global_colors_info=&#8221;{}&#8221;][\/et_pb_shop][\/et_pb_column][\/et_pb_row][\/et_pb_section]<\/p>\n","protected":false},"excerpt":{"rendered":"<p>MONKEY SOIL Monkey Soil permet de cultiver de mani\u00e8re naturelle, en suivant les principes que nous observons dans les cycles biologiques de la nature. C&#8217;est ainsi que l&#8217;on peut appr\u00e9cier la v\u00e9ritable personnalit\u00e9 de chaque g\u00e9n\u00e9tique et de chaque esp\u00e8ce. Nous croyons \u00e0 la durabilit\u00e9 des cultures et \u00e0 la pr\u00e9servation de l&#8217;environnement. C&#8217;est pourquoi [&hellip;]<\/p>\n","protected":false},"author":3,"featured_media":0,"parent":0,"menu_order":10,"comment_status":"closed","ping_status":"closed","template":"","meta":{"_acf_changed":false,"_et_pb_use_builder":"on","_et_pb_old_content":"","_et_gb_content_width":"","footnotes":""},"class_list":["post-1606","page","type-page","status-publish","hentry"],"acf":[],"_links":{"self":[{"href":"https:\/\/monkeysoil.com\/fr\/wp-json\/wp\/v2\/pages\/1606","targetHints":{"allow":["GET"]}}],"collection":[{"href":"https:\/\/monkeysoil.com\/fr\/wp-json\/wp\/v2\/pages"}],"about":[{"href":"https:\/\/monkeysoil.com\/fr\/wp-json\/wp\/v2\/types\/page"}],"author":[{"embeddable":true,"href":"https:\/\/monkeysoil.com\/fr\/wp-json\/wp\/v2\/users\/3"}],"replies":[{"embeddable":true,"href":"https:\/\/monkeysoil.com\/fr\/wp-json\/wp\/v2\/comments?post=1606"}],"version-history":[{"count":0,"href":"https:\/\/monkeysoil.com\/fr\/wp-json\/wp\/v2\/pages\/1606\/revisions"}],"wp:attachment":[{"href":"https:\/\/monkeysoil.com\/fr\/wp-json\/wp\/v2\/media?parent=1606"}],"curies":[{"name":"wp","href":"https:\/\/api.w.org\/{rel}","templated":true}]}}