{"id":1488,"date":"2016-04-19T13:56:03","date_gmt":"2016-04-19T11:56:03","guid":{"rendered":"https:\/\/www.monkeysoil.com\/legales\/"},"modified":"2025-08-06T17:35:11","modified_gmt":"2025-08-06T15:35:11","slug":"conditions-legales","status":"publish","type":"page","link":"https:\/\/monkeysoil.com\/fr\/conditions-legales\/","title":{"rendered":"Mention L\u00e9gales"},"content":{"rendered":"<p>[et_pb_section fb_built=&#8221;1&#8243; custom_padding_last_edited=&#8221;on|desktop&#8221; admin_label=&#8221;section&#8221; _builder_version=&#8221;3.22&#8243; background_color=&#8221;rgba(255,255,255,0)&#8221; custom_padding_tablet=&#8221;50px|0|50px|0&#8243; custom_padding_phone=&#8221;&#8221; transparent_background=&#8221;on&#8221; padding_mobile=&#8221;off&#8221; make_fullwidth=&#8221;off&#8221; use_custom_width=&#8221;off&#8221; width_unit=&#8221;on&#8221; global_colors_info=&#8221;{}&#8221;][et_pb_row admin_label=&#8221;row&#8221; _builder_version=&#8221;3.25&#8243; background_size=&#8221;initial&#8221; background_position=&#8221;top_left&#8221; background_repeat=&#8221;repeat&#8221; global_colors_info=&#8221;{}&#8221;][et_pb_column type=&#8221;4_4&#8243; _builder_version=&#8221;3.25&#8243; custom_padding=&#8221;|||&#8221; global_colors_info=&#8221;{}&#8221; custom_padding__hover=&#8221;|||&#8221;][et_pb_blurb title=&#8221;Mention L\u00e9gales&#8221; content_max_width=&#8221;100%&#8221; admin_label=&#8221;Mention L\u00e9gales&#8221; module_class=&#8221;anuncio_basico aviso-legal&#8221; _builder_version=&#8221;4.14.1&#8243; header_level=&#8221;h1&#8243; header_text_color=&#8221;#3a3a3a&#8221; body_text_color=&#8221;#6b6b6b&#8221; background_size=&#8221;initial&#8221; background_position=&#8221;top_left&#8221; background_repeat=&#8221;repeat&#8221; background_layout=&#8221;dark&#8221; max_width_tablet=&#8221;50px&#8221; hover_enabled=&#8221;0&#8243; use_border_color=&#8221;off&#8221; global_colors_info=&#8221;{}&#8221; sticky_enabled=&#8221;0&#8243;]<\/p>\n<div class=\"rte\">\n<table class=\"aviso-legal\">\n<tbody>\n<tr>\n<td class=\"columna-1\"><strong class=\"num\"><em>1 &#8211; <\/em><\/strong><strong>Responsable du traitement:<\/strong><\/td>\n<td><strong>MONKEY FERTILIZERS SL<\/strong><\/td>\n<td>\n<p class=\"enlace\"><a href=\"https:\/\/monkeysoil.com\/fr\/politique-de-confidentialite\/#responsable\">Plus info.<\/a><\/p>\n<\/td>\n<\/tr>\n<tr>\n<td class=\"columna-1\"><strong class=\"num\"><em>2 &#8211; <\/em><\/strong><strong>Objectif du traitement:<\/strong><\/td>\n<td>R\u00e9pondre aux informations demand\u00e9es, g\u00e9rer les commandes pass\u00e9es par tout moyen ou via le site internet <a href=\"https:\/monkeysoil.com\">https:\/monkeysoil.com<\/a> , la gestion commerciale et administrative de la Soci\u00e9t\u00e9.<\/td>\n<td>\n<p class=\"enlace\"><a href=\"https:\/\/monkeysoil.com\/fr\/politique-de-confidentialite\/#tratamiento\">Plus info.<\/a><\/p>\n<\/td>\n<\/tr>\n<tr>\n<td class=\"columna-1\"><strong class=\"num\"><em>3 &#8211; <\/em><\/strong><strong>L\u00e9gitimation du traitement:<\/strong><\/td>\n<td>Le consentement de l&#8217;utilisateur, le respect des obligations l\u00e9gales, l&#8217;ex\u00e9cution des contrats qui sont g\u00e9n\u00e9r\u00e9s entre la Soci\u00e9t\u00e9 et ses clients ou des tiers et, le cas \u00e9ch\u00e9ant, les int\u00e9r\u00eats l\u00e9gitimes de la Soci\u00e9t\u00e9.<\/td>\n<td>\n<p class=\"enlace\"><a href=\"https:\/\/monkeysoil.com\/fr\/politique-de-confidentialite\/#legitimacion\">Plus info.<\/a><\/p>\n<\/td>\n<\/tr>\n<tr>\n<td class=\"columna-1\"><strong class=\"num\"><em>4 &#8211; <\/em><\/strong><strong>P\u00e9riode de conservation:<\/strong><\/td>\n<td>Tant que dure la l\u00e9gitimation par consentement, la relation contractuelle, l&#8217;obligation l\u00e9gale ou l&#8217;int\u00e9r\u00eat l\u00e9gitime dure.<\/td>\n<td>\n<p class=\"enlace\"><a href=\"https:\/\/monkeysoil.com\/fr\/politique-de-confidentialite\/#conservacion\">Plus info.<\/a><\/p>\n<\/td>\n<\/tr>\n<tr>\n<td class=\"columna-1\"><strong class=\"num\"><em>5 &#8211; <\/em><\/strong><strong>Destinataires:<\/strong><\/td>\n<td>Les donn\u00e9es que vous nous fournissez seront incorpor\u00e9es dans une base de donn\u00e9es appartenant \u00e0 <strong>MONKEY FERTILIZERS SL<\/strong> et ne seront pas transf\u00e9r\u00e9es \u00e0 des tiers, sauf \u00e0 ceux qui doivent n\u00e9cessairement intervenir pour fournir nos services.<\/td>\n<td>\n<p class=\"enlace\"><a href=\"https:\/\/monkeysoil.com\/fr\/politique-de-confidentialite\/#destinatarios\">Plus info.<\/a><\/p>\n<\/td>\n<\/tr>\n<tr>\n<td class=\"columna-1\"><strong class=\"num\"><em>6 &#8211; <\/em><\/strong><strong>Exercice des droits:<\/strong><\/td>\n<td>Acc\u00e9der, rectifier et supprimer vos donn\u00e9es, ainsi que les autres droits pr\u00e9vus par la r\u00e9glementation en vigueur.<\/td>\n<td>\n<p class=\"enlace\"><a href=\"https:\/\/monkeysoil.com\/fr\/politique-de-confidentialite\/#derechos\">Plus info.<\/a><\/p>\n<\/td>\n<\/tr>\n<tr>\n<td class=\"columna-1\"><strong class=\"num\"><em>7 &#8211; <\/em><\/strong><strong>R\u00e9clamation devant l&#8217;Autorit\u00e9 de Contr\u00f4le:<\/strong><\/td>\n<td>Vous pouvez adresser les r\u00e9clamations d\u00e9coulant du traitement de vos donn\u00e9es personnelles \u00e0 l&#8217;Agence espagnole de protection des donn\u00e9es ( <a href=\"http:\/www.aepd.es\">www.aepd.es<\/a> )<\/td>\n<td>\n<p class=\"enlace\"><a href=\"https:\/\/monkeysoil.com\/fr\/politique-de-confidentialite\/#reclamacion\">Plus info.<\/a><\/p>\n<\/td>\n<\/tr>\n<tr>\n<td class=\"columna-1\"><strong class=\"num\"><em>8 &#8211; <\/em><\/strong><strong>L\u00e9gislation et juridiction<\/strong><\/td>\n<td>Cette politique de confidentialit\u00e9 est r\u00e9gie dans chacun de ses extr\u00eames par le R\u00e8glement g\u00e9n\u00e9ral sur la protection des donn\u00e9es de l&#8217;Union europ\u00e9enne et d&#8217;autres r\u00e9glementations espagnoles connexes.<\/td>\n<td>\n<p class=\"enlace\"><a href=\"https:\/\/monkeysoil.com\/fr\/politique-de-confidentialite\/#legislacion\">Plus info.<\/a><\/p>\n<\/td>\n<\/tr>\n<tr>\n<td class=\"columna-1\"><strong class=\"num\"><em>9 &#8211; <\/em><\/strong><strong>Actualisation:<\/strong><\/td>\n<td><a name=\"Fecha_Actual_Texto_1\"><\/a><strong>Septembre 2020<\/strong><\/td>\n<td>\n<p class=\"enlace\"><a href=\"https:\/\/monkeysoil.com\/fr\/politique-de-confidentialite\/#actualizacion\">Plus info.<\/a><\/p>\n<\/td>\n<\/tr>\n<\/tbody>\n<\/table>\n<\/div>\n<p>[\/et_pb_blurb][\/et_pb_column][\/et_pb_row][\/et_pb_section]<\/p>\n","protected":false},"excerpt":{"rendered":"<p>1 &#8211; Responsable du traitement: MONKEY FERTILIZERS SL Plus info. 2 &#8211; Objectif du traitement: R\u00e9pondre aux informations demand\u00e9es, g\u00e9rer les commandes pass\u00e9es par tout moyen ou via le site internet https:\/monkeysoil.com , la gestion commerciale et administrative de la Soci\u00e9t\u00e9. Plus info. 3 &#8211; L\u00e9gitimation du traitement: Le consentement de l&#8217;utilisateur, le respect des [&hellip;]<\/p>\n","protected":false},"author":3,"featured_media":0,"parent":0,"menu_order":100,"comment_status":"closed","ping_status":"closed","template":"","meta":{"_acf_changed":false,"_et_pb_use_builder":"on","_et_pb_old_content":"","_et_gb_content_width":"","footnotes":""},"class_list":["post-1488","page","type-page","status-publish","hentry"],"acf":[],"_links":{"self":[{"href":"https:\/\/monkeysoil.com\/fr\/wp-json\/wp\/v2\/pages\/1488","targetHints":{"allow":["GET"]}}],"collection":[{"href":"https:\/\/monkeysoil.com\/fr\/wp-json\/wp\/v2\/pages"}],"about":[{"href":"https:\/\/monkeysoil.com\/fr\/wp-json\/wp\/v2\/types\/page"}],"author":[{"embeddable":true,"href":"https:\/\/monkeysoil.com\/fr\/wp-json\/wp\/v2\/users\/3"}],"replies":[{"embeddable":true,"href":"https:\/\/monkeysoil.com\/fr\/wp-json\/wp\/v2\/comments?post=1488"}],"version-history":[{"count":0,"href":"https:\/\/monkeysoil.com\/fr\/wp-json\/wp\/v2\/pages\/1488\/revisions"}],"wp:attachment":[{"href":"https:\/\/monkeysoil.com\/fr\/wp-json\/wp\/v2\/media?parent=1488"}],"curies":[{"name":"wp","href":"https:\/\/api.w.org\/{rel}","templated":true}]}}