{"id":1436,"date":"2016-03-09T10:38:33","date_gmt":"2016-03-09T09:38:33","guid":{"rendered":"https:\/\/www.monkeysoil.com\/monkey-soil\/"},"modified":"2024-09-04T11:47:39","modified_gmt":"2024-09-04T09:47:39","slug":"produits","status":"publish","type":"page","link":"https:\/\/monkeysoil.com\/fr\/produits\/","title":{"rendered":"Produits"},"content":{"rendered":"<p>[et_pb_section fb_built=&#8221;1&#8243; custom_padding_last_edited=&#8221;on|desktop&#8221; admin_label=&#8221;section&#8221; _builder_version=&#8221;3.22&#8243; background_color=&#8221;rgba(255,255,255,0)&#8221; custom_padding_tablet=&#8221;50px|0|50px|0&#8243; custom_padding_phone=&#8221;&#8221; transparent_background=&#8221;on&#8221; padding_mobile=&#8221;off&#8221; make_fullwidth=&#8221;off&#8221; use_custom_width=&#8221;off&#8221; width_unit=&#8221;on&#8221; global_colors_info=&#8221;{}&#8221;][et_pb_row admin_label=&#8221;SUBSTRATS ORGANIQUES row&#8221; module_id=&#8221;substrats&#8221; _builder_version=&#8221;4.0.10&#8243; background_size=&#8221;initial&#8221; background_position=&#8221;top_left&#8221; background_repeat=&#8221;repeat&#8221; global_colors_info=&#8221;{}&#8221;][et_pb_column type=&#8221;4_4&#8243; _builder_version=&#8221;3.25&#8243; custom_padding=&#8221;|||&#8221; global_colors_info=&#8221;{}&#8221; custom_padding__hover=&#8221;|||&#8221;][et_pb_text _builder_version=&#8221;4.14.1&#8243; text_text_color=&#8221;#3a3a3a&#8221; header_text_color=&#8221;#3a3a3a&#8221; header_2_text_color=&#8221;#ffffff&#8221; text_orientation=&#8221;center&#8221; background_layout=&#8221;dark&#8221; global_colors_info=&#8221;{}&#8221;]<\/p>\n<h1>SUBSTRATS ORGANIQUES<\/h1>\n<p>Diff\u00e9rents types de substrats organiques fabriqu\u00e9s \u00e0 partir de mati\u00e8res premi\u00e8res s\u00e9lectionn\u00e9es de haute qualit\u00e9.<\/p>\n<p>[\/et_pb_text][et_pb_shop type=&#8221;product_category&#8221; include_categories=&#8221;211&#8243; columns_number=&#8221;4&#8243; orderby=&#8221;menu_order&#8221; hover_overlay_color=&#8221;rgba(0,0,0,0.5)&#8221; admin_label=&#8221;SUBSTRATS ORGANIQUES Woo Products&#8221; _builder_version=&#8221;4.0.10&#8243; global_colors_info=&#8221;{}&#8221;]&nbsp;<br \/>\n[\/et_pb_shop][\/et_pb_column][\/et_pb_row][et_pb_row admin_label=&#8221;ENGRAIS Liquides row&#8221; module_id=&#8221;engrais-liquides&#8221; _builder_version=&#8221;4.14.1&#8243; background_size=&#8221;initial&#8221; background_position=&#8221;top_left&#8221; background_repeat=&#8221;repeat&#8221; global_colors_info=&#8221;{}&#8221;][et_pb_column type=&#8221;4_4&#8243; _builder_version=&#8221;3.25&#8243; custom_padding=&#8221;|||&#8221; global_colors_info=&#8221;{}&#8221; custom_padding__hover=&#8221;|||&#8221;][et_pb_text _builder_version=&#8221;4.14.1&#8243; text_text_color=&#8221;#3a3a3a&#8221; header_text_color=&#8221;#3a3a3a&#8221; header_2_text_color=&#8221;#ffffff&#8221; text_orientation=&#8221;center&#8221; background_layout=&#8221;dark&#8221; global_colors_info=&#8221;{}&#8221;]<\/p>\n<h1>ENGRAIS LIQUIDES<\/h1>\n<p>Des engrais liquides formul\u00e9s avec des acides amin\u00e9s, des min\u00e9raux essentiels, des probiotiques et des oligo-\u00e9l\u00e9ments<\/p>\n<p>[\/et_pb_text][et_pb_shop type=&#8221;product_category&#8221; posts_number=&#8221;99&#8243; include_categories=&#8221;420&#8243; columns_number=&#8221;4&#8243; orderby=&#8221;menu_order&#8221; hover_overlay_color=&#8221;rgba(0,0,0,0.5)&#8221; admin_label=&#8221;ENGRAIS Liquides Woo Products&#8221; _builder_version=&#8221;4.14.1&#8243; global_colors_info=&#8221;{}&#8221;]&nbsp;<br \/>\n[\/et_pb_shop][\/et_pb_column][\/et_pb_row][et_pb_row admin_label=&#8221;ENGRAIS SOLIDES row&#8221; module_id=&#8221;engrais-solides&#8221; _builder_version=&#8221;4.14.1&#8243; background_size=&#8221;initial&#8221; background_position=&#8221;top_left&#8221; background_repeat=&#8221;repeat&#8221; global_colors_info=&#8221;{}&#8221;][et_pb_column type=&#8221;4_4&#8243; _builder_version=&#8221;3.25&#8243; custom_padding=&#8221;|||&#8221; global_colors_info=&#8221;{}&#8221; custom_padding__hover=&#8221;|||&#8221;][et_pb_text _builder_version=&#8221;4.14.1&#8243; text_text_color=&#8221;#3a3a3a&#8221; header_text_color=&#8221;#3a3a3a&#8221; header_2_text_color=&#8221;#ffffff&#8221; text_orientation=&#8221;center&#8221; background_layout=&#8221;dark&#8221; global_colors_info=&#8221;{}&#8221;]<\/p>\n<h1>ENGRAIS SOLIDES<\/h1>\n<p>Des engrais organiques solides qui apportent aux plantes des nutriments d&#8217;origine naturelle<\/p>\n<p>[\/et_pb_text][et_pb_shop type=&#8221;product_category&#8221; include_categories=&#8221;423&#8243; columns_number=&#8221;4&#8243; orderby=&#8221;menu_order&#8221; hover_overlay_color=&#8221;rgba(0,0,0,0.5)&#8221; admin_label=&#8221;ENGRAIS SOLIDES Woo Products&#8221; _builder_version=&#8221;4.14.1&#8243; global_colors_info=&#8221;{}&#8221;]&nbsp;<br \/>\n[\/et_pb_shop][\/et_pb_column][\/et_pb_row][et_pb_row module_id=&#8221;plateaux-germination&#8221; _builder_version=&#8221;4.6.6&#8243; background_size=&#8221;initial&#8221; background_position=&#8221;top_left&#8221; background_repeat=&#8221;repeat&#8221; global_colors_info=&#8221;{}&#8221;][et_pb_column type=&#8221;4_4&#8243; _builder_version=&#8221;3.25&#8243; custom_padding=&#8221;|||&#8221; global_colors_info=&#8221;{}&#8221; custom_padding__hover=&#8221;|||&#8221;][et_pb_text _builder_version=&#8221;4.14.1&#8243; text_text_color=&#8221;#3a3a3a&#8221; header_text_color=&#8221;#3a3a3a&#8221; header_2_text_color=&#8221;#ffffff&#8221; text_orientation=&#8221;center&#8221; background_layout=&#8221;dark&#8221; global_colors_info=&#8221;{}&#8221;]<\/p>\n<h1>PLATEAUX DE GERMINATION PLUGIN<\/h1>\n<p>Plateaux enfichables id\u00e9aux pour la germination des graines et le clonage des plantes<\/p>\n<p>[\/et_pb_text][et_pb_shop type=&#8221;product_category&#8221; include_categories=&#8221;346&#8243; columns_number=&#8221;4&#8243; orderby=&#8221;menu_order&#8221; hover_overlay_color=&#8221;rgba(0,0,0,0.5)&#8221; _builder_version=&#8221;4.6.6&#8243; global_colors_info=&#8221;{}&#8221;]&nbsp;<br \/>\n[\/et_pb_shop][\/et_pb_column][\/et_pb_row][et_pb_row module_id=&#8221;microvie&#8221; _builder_version=&#8221;4.6.6&#8243; background_size=&#8221;initial&#8221; background_position=&#8221;top_left&#8221; background_repeat=&#8221;repeat&#8221; global_colors_info=&#8221;{}&#8221;][et_pb_column type=&#8221;4_4&#8243; _builder_version=&#8221;3.25&#8243; custom_padding=&#8221;|||&#8221; global_colors_info=&#8221;{}&#8221; custom_padding__hover=&#8221;|||&#8221;][et_pb_text _builder_version=&#8221;4.14.1&#8243; text_text_color=&#8221;#3a3a3a&#8221; header_text_color=&#8221;#3a3a3a&#8221; header_2_text_color=&#8221;#ffffff&#8221; text_orientation=&#8221;center&#8221; background_layout=&#8221;dark&#8221; global_colors_info=&#8221;{}&#8221;]<\/p>\n<h1>MICROVIE<\/h1>\n<p>Des micro-organismes qui prot\u00e8gent les plantes contre les maladies, les parasites et le stress hydrique<\/p>\n<p>[\/et_pb_text][et_pb_shop type=&#8221;product_category&#8221; include_categories=&#8221;349&#8243; columns_number=&#8221;4&#8243; orderby=&#8221;menu_order&#8221; hover_overlay_color=&#8221;rgba(0,0,0,0.5)&#8221; _builder_version=&#8221;4.14.1&#8243; hover_enabled=&#8221;0&#8243; global_colors_info=&#8221;{}&#8221; posts_number=&#8221;99&#8243; sticky_enabled=&#8221;0&#8243;]&nbsp;<br \/>\n[\/et_pb_shop][\/et_pb_column][\/et_pb_row][\/et_pb_section]<\/p>\n","protected":false},"excerpt":{"rendered":"<p>SUBSTRATS ORGANIQUES Diff\u00e9rents types de substrats organiques fabriqu\u00e9s \u00e0 partir de mati\u00e8res premi\u00e8res s\u00e9lectionn\u00e9es de haute qualit\u00e9.&nbsp; ENGRAIS LIQUIDES Des engrais liquides formul\u00e9s avec des acides amin\u00e9s, des min\u00e9raux essentiels, des probiotiques et des oligo-\u00e9l\u00e9ments&nbsp; ENGRAIS SOLIDES Des engrais organiques solides qui apportent aux plantes des nutriments d&#8217;origine naturelle&nbsp; PLATEAUX DE GERMINATION PLUGIN Plateaux enfichables [&hellip;]<\/p>\n","protected":false},"author":3,"featured_media":0,"parent":0,"menu_order":2,"comment_status":"closed","ping_status":"closed","template":"","meta":{"_acf_changed":false,"_et_pb_use_builder":"on","_et_pb_old_content":"","_et_gb_content_width":"","footnotes":""},"class_list":["post-1436","page","type-page","status-publish","hentry"],"acf":[],"_links":{"self":[{"href":"https:\/\/monkeysoil.com\/fr\/wp-json\/wp\/v2\/pages\/1436","targetHints":{"allow":["GET"]}}],"collection":[{"href":"https:\/\/monkeysoil.com\/fr\/wp-json\/wp\/v2\/pages"}],"about":[{"href":"https:\/\/monkeysoil.com\/fr\/wp-json\/wp\/v2\/types\/page"}],"author":[{"embeddable":true,"href":"https:\/\/monkeysoil.com\/fr\/wp-json\/wp\/v2\/users\/3"}],"replies":[{"embeddable":true,"href":"https:\/\/monkeysoil.com\/fr\/wp-json\/wp\/v2\/comments?post=1436"}],"version-history":[{"count":0,"href":"https:\/\/monkeysoil.com\/fr\/wp-json\/wp\/v2\/pages\/1436\/revisions"}],"wp:attachment":[{"href":"https:\/\/monkeysoil.com\/fr\/wp-json\/wp\/v2\/media?parent=1436"}],"curies":[{"name":"wp","href":"https:\/\/api.w.org\/{rel}","templated":true}]}}