{"id":25303,"date":"2024-09-03T10:51:58","date_gmt":"2024-09-03T09:28:00","guid":{"rendered":"https:\/\/www.monkeysoil.com\/?post_type=product&#038;p=25303"},"modified":"2024-09-03T11:28:00","modified_gmt":"2024-09-03T09:28:00","slug":"starter-box","status":"publish","type":"product","link":"https:\/\/monkeysoil.com\/de\/produkte\/starter-box\/","title":{"rendered":"Starter Box"},"content":{"rendered":"<p>Kit mit sechs D\u00fcngemitteln f\u00fcr Wachstum und Bl\u00fcte<\/p>\n","protected":false},"excerpt":{"rendered":"<h2>SECHS D\u00dcNGER-KIT F\u00dcR WACHSTUM UND BL\u00dcTE<\/h2>\n<p>Die <strong>Starter Box<\/strong> ist eine Packung mit Formula Pro-D\u00fcngern zur Ern\u00e4hrung und St\u00e4rkung von 3 Pflanzen w\u00e4hrend des gesamten Wachstumszyklus. Es besteht aus <strong>5 Fl\u00fcssigd\u00fcngern und einem Festd\u00fcnger<\/strong>, die alle essentiellen Mineralien, Probiotika, Spurenelemente und freien Aminos\u00e4uren liefern, die f\u00fcr die Ernte k\u00f6stlicher, hochwertiger Bl\u00fcten ben\u00f6tigt werden.<\/p>\n<p>Jeder D\u00fcnger hat eine <strong>spezifische Zusammensetzung f\u00fcr jede Phase des Wachstums und der Bl\u00fcte<\/strong>. Sie liefern Aminos\u00e4uren, die die Pflanze vor Stresssituationen sch\u00fctzen und die F\u00e4higkeit der Pflanze zur Aufnahme von N\u00e4hrstoffen und Wasser verbessern. Dar\u00fcber hinaus haben alle N\u00e4hrstoffe einen niedrigen Chloridgehalt, um eine Versalzung des N\u00e4hrbodens zu vermeiden.<\/p>\n<p><strong>Die Starter Box enth\u00e4lt:<\/strong><br \/>\n<strong>\u00b7<\/strong> <strong>Monkey Grow<\/strong> 250 ml &#8211; Wachstumsd\u00fcnger.<br \/>\n<strong>\u00b7<\/strong> <strong>Monkey Bloom<\/strong> 250 m &#8211; Bl\u00fchd\u00fcnger<br \/>\n<strong>\u00b7<\/strong>\u00a0<strong>Radikal Grow<\/strong> 125 ml &#8211; Biostimulans f\u00fcr das Wachstum<br \/>\n<strong>\u00b7<\/strong> <strong>Explosive Buds<\/strong> 125 ml &#8211; Biostimulierendes Veredelungsmittel<br \/>\n<strong>\u00b7<\/strong> <strong>Doctor M<\/strong> 60 ml &#8211; Antistress-Probiotikum<br \/>\n<strong>\u00b7<\/strong> <strong>Monkey Roots<\/strong> 10 g &#8211; Wurzelanreger<\/p>\n<p>Die Starte Box enth\u00e4lt eine <strong>Anwendungstabelle<\/strong>, in der die w\u00f6chentliche Dosierung der einzelnen Produkte erkl\u00e4rt wird, um die Anwendung auch f\u00fcr unerfahrene Z\u00fcchter zu erleichtern.<\/p>\n","protected":false},"featured_media":25206,"menu_order":77,"comment_status":"closed","ping_status":"closed","template":"","meta":{"_acf_changed":false,"_et_pb_use_builder":"","_et_pb_old_content":"","_et_gb_content_width":""},"product_brand":[],"product_cat":[504,501],"product_tag":[481,480,479,502,503,485],"class_list":{"0":"post-25303","1":"product","2":"type-product","3":"status-publish","4":"has-post-thumbnail","6":"product_cat-flussigdunger","7":"product_cat-dungemittel","8":"product_tag-anbau","9":"product_tag-cannabis-de","10":"product_tag-cannabisanbau","11":"product_tag-dungemittel","12":"product_tag-flussigdunger","13":"product_tag-monkey-de","15":"first","16":"outofstock","17":"taxable","18":"shipping-taxable","19":"purchasable","20":"product-type-simple"},"acf":[],"_links":{"self":[{"href":"https:\/\/monkeysoil.com\/de\/wp-json\/wp\/v2\/product\/25303","targetHints":{"allow":["GET"]}}],"collection":[{"href":"https:\/\/monkeysoil.com\/de\/wp-json\/wp\/v2\/product"}],"about":[{"href":"https:\/\/monkeysoil.com\/de\/wp-json\/wp\/v2\/types\/product"}],"replies":[{"embeddable":true,"href":"https:\/\/monkeysoil.com\/de\/wp-json\/wp\/v2\/comments?post=25303"}],"wp:featuredmedia":[{"embeddable":true,"href":"https:\/\/monkeysoil.com\/de\/wp-json\/wp\/v2\/media\/25206"}],"wp:attachment":[{"href":"https:\/\/monkeysoil.com\/de\/wp-json\/wp\/v2\/media?parent=25303"}],"wp:term":[{"taxonomy":"product_brand","embeddable":true,"href":"https:\/\/monkeysoil.com\/de\/wp-json\/wp\/v2\/product_brand?post=25303"},{"taxonomy":"product_cat","embeddable":true,"href":"https:\/\/monkeysoil.com\/de\/wp-json\/wp\/v2\/product_cat?post=25303"},{"taxonomy":"product_tag","embeddable":true,"href":"https:\/\/monkeysoil.com\/de\/wp-json\/wp\/v2\/product_tag?post=25303"}],"curies":[{"name":"wp","href":"https:\/\/api.w.org\/{rel}","templated":true}]}}