{"id":23543,"date":"2018-03-07T16:06:17","date_gmt":"2024-06-06T14:18:41","guid":{"rendered":"https:\/\/www.monkeysoil.com\/producto\/monkey-myko\/"},"modified":"2024-06-06T16:18:41","modified_gmt":"2024-06-06T14:18:41","slug":"monkey-myko","status":"publish","type":"product","link":"https:\/\/monkeysoil.com\/de\/produkte\/monkey-myko\/","title":{"rendered":"Monkey Myko"},"content":{"rendered":"<p>Mykorrhizapilze und Sporen<\/p>\n","protected":false},"excerpt":{"rendered":"<h2>MYKORRHIZAPILZE UND SPOREN<\/h2>\n<p><strong>Monkey Myko<\/strong> sind <strong>Mykorrhizapilze und Sporen<\/strong>, die als biologische D\u00fcnger und Regulatoren wirken. Es handelt sich um vesikul\u00e4r-arbuskul\u00e4re Endomykorrhizen der Gattung Glomus Iranicum Tenuihypharum. Sie dringen in die Wurzel der Pflanze ein, <strong>st\u00e4rken ihr Wachstum <\/strong> und <strong>erleichtern die Aufnahme von N\u00e4hrstoffen<\/strong>.<\/p>\n<p>Die Anwendung von Monkey Myko <strong>erzeugt robustere Wurzelsysteme <\/strong> und steigert die Verbreitung von Hormonen, die das Wachstum von Sekund\u00e4rwurzeln stimulieren, die der Pflanze mehr Festigkeit verleihen.<\/p>\n<p>Bei ausgewachsenen Pflanzen werden 2-3 g pro Pflanze ausgebracht. F\u00fcr Stecklinge: 1 Gramm pro Setzling. Zur Substratanreicherung: 1 Gramm pro 10 Liter Substrat. Durch Mischen mit Wasser auf den Untergrund auftragen. Gie\u00dfen Sie so nah an der Wurzel wie m\u00f6glich.<\/p>\n","protected":false},"featured_media":23544,"menu_order":152,"comment_status":"open","ping_status":"closed","template":"","meta":{"_acf_changed":false,"_et_pb_use_builder":"","_et_pb_old_content":"","_et_gb_content_width":""},"product_brand":[],"product_cat":[532],"product_tag":[481,486,484,533,474,476],"class_list":{"0":"post-23543","1":"product","2":"type-product","3":"status-publish","4":"has-post-thumbnail","6":"product_cat-microlife-de","7":"product_tag-anbau","8":"product_tag-land","9":"product_tag-landereien","10":"product_tag-monkey-myko-de","11":"product_tag-substrat","12":"product_tag-substrate","14":"first","15":"instock","16":"taxable","17":"shipping-taxable","18":"purchasable","19":"product-type-variable"},"acf":[],"_links":{"self":[{"href":"https:\/\/monkeysoil.com\/de\/wp-json\/wp\/v2\/product\/23543","targetHints":{"allow":["GET"]}}],"collection":[{"href":"https:\/\/monkeysoil.com\/de\/wp-json\/wp\/v2\/product"}],"about":[{"href":"https:\/\/monkeysoil.com\/de\/wp-json\/wp\/v2\/types\/product"}],"replies":[{"embeddable":true,"href":"https:\/\/monkeysoil.com\/de\/wp-json\/wp\/v2\/comments?post=23543"}],"wp:featuredmedia":[{"embeddable":true,"href":"https:\/\/monkeysoil.com\/de\/wp-json\/wp\/v2\/media\/23544"}],"wp:attachment":[{"href":"https:\/\/monkeysoil.com\/de\/wp-json\/wp\/v2\/media?parent=23543"}],"wp:term":[{"taxonomy":"product_brand","embeddable":true,"href":"https:\/\/monkeysoil.com\/de\/wp-json\/wp\/v2\/product_brand?post=23543"},{"taxonomy":"product_cat","embeddable":true,"href":"https:\/\/monkeysoil.com\/de\/wp-json\/wp\/v2\/product_cat?post=23543"},{"taxonomy":"product_tag","embeddable":true,"href":"https:\/\/monkeysoil.com\/de\/wp-json\/wp\/v2\/product_tag?post=23543"}],"curies":[{"name":"wp","href":"https:\/\/api.w.org\/{rel}","templated":true}]}}