{"id":23537,"date":"2021-03-19T12:07:55","date_gmt":"2024-06-06T12:20:24","guid":{"rendered":"https:\/\/www.monkeysoil.com\/producto\/monkey-aktivator\/"},"modified":"2024-06-06T14:20:24","modified_gmt":"2024-06-06T12:20:24","slug":"monkey-aktivator","status":"publish","type":"product","link":"https:\/\/monkeysoil.com\/de\/produkte\/monkey-aktivator\/","title":{"rendered":"Monkey Aktivator"},"content":{"rendered":"<p>Biostimulans zur Aktivierung des Mikrolebens<\/p>\n","protected":false},"excerpt":{"rendered":"<h3>Biostimulans zur Aktivierung des Mikrolebens<\/h3>\n<p><strong>1-Liter-Beh\u00e4lter<\/strong><\/p>\n<p class=\"p1\"><strong>Aktivator <\/strong> von <strong> Monkey Soil <\/strong> ist ein Biostimulans aus 7 verschiedenen Pflanzenextrakten, das den Hormonstoffwechsel der Pflanze reguliert und die Wurzel- und Knospenentwicklung st\u00e4rkt. Die Anwendung von Aktivator auf Ihre Pflanzen f\u00f6rdert die Aktivierung von n\u00fctzlichen Mikroorganismen wie Mykorrhiza und Trichoderma. Es sch\u00fctzt die Pflanze vor Wasser- und Hitzestress, f\u00f6rdert die antioxidative Aktivit\u00e4t und regt durch seinen hohen Auxingehalt das Wachstum an. Kombiniere ihn mit Monkey Myko und Triko, um das Beste aus ihm herauszuholen.<\/p>\n<p class=\"p1\">Aktivator ist ein fl\u00fcssiges Produkt, das durch Verd\u00fcnnen mit dem Bew\u00e4sserungswasser pro Dosis angewendet wird. Empfohlene Dosierung: 2 ml pro Liter Wasser.<\/p>\n","protected":false},"featured_media":23538,"menu_order":92,"comment_status":"closed","ping_status":"closed","template":"","meta":{"_acf_changed":false,"_et_pb_use_builder":"off","_et_pb_old_content":"","_et_gb_content_width":""},"product_brand":[],"product_cat":[504,501],"product_tag":[],"class_list":{"0":"post-23537","1":"product","2":"type-product","3":"status-publish","4":"has-post-thumbnail","6":"product_cat-flussigdunger","7":"product_cat-dungemittel","9":"first","10":"instock","11":"taxable","12":"shipping-taxable","13":"purchasable","14":"product-type-simple"},"acf":[],"_links":{"self":[{"href":"https:\/\/monkeysoil.com\/de\/wp-json\/wp\/v2\/product\/23537","targetHints":{"allow":["GET"]}}],"collection":[{"href":"https:\/\/monkeysoil.com\/de\/wp-json\/wp\/v2\/product"}],"about":[{"href":"https:\/\/monkeysoil.com\/de\/wp-json\/wp\/v2\/types\/product"}],"replies":[{"embeddable":true,"href":"https:\/\/monkeysoil.com\/de\/wp-json\/wp\/v2\/comments?post=23537"}],"wp:featuredmedia":[{"embeddable":true,"href":"https:\/\/monkeysoil.com\/de\/wp-json\/wp\/v2\/media\/23538"}],"wp:attachment":[{"href":"https:\/\/monkeysoil.com\/de\/wp-json\/wp\/v2\/media?parent=23537"}],"wp:term":[{"taxonomy":"product_brand","embeddable":true,"href":"https:\/\/monkeysoil.com\/de\/wp-json\/wp\/v2\/product_brand?post=23537"},{"taxonomy":"product_cat","embeddable":true,"href":"https:\/\/monkeysoil.com\/de\/wp-json\/wp\/v2\/product_cat?post=23537"},{"taxonomy":"product_tag","embeddable":true,"href":"https:\/\/monkeysoil.com\/de\/wp-json\/wp\/v2\/product_tag?post=23537"}],"curies":[{"name":"wp","href":"https:\/\/api.w.org\/{rel}","templated":true}]}}