{"id":23534,"date":"2021-03-19T11:10:41","date_gmt":"2024-06-06T12:15:36","guid":{"rendered":"https:\/\/www.monkeysoil.com\/producto\/monkey-myko-pro\/"},"modified":"2024-06-06T14:15:36","modified_gmt":"2024-06-06T12:15:36","slug":"monkey-myko-pro","status":"publish","type":"product","link":"https:\/\/monkeysoil.com\/de\/produkte\/monkey-myko-pro\/","title":{"rendered":"Monkey Myko Pro"},"content":{"rendered":"<p>Mykorrhizapilze und Sporen<\/p>\n","protected":false},"excerpt":{"rendered":"<h3>Mykorrhizapilze und Sporen<\/h3>\n<p><strong>Beutel mit 100gr.<\/strong><\/p>\n<p class=\"p1\"><span class=\"s1\">Die neue Mykorrhiza-Formulierung von <strong>Monkey Soil <\/strong> aus dem Stamm Rhizoglomus irregulare BEG72, die unglaubliche Ergebnisse in der Landwirtschaft bietet.<span class=\"Apple-converted-space\"> <\/span><\/span><\/p>\n<p class=\"p1\"><span class=\"s1\">Mykorrhizapilze und -sporen sind f\u00fcr die Pflanzen von mehrfachem Nutzen: Sie vergr\u00f6\u00dfern die Wurzelaufnahmefl\u00e4che, sorgen f\u00fcr eine bessere Resistenz gegen Wasserstress und f\u00f6rdern eine ausgewogene Bl\u00fctenbildung. Verbessert die Entwicklung des Wurzelsystems, was zu starken und reichlichen Wurzeln f\u00fchrt.<span class=\"Apple-converted-space\"> <\/span><\/span><\/p>\n<p class=\"p1\"><span class=\"s1\">Vor dem Umpflanzen auf das Substrat auftragen. Empfohlene Dosis 0,5 bis 1 Gramm pro Pflanze. F\u00fcr Erhaltungsdosen alle 5-7 Tage in kleinen Mengen (0,1-0,3 g pro Pflanze) mit Bew\u00e4sserungswasser verd\u00fcnnt ausbringen.<\/span><\/p>\n","protected":false},"featured_media":23535,"menu_order":147,"comment_status":"open","ping_status":"closed","template":"","meta":{"_acf_changed":false,"_et_pb_use_builder":"","_et_pb_old_content":"","_et_gb_content_width":""},"product_brand":[],"product_cat":[532],"product_tag":[481,486,484,533,474,476],"class_list":{"0":"post-23534","1":"product","2":"type-product","3":"status-publish","4":"has-post-thumbnail","6":"product_cat-microlife-de","7":"product_tag-anbau","8":"product_tag-land","9":"product_tag-landereien","10":"product_tag-monkey-myko-de","11":"product_tag-substrat","12":"product_tag-substrate","14":"first","15":"instock","16":"taxable","17":"shipping-taxable","18":"purchasable","19":"product-type-simple"},"acf":[],"_links":{"self":[{"href":"https:\/\/monkeysoil.com\/de\/wp-json\/wp\/v2\/product\/23534","targetHints":{"allow":["GET"]}}],"collection":[{"href":"https:\/\/monkeysoil.com\/de\/wp-json\/wp\/v2\/product"}],"about":[{"href":"https:\/\/monkeysoil.com\/de\/wp-json\/wp\/v2\/types\/product"}],"replies":[{"embeddable":true,"href":"https:\/\/monkeysoil.com\/de\/wp-json\/wp\/v2\/comments?post=23534"}],"wp:featuredmedia":[{"embeddable":true,"href":"https:\/\/monkeysoil.com\/de\/wp-json\/wp\/v2\/media\/23535"}],"wp:attachment":[{"href":"https:\/\/monkeysoil.com\/de\/wp-json\/wp\/v2\/media?parent=23534"}],"wp:term":[{"taxonomy":"product_brand","embeddable":true,"href":"https:\/\/monkeysoil.com\/de\/wp-json\/wp\/v2\/product_brand?post=23534"},{"taxonomy":"product_cat","embeddable":true,"href":"https:\/\/monkeysoil.com\/de\/wp-json\/wp\/v2\/product_cat?post=23534"},{"taxonomy":"product_tag","embeddable":true,"href":"https:\/\/monkeysoil.com\/de\/wp-json\/wp\/v2\/product_tag?post=23534"}],"curies":[{"name":"wp","href":"https:\/\/api.w.org\/{rel}","templated":true}]}}